{"id":1454,"date":"2023-09-19T15:29:04","date_gmt":"2023-09-19T13:29:04","guid":{"rendered":"https:\/\/nck.krakow.pl\/kcc\/en\/?page_id=1454"},"modified":"2023-09-19T15:29:07","modified_gmt":"2023-09-19T13:29:07","slug":"whats-that-noise-i-hear-when-i-shut-my-eyes-really-tightly","status":"publish","type":"page","link":"https:\/\/nck.krakow.pl\/kcc\/en\/whats-that-noise-i-hear-when-i-shut-my-eyes-really-tightly\/","title":{"rendered":"<strong>What\u2019s that noise I hear when I shut my eyes really tightly<\/strong>"},"content":{"rendered":"\n<figure class=\"wp-block-image size-full\"><img loading=\"lazy\" decoding=\"async\" width=\"1024\" height=\"684\" src=\"https:\/\/nck.krakow.pl\/kcc\/en\/wp-content\/uploads\/sites\/4\/2023\/09\/1glownaBaletOFF_TC-12-1024x684-1.jpg\" alt=\"\" class=\"wp-image-1455\" srcset=\"https:\/\/nck.krakow.pl\/kcc\/en\/wp-content\/uploads\/sites\/4\/2023\/09\/1glownaBaletOFF_TC-12-1024x684-1.jpg 1024w, https:\/\/nck.krakow.pl\/kcc\/en\/wp-content\/uploads\/sites\/4\/2023\/09\/1glownaBaletOFF_TC-12-1024x684-1-300x200.jpg 300w, https:\/\/nck.krakow.pl\/kcc\/en\/wp-content\/uploads\/sites\/4\/2023\/09\/1glownaBaletOFF_TC-12-1024x684-1-768x513.jpg 768w\" sizes=\"(max-width: 1024px) 100vw, 1024px\" \/><\/figure>\n\n\n\n<h2 class=\"wp-block-heading\">What\u2019s that noise I hear when I shut my eyes really tightly<\/h2>\n\n\n\n<p><strong>creators<\/strong>: Anna Kami\u0144ska, Aleksandra S\u0142y\u017c, Patryk Durski, Przemys\u0142aw Deg\u00f3rski<\/p>\n\n\n\n<p><strong>premiere<\/strong>: November 18, 2017 BalletOFFFestival<\/p>\n\n\n\n<p><strong>producer:<\/strong> Krakow Choreographic Centre &#8211; Nowa Huta Cultural Centre<\/p>\n\n\n\n<p>The performance was prepared as part of a residency programme at the Krak\u00f3w Choreographic Centre. It was produced in cooperation with the Adam Mickiewicz University in Pozna\u0144. Content-related support: HAT Research Center. Sounds made by muscles can be heard this way: gently place your thumbs in the ear holes so as to cover the outlet of the ear canal; with your elbows up, clench your fists. The perceived sound becomes louder, the stronger you clench your fists. It resembles the rumbling of a thunder rolling in the distance during a storm. Low frequencies predominate, in particular those on the verge of perception, ~20Hz. The sound is connected with the contraction of human skeletal muscles. The performance is like laboratory and interdisciplinary work in nature. Musicians and dancers meet on stage. Through the use of technology, an attempt is made at examining the relationship between sound and movement, finding common spaces and points where both these spheres interpenetrate.<\/p>\n","protected":false},"excerpt":{"rendered":"<p>What\u2019s that noise I hear when I shut my eyes really tightly creators: Anna Kami\u0144ska, Aleksandra S\u0142y\u017c, Patryk Durski, Przemys\u0142aw Deg\u00f3rski premiere: November 18, 2017 BalletOFFFestival producer: Krakow Choreographic Centre &#8211; Nowa Huta Cultural Centre The performance was prepared as part of a residency programme at the Krak\u00f3w Choreographic Centre. It was produced in cooperation [&hellip;]<\/p>\n","protected":false},"author":5,"featured_media":0,"parent":0,"menu_order":0,"comment_status":"closed","ping_status":"closed","template":"","meta":{"footnotes":""},"class_list":["post-1454","page","type-page","status-publish","hentry"],"yoast_head":"<!-- This site is optimized with the Yoast SEO plugin v19.12 - https:\/\/yoast.com\/wordpress\/plugins\/seo\/ -->\n<title>What\u2019s that noise I hear when I shut my eyes really tightly - Krakow Choreographic Centre<\/title>\n<meta name=\"robots\" content=\"index, follow, max-snippet:-1, max-image-preview:large, max-video-preview:-1\" \/>\n<link rel=\"canonical\" href=\"https:\/\/nck.krakow.pl\/kcc\/en\/whats-that-noise-i-hear-when-i-shut-my-eyes-really-tightly\/\" \/>\n<meta property=\"og:locale\" content=\"en_US\" \/>\n<meta property=\"og:type\" content=\"article\" \/>\n<meta property=\"og:title\" content=\"What\u2019s that noise I hear when I shut my eyes really tightly - Krakow Choreographic Centre\" \/>\n<meta property=\"og:description\" content=\"What\u2019s that noise I hear when I shut my eyes really tightly creators: Anna Kami\u0144ska, Aleksandra S\u0142y\u017c, Patryk Durski, Przemys\u0142aw Deg\u00f3rski premiere: November 18, 2017 BalletOFFFestival producer: Krakow Choreographic Centre &#8211; Nowa Huta Cultural Centre The performance was prepared as part of a residency programme at the Krak\u00f3w Choreographic Centre. It was produced in cooperation [&hellip;]\" \/>\n<meta property=\"og:url\" content=\"https:\/\/nck.krakow.pl\/kcc\/en\/whats-that-noise-i-hear-when-i-shut-my-eyes-really-tightly\/\" \/>\n<meta property=\"og:site_name\" content=\"Krakow Choreographic Centre\" \/>\n<meta property=\"article:publisher\" content=\"http:\/\/facebook.com\/kcc.nck\" \/>\n<meta property=\"article:modified_time\" content=\"2023-09-19T13:29:07+00:00\" \/>\n<meta property=\"og:image\" content=\"https:\/\/nck.krakow.pl\/kcc\/en\/wp-content\/uploads\/sites\/4\/2023\/09\/1glownaBaletOFF_TC-12-1024x684-1.jpg\" \/>\n<meta name=\"twitter:card\" content=\"summary_large_image\" \/>\n<meta name=\"twitter:label1\" content=\"Est. reading time\" \/>\n\t<meta name=\"twitter:data1\" content=\"2 minutes\" \/>\n<script type=\"application\/ld+json\" class=\"yoast-schema-graph\">{\"@context\":\"https:\/\/schema.org\",\"@graph\":[{\"@type\":\"WebPage\",\"@id\":\"https:\/\/nck.krakow.pl\/kcc\/en\/whats-that-noise-i-hear-when-i-shut-my-eyes-really-tightly\/\",\"url\":\"https:\/\/nck.krakow.pl\/kcc\/en\/whats-that-noise-i-hear-when-i-shut-my-eyes-really-tightly\/\",\"name\":\"What\u2019s that noise I hear when I shut my eyes really tightly - Krakow Choreographic Centre\",\"isPartOf\":{\"@id\":\"https:\/\/nck.krakow.pl\/kcc\/en\/#website\"},\"datePublished\":\"2023-09-19T13:29:04+00:00\",\"dateModified\":\"2023-09-19T13:29:07+00:00\",\"breadcrumb\":{\"@id\":\"https:\/\/nck.krakow.pl\/kcc\/en\/whats-that-noise-i-hear-when-i-shut-my-eyes-really-tightly\/#breadcrumb\"},\"inLanguage\":\"en-US\",\"potentialAction\":[{\"@type\":\"ReadAction\",\"target\":[\"https:\/\/nck.krakow.pl\/kcc\/en\/whats-that-noise-i-hear-when-i-shut-my-eyes-really-tightly\/\"]}]},{\"@type\":\"BreadcrumbList\",\"@id\":\"https:\/\/nck.krakow.pl\/kcc\/en\/whats-that-noise-i-hear-when-i-shut-my-eyes-really-tightly\/#breadcrumb\",\"itemListElement\":[{\"@type\":\"ListItem\",\"position\":1,\"name\":\"Strona g\u0142\u00f3wna\",\"item\":\"https:\/\/nck.krakow.pl\/kcc\/en\/\"},{\"@type\":\"ListItem\",\"position\":2,\"name\":\"What\u2019s that noise I hear when I shut my eyes really tightly\"}]},{\"@type\":\"WebSite\",\"@id\":\"https:\/\/nck.krakow.pl\/kcc\/en\/#website\",\"url\":\"https:\/\/nck.krakow.pl\/kcc\/en\/\",\"name\":\"Krakow Choreographic Centre\",\"description\":\"\",\"publisher\":{\"@id\":\"https:\/\/nck.krakow.pl\/kcc\/en\/#organization\"},\"potentialAction\":[{\"@type\":\"SearchAction\",\"target\":{\"@type\":\"EntryPoint\",\"urlTemplate\":\"https:\/\/nck.krakow.pl\/kcc\/en\/?s={search_term_string}\"},\"query-input\":\"required name=search_term_string\"}],\"inLanguage\":\"en-US\"},{\"@type\":\"Organization\",\"@id\":\"https:\/\/nck.krakow.pl\/kcc\/en\/#organization\",\"name\":\"Krakow Choreographic Centre\",\"url\":\"https:\/\/nck.krakow.pl\/kcc\/en\/\",\"logo\":{\"@type\":\"ImageObject\",\"inLanguage\":\"en-US\",\"@id\":\"https:\/\/nck.krakow.pl\/kcc\/en\/#\/schema\/logo\/image\/\",\"url\":\"https:\/\/nck.krakow.pl\/kcc\/en\/wp-content\/uploads\/sites\/4\/2020\/04\/cropped-cropped-logo-kcc-2020en.png\",\"contentUrl\":\"https:\/\/nck.krakow.pl\/kcc\/en\/wp-content\/uploads\/sites\/4\/2020\/04\/cropped-cropped-logo-kcc-2020en.png\",\"width\":116,\"height\":55,\"caption\":\"Krakow Choreographic Centre\"},\"image\":{\"@id\":\"https:\/\/nck.krakow.pl\/kcc\/en\/#\/schema\/logo\/image\/\"},\"sameAs\":[\"http:\/\/facebook.com\/kcc.nck\"]}]}<\/script>\n<!-- \/ Yoast SEO plugin. -->","yoast_head_json":{"title":"What\u2019s that noise I hear when I shut my eyes really tightly - Krakow Choreographic Centre","robots":{"index":"index","follow":"follow","max-snippet":"max-snippet:-1","max-image-preview":"max-image-preview:large","max-video-preview":"max-video-preview:-1"},"canonical":"https:\/\/nck.krakow.pl\/kcc\/en\/whats-that-noise-i-hear-when-i-shut-my-eyes-really-tightly\/","og_locale":"en_US","og_type":"article","og_title":"What\u2019s that noise I hear when I shut my eyes really tightly - Krakow Choreographic Centre","og_description":"What\u2019s that noise I hear when I shut my eyes really tightly creators: Anna Kami\u0144ska, Aleksandra S\u0142y\u017c, Patryk Durski, Przemys\u0142aw Deg\u00f3rski premiere: November 18, 2017 BalletOFFFestival producer: Krakow Choreographic Centre &#8211; Nowa Huta Cultural Centre The performance was prepared as part of a residency programme at the Krak\u00f3w Choreographic Centre. It was produced in cooperation [&hellip;]","og_url":"https:\/\/nck.krakow.pl\/kcc\/en\/whats-that-noise-i-hear-when-i-shut-my-eyes-really-tightly\/","og_site_name":"Krakow Choreographic Centre","article_publisher":"http:\/\/facebook.com\/kcc.nck","article_modified_time":"2023-09-19T13:29:07+00:00","og_image":[{"url":"https:\/\/nck.krakow.pl\/kcc\/en\/wp-content\/uploads\/sites\/4\/2023\/09\/1glownaBaletOFF_TC-12-1024x684-1.jpg"}],"twitter_card":"summary_large_image","twitter_misc":{"Est. reading time":"2 minutes"},"schema":{"@context":"https:\/\/schema.org","@graph":[{"@type":"WebPage","@id":"https:\/\/nck.krakow.pl\/kcc\/en\/whats-that-noise-i-hear-when-i-shut-my-eyes-really-tightly\/","url":"https:\/\/nck.krakow.pl\/kcc\/en\/whats-that-noise-i-hear-when-i-shut-my-eyes-really-tightly\/","name":"What\u2019s that noise I hear when I shut my eyes really tightly - Krakow Choreographic Centre","isPartOf":{"@id":"https:\/\/nck.krakow.pl\/kcc\/en\/#website"},"datePublished":"2023-09-19T13:29:04+00:00","dateModified":"2023-09-19T13:29:07+00:00","breadcrumb":{"@id":"https:\/\/nck.krakow.pl\/kcc\/en\/whats-that-noise-i-hear-when-i-shut-my-eyes-really-tightly\/#breadcrumb"},"inLanguage":"en-US","potentialAction":[{"@type":"ReadAction","target":["https:\/\/nck.krakow.pl\/kcc\/en\/whats-that-noise-i-hear-when-i-shut-my-eyes-really-tightly\/"]}]},{"@type":"BreadcrumbList","@id":"https:\/\/nck.krakow.pl\/kcc\/en\/whats-that-noise-i-hear-when-i-shut-my-eyes-really-tightly\/#breadcrumb","itemListElement":[{"@type":"ListItem","position":1,"name":"Strona g\u0142\u00f3wna","item":"https:\/\/nck.krakow.pl\/kcc\/en\/"},{"@type":"ListItem","position":2,"name":"What\u2019s that noise I hear when I shut my eyes really tightly"}]},{"@type":"WebSite","@id":"https:\/\/nck.krakow.pl\/kcc\/en\/#website","url":"https:\/\/nck.krakow.pl\/kcc\/en\/","name":"Krakow Choreographic Centre","description":"","publisher":{"@id":"https:\/\/nck.krakow.pl\/kcc\/en\/#organization"},"potentialAction":[{"@type":"SearchAction","target":{"@type":"EntryPoint","urlTemplate":"https:\/\/nck.krakow.pl\/kcc\/en\/?s={search_term_string}"},"query-input":"required name=search_term_string"}],"inLanguage":"en-US"},{"@type":"Organization","@id":"https:\/\/nck.krakow.pl\/kcc\/en\/#organization","name":"Krakow Choreographic Centre","url":"https:\/\/nck.krakow.pl\/kcc\/en\/","logo":{"@type":"ImageObject","inLanguage":"en-US","@id":"https:\/\/nck.krakow.pl\/kcc\/en\/#\/schema\/logo\/image\/","url":"https:\/\/nck.krakow.pl\/kcc\/en\/wp-content\/uploads\/sites\/4\/2020\/04\/cropped-cropped-logo-kcc-2020en.png","contentUrl":"https:\/\/nck.krakow.pl\/kcc\/en\/wp-content\/uploads\/sites\/4\/2020\/04\/cropped-cropped-logo-kcc-2020en.png","width":116,"height":55,"caption":"Krakow Choreographic Centre"},"image":{"@id":"https:\/\/nck.krakow.pl\/kcc\/en\/#\/schema\/logo\/image\/"},"sameAs":["http:\/\/facebook.com\/kcc.nck"]}]}},"_links":{"self":[{"href":"https:\/\/nck.krakow.pl\/kcc\/en\/wp-json\/wp\/v2\/pages\/1454"}],"collection":[{"href":"https:\/\/nck.krakow.pl\/kcc\/en\/wp-json\/wp\/v2\/pages"}],"about":[{"href":"https:\/\/nck.krakow.pl\/kcc\/en\/wp-json\/wp\/v2\/types\/page"}],"author":[{"embeddable":true,"href":"https:\/\/nck.krakow.pl\/kcc\/en\/wp-json\/wp\/v2\/users\/5"}],"replies":[{"embeddable":true,"href":"https:\/\/nck.krakow.pl\/kcc\/en\/wp-json\/wp\/v2\/comments?post=1454"}],"version-history":[{"count":1,"href":"https:\/\/nck.krakow.pl\/kcc\/en\/wp-json\/wp\/v2\/pages\/1454\/revisions"}],"predecessor-version":[{"id":1456,"href":"https:\/\/nck.krakow.pl\/kcc\/en\/wp-json\/wp\/v2\/pages\/1454\/revisions\/1456"}],"wp:attachment":[{"href":"https:\/\/nck.krakow.pl\/kcc\/en\/wp-json\/wp\/v2\/media?parent=1454"}],"curies":[{"name":"wp","href":"https:\/\/api.w.org\/{rel}","templated":true}]}}