{"id":1332,"date":"2023-04-25T13:43:57","date_gmt":"2023-04-25T11:43:57","guid":{"rendered":"https:\/\/nck.krakow.pl\/kcc\/en\/?page_id=1332"},"modified":"2023-04-25T14:43:08","modified_gmt":"2023-04-25T12:43:08","slug":"jestem-helena","status":"publish","type":"page","link":"https:\/\/nck.krakow.pl\/kcc\/en\/jestem-helena\/","title":{"rendered":"<strong>Jestem Helena \/ Agata Meyer-L\u00fcters, Agnieszka Bednarz<\/strong>"},"content":{"rendered":"\n<figure class=\"wp-block-image size-full\"><img loading=\"lazy\" decoding=\"async\" width=\"960\" height=\"640\" src=\"https:\/\/nck.krakow.pl\/kcc\/en\/wp-content\/uploads\/sites\/4\/2023\/04\/1glownaKMachniewicz_20161120_2016_KCC_BalletOFF_Rezydencje_AMeyerLutersABednarz_JestemHelena_MG_3905_960x960px_q100.jpg\" alt=\"\" class=\"wp-image-1333\" srcset=\"https:\/\/nck.krakow.pl\/kcc\/en\/wp-content\/uploads\/sites\/4\/2023\/04\/1glownaKMachniewicz_20161120_2016_KCC_BalletOFF_Rezydencje_AMeyerLutersABednarz_JestemHelena_MG_3905_960x960px_q100.jpg 960w, https:\/\/nck.krakow.pl\/kcc\/en\/wp-content\/uploads\/sites\/4\/2023\/04\/1glownaKMachniewicz_20161120_2016_KCC_BalletOFF_Rezydencje_AMeyerLutersABednarz_JestemHelena_MG_3905_960x960px_q100-300x200.jpg 300w, https:\/\/nck.krakow.pl\/kcc\/en\/wp-content\/uploads\/sites\/4\/2023\/04\/1glownaKMachniewicz_20161120_2016_KCC_BalletOFF_Rezydencje_AMeyerLutersABednarz_JestemHelena_MG_3905_960x960px_q100-768x512.jpg 768w\" sizes=\"(max-width: 960px) 100vw, 960px\" \/><\/figure>\n\n\n\n<div style=\"height:30px\" aria-hidden=\"true\" class=\"wp-block-spacer\"><\/div>\n\n\n\n<h2 class=\"wp-block-heading\">Jestem Helena \/ Agata Meyer-L\u00fcters, Agnieszka Bednarz<\/h2>\n\n\n\n<p><strong>concept and direction<\/strong>: Agata Meyer-Luters<br><strong>choreography and performance<\/strong>: Agnieszka Bednarz and Agata Meyer-Luters<br><strong>duration<\/strong>: 30 minutes<br><strong>premiere<\/strong>: November 20, 2016 BalletOFFFestival<br><strong>producer<\/strong>: Krakow Choreographic Centre &#8211; Nowa Huta Cultural Centre<\/p>\n\n\n\n<p>The performance was created as part of the residency program at the Krakow Choreographic Center.<\/p>\n\n\n\n<p>The authors received the BEST DUO DANCE PERFORMANCE 2017 award at the Sz\u00f3l\u00f3Du\u00f3 International Dance Festival 2017 in Budapest.<\/p>\n\n\n\n<blockquote class=\"wp-block-quote is-layout-flow wp-block-quote-is-layout-flow\">\n<p><em>I keep walking<\/em><em><br>who could forbid me<br>I have everything to give<br>and I ask for nothing<br>a little battered<br>a little hurt<br>who cares<br>and now I am leaving<br>I won\u2019t tell you for how long<br>or where I\u2019m going<br>\u2013 Julia Hartwig<\/em><\/p>\n<\/blockquote>\n","protected":false},"excerpt":{"rendered":"<p>Jestem Helena \/ Agata Meyer-L\u00fcters, Agnieszka Bednarz concept and direction: Agata Meyer-Luterschoreography and performance: Agnieszka Bednarz and Agata Meyer-Lutersduration: 30 minutespremiere: November 20, 2016 BalletOFFFestivalproducer: Krakow Choreographic Centre &#8211; Nowa Huta Cultural Centre The performance was created as part of the residency program at the Krakow Choreographic Center. The authors received the BEST DUO DANCE [&hellip;]<\/p>\n","protected":false},"author":5,"featured_media":0,"parent":0,"menu_order":0,"comment_status":"closed","ping_status":"closed","template":"","meta":{"footnotes":""},"class_list":["post-1332","page","type-page","status-publish","hentry"],"yoast_head":"<!-- This site is optimized with the Yoast SEO plugin v19.12 - https:\/\/yoast.com\/wordpress\/plugins\/seo\/ -->\n<title>Jestem Helena \/ Agata Meyer-L\u00fcters, Agnieszka Bednarz - Krakow Choreographic Centre<\/title>\n<meta name=\"robots\" content=\"index, follow, max-snippet:-1, max-image-preview:large, max-video-preview:-1\" \/>\n<link rel=\"canonical\" href=\"https:\/\/nck.krakow.pl\/kcc\/en\/jestem-helena\/\" \/>\n<meta property=\"og:locale\" content=\"en_US\" \/>\n<meta property=\"og:type\" content=\"article\" \/>\n<meta property=\"og:title\" content=\"Jestem Helena \/ Agata Meyer-L\u00fcters, Agnieszka Bednarz - Krakow Choreographic Centre\" \/>\n<meta property=\"og:description\" content=\"Jestem Helena \/ Agata Meyer-L\u00fcters, Agnieszka Bednarz concept and direction: Agata Meyer-Luterschoreography and performance: Agnieszka Bednarz and Agata Meyer-Lutersduration: 30 minutespremiere: November 20, 2016 BalletOFFFestivalproducer: Krakow Choreographic Centre &#8211; Nowa Huta Cultural Centre The performance was created as part of the residency program at the Krakow Choreographic Center. The authors received the BEST DUO DANCE [&hellip;]\" \/>\n<meta property=\"og:url\" content=\"https:\/\/nck.krakow.pl\/kcc\/en\/jestem-helena\/\" \/>\n<meta property=\"og:site_name\" content=\"Krakow Choreographic Centre\" \/>\n<meta property=\"article:publisher\" content=\"http:\/\/facebook.com\/kcc.nck\" \/>\n<meta property=\"article:modified_time\" content=\"2023-04-25T12:43:08+00:00\" \/>\n<meta property=\"og:image\" content=\"https:\/\/nck.krakow.pl\/kcc\/en\/wp-content\/uploads\/sites\/4\/2023\/04\/1glownaKMachniewicz_20161120_2016_KCC_BalletOFF_Rezydencje_AMeyerLutersABednarz_JestemHelena_MG_3905_960x960px_q100.jpg\" \/>\n<meta name=\"twitter:card\" content=\"summary_large_image\" \/>\n<meta name=\"twitter:label1\" content=\"Est. reading time\" \/>\n\t<meta name=\"twitter:data1\" content=\"1 minute\" \/>\n<script type=\"application\/ld+json\" class=\"yoast-schema-graph\">{\"@context\":\"https:\/\/schema.org\",\"@graph\":[{\"@type\":\"WebPage\",\"@id\":\"https:\/\/nck.krakow.pl\/kcc\/en\/jestem-helena\/\",\"url\":\"https:\/\/nck.krakow.pl\/kcc\/en\/jestem-helena\/\",\"name\":\"Jestem Helena \/ Agata Meyer-L\u00fcters, Agnieszka Bednarz - Krakow Choreographic Centre\",\"isPartOf\":{\"@id\":\"https:\/\/nck.krakow.pl\/kcc\/en\/#website\"},\"datePublished\":\"2023-04-25T11:43:57+00:00\",\"dateModified\":\"2023-04-25T12:43:08+00:00\",\"breadcrumb\":{\"@id\":\"https:\/\/nck.krakow.pl\/kcc\/en\/jestem-helena\/#breadcrumb\"},\"inLanguage\":\"en-US\",\"potentialAction\":[{\"@type\":\"ReadAction\",\"target\":[\"https:\/\/nck.krakow.pl\/kcc\/en\/jestem-helena\/\"]}]},{\"@type\":\"BreadcrumbList\",\"@id\":\"https:\/\/nck.krakow.pl\/kcc\/en\/jestem-helena\/#breadcrumb\",\"itemListElement\":[{\"@type\":\"ListItem\",\"position\":1,\"name\":\"Strona g\u0142\u00f3wna\",\"item\":\"https:\/\/nck.krakow.pl\/kcc\/en\/\"},{\"@type\":\"ListItem\",\"position\":2,\"name\":\"Jestem Helena \/ Agata Meyer-L\u00fcters, Agnieszka Bednarz\"}]},{\"@type\":\"WebSite\",\"@id\":\"https:\/\/nck.krakow.pl\/kcc\/en\/#website\",\"url\":\"https:\/\/nck.krakow.pl\/kcc\/en\/\",\"name\":\"Krakow Choreographic Centre\",\"description\":\"\",\"publisher\":{\"@id\":\"https:\/\/nck.krakow.pl\/kcc\/en\/#organization\"},\"potentialAction\":[{\"@type\":\"SearchAction\",\"target\":{\"@type\":\"EntryPoint\",\"urlTemplate\":\"https:\/\/nck.krakow.pl\/kcc\/en\/?s={search_term_string}\"},\"query-input\":\"required name=search_term_string\"}],\"inLanguage\":\"en-US\"},{\"@type\":\"Organization\",\"@id\":\"https:\/\/nck.krakow.pl\/kcc\/en\/#organization\",\"name\":\"Krakow Choreographic Centre\",\"url\":\"https:\/\/nck.krakow.pl\/kcc\/en\/\",\"logo\":{\"@type\":\"ImageObject\",\"inLanguage\":\"en-US\",\"@id\":\"https:\/\/nck.krakow.pl\/kcc\/en\/#\/schema\/logo\/image\/\",\"url\":\"https:\/\/nck.krakow.pl\/kcc\/en\/wp-content\/uploads\/sites\/4\/2020\/04\/cropped-cropped-logo-kcc-2020en.png\",\"contentUrl\":\"https:\/\/nck.krakow.pl\/kcc\/en\/wp-content\/uploads\/sites\/4\/2020\/04\/cropped-cropped-logo-kcc-2020en.png\",\"width\":116,\"height\":55,\"caption\":\"Krakow Choreographic Centre\"},\"image\":{\"@id\":\"https:\/\/nck.krakow.pl\/kcc\/en\/#\/schema\/logo\/image\/\"},\"sameAs\":[\"http:\/\/facebook.com\/kcc.nck\"]}]}<\/script>\n<!-- \/ Yoast SEO plugin. -->","yoast_head_json":{"title":"Jestem Helena \/ Agata Meyer-L\u00fcters, Agnieszka Bednarz - Krakow Choreographic Centre","robots":{"index":"index","follow":"follow","max-snippet":"max-snippet:-1","max-image-preview":"max-image-preview:large","max-video-preview":"max-video-preview:-1"},"canonical":"https:\/\/nck.krakow.pl\/kcc\/en\/jestem-helena\/","og_locale":"en_US","og_type":"article","og_title":"Jestem Helena \/ Agata Meyer-L\u00fcters, Agnieszka Bednarz - Krakow Choreographic Centre","og_description":"Jestem Helena \/ Agata Meyer-L\u00fcters, Agnieszka Bednarz concept and direction: Agata Meyer-Luterschoreography and performance: Agnieszka Bednarz and Agata Meyer-Lutersduration: 30 minutespremiere: November 20, 2016 BalletOFFFestivalproducer: Krakow Choreographic Centre &#8211; Nowa Huta Cultural Centre The performance was created as part of the residency program at the Krakow Choreographic Center. The authors received the BEST DUO DANCE [&hellip;]","og_url":"https:\/\/nck.krakow.pl\/kcc\/en\/jestem-helena\/","og_site_name":"Krakow Choreographic Centre","article_publisher":"http:\/\/facebook.com\/kcc.nck","article_modified_time":"2023-04-25T12:43:08+00:00","og_image":[{"url":"https:\/\/nck.krakow.pl\/kcc\/en\/wp-content\/uploads\/sites\/4\/2023\/04\/1glownaKMachniewicz_20161120_2016_KCC_BalletOFF_Rezydencje_AMeyerLutersABednarz_JestemHelena_MG_3905_960x960px_q100.jpg"}],"twitter_card":"summary_large_image","twitter_misc":{"Est. reading time":"1 minute"},"schema":{"@context":"https:\/\/schema.org","@graph":[{"@type":"WebPage","@id":"https:\/\/nck.krakow.pl\/kcc\/en\/jestem-helena\/","url":"https:\/\/nck.krakow.pl\/kcc\/en\/jestem-helena\/","name":"Jestem Helena \/ Agata Meyer-L\u00fcters, Agnieszka Bednarz - Krakow Choreographic Centre","isPartOf":{"@id":"https:\/\/nck.krakow.pl\/kcc\/en\/#website"},"datePublished":"2023-04-25T11:43:57+00:00","dateModified":"2023-04-25T12:43:08+00:00","breadcrumb":{"@id":"https:\/\/nck.krakow.pl\/kcc\/en\/jestem-helena\/#breadcrumb"},"inLanguage":"en-US","potentialAction":[{"@type":"ReadAction","target":["https:\/\/nck.krakow.pl\/kcc\/en\/jestem-helena\/"]}]},{"@type":"BreadcrumbList","@id":"https:\/\/nck.krakow.pl\/kcc\/en\/jestem-helena\/#breadcrumb","itemListElement":[{"@type":"ListItem","position":1,"name":"Strona g\u0142\u00f3wna","item":"https:\/\/nck.krakow.pl\/kcc\/en\/"},{"@type":"ListItem","position":2,"name":"Jestem Helena \/ Agata Meyer-L\u00fcters, Agnieszka Bednarz"}]},{"@type":"WebSite","@id":"https:\/\/nck.krakow.pl\/kcc\/en\/#website","url":"https:\/\/nck.krakow.pl\/kcc\/en\/","name":"Krakow Choreographic Centre","description":"","publisher":{"@id":"https:\/\/nck.krakow.pl\/kcc\/en\/#organization"},"potentialAction":[{"@type":"SearchAction","target":{"@type":"EntryPoint","urlTemplate":"https:\/\/nck.krakow.pl\/kcc\/en\/?s={search_term_string}"},"query-input":"required name=search_term_string"}],"inLanguage":"en-US"},{"@type":"Organization","@id":"https:\/\/nck.krakow.pl\/kcc\/en\/#organization","name":"Krakow Choreographic Centre","url":"https:\/\/nck.krakow.pl\/kcc\/en\/","logo":{"@type":"ImageObject","inLanguage":"en-US","@id":"https:\/\/nck.krakow.pl\/kcc\/en\/#\/schema\/logo\/image\/","url":"https:\/\/nck.krakow.pl\/kcc\/en\/wp-content\/uploads\/sites\/4\/2020\/04\/cropped-cropped-logo-kcc-2020en.png","contentUrl":"https:\/\/nck.krakow.pl\/kcc\/en\/wp-content\/uploads\/sites\/4\/2020\/04\/cropped-cropped-logo-kcc-2020en.png","width":116,"height":55,"caption":"Krakow Choreographic Centre"},"image":{"@id":"https:\/\/nck.krakow.pl\/kcc\/en\/#\/schema\/logo\/image\/"},"sameAs":["http:\/\/facebook.com\/kcc.nck"]}]}},"_links":{"self":[{"href":"https:\/\/nck.krakow.pl\/kcc\/en\/wp-json\/wp\/v2\/pages\/1332"}],"collection":[{"href":"https:\/\/nck.krakow.pl\/kcc\/en\/wp-json\/wp\/v2\/pages"}],"about":[{"href":"https:\/\/nck.krakow.pl\/kcc\/en\/wp-json\/wp\/v2\/types\/page"}],"author":[{"embeddable":true,"href":"https:\/\/nck.krakow.pl\/kcc\/en\/wp-json\/wp\/v2\/users\/5"}],"replies":[{"embeddable":true,"href":"https:\/\/nck.krakow.pl\/kcc\/en\/wp-json\/wp\/v2\/comments?post=1332"}],"version-history":[{"count":3,"href":"https:\/\/nck.krakow.pl\/kcc\/en\/wp-json\/wp\/v2\/pages\/1332\/revisions"}],"predecessor-version":[{"id":1379,"href":"https:\/\/nck.krakow.pl\/kcc\/en\/wp-json\/wp\/v2\/pages\/1332\/revisions\/1379"}],"wp:attachment":[{"href":"https:\/\/nck.krakow.pl\/kcc\/en\/wp-json\/wp\/v2\/media?parent=1332"}],"curies":[{"name":"wp","href":"https:\/\/api.w.org\/{rel}","templated":true}]}}