{"id":1277,"date":"2023-04-12T15:57:31","date_gmt":"2023-04-12T13:57:31","guid":{"rendered":"https:\/\/nck.krakow.pl\/kcc\/en\/?page_id=1277"},"modified":"2023-04-13T10:50:46","modified_gmt":"2023-04-13T08:50:46","slug":"krakow-dance-festival-2022","status":"publish","type":"page","link":"https:\/\/nck.krakow.pl\/kcc\/en\/krakow-dance-festival-2022\/","title":{"rendered":"KRAKOW DANCE FESTIVAL 2022"},"content":{"rendered":"\n<p><strong>Krakow Dance Festival<\/strong><\/p>\n\n\n\n<p><strong>HERE AND NOW INTO INFINITY<\/strong><\/p>\n\n\n\n<p><strong>1\u20138 August 2022<\/strong><\/p>\n\n\n\n<figure class=\"wp-block-image size-full\"><img loading=\"lazy\" decoding=\"async\" width=\"1024\" height=\"576\" src=\"https:\/\/nck.krakow.pl\/kcc\/en\/wp-content\/uploads\/sites\/4\/2023\/04\/image.png\" alt=\"\" class=\"wp-image-1278\" srcset=\"https:\/\/nck.krakow.pl\/kcc\/en\/wp-content\/uploads\/sites\/4\/2023\/04\/image.png 1024w, https:\/\/nck.krakow.pl\/kcc\/en\/wp-content\/uploads\/sites\/4\/2023\/04\/image-300x169.png 300w, https:\/\/nck.krakow.pl\/kcc\/en\/wp-content\/uploads\/sites\/4\/2023\/04\/image-768x432.png 768w\" sizes=\"(max-width: 1024px) 100vw, 1024px\" \/><\/figure>\n\n\n\n<p>This year\u2019s edition of the Krakow Dance Festival, entitled&nbsp;<em>HERE AND NOW INTO INFINITY,<\/em>&nbsp;was held between 1 and 7&nbsp;August 2022. The programme included both Polish and international dance performances, movement workshops, lectures, and a number of accompanying events held at the Nowa Huta Cultural Centre and at the Hevre restaurant and club. The idea of the festival is to highlight the potential of contemporary dance, both as a separate form of art and in combination with other fields of art, and to release the dancers\u2019, choreographers\u2019, performers\u2019, and other artists\u2019 creative energy.<\/p>\n\n\n\n<p>Krak\u00f3w Dance Festival is a new initiative of the Krak\u00f3w Choreographic Centre, merging the previous KCC brands: the SPACER Contemporary Dance Festival, the 3\u20262\u20261\u2026 DANCE! choreography competition, and the BalletOFFFestival into one international event organised on a much larger scale.<\/p>\n\n\n\n<p><em><strong>Programme (2022):<\/strong><\/em><\/p>\n\n\n\n<p><strong>1.08<\/strong><strong><br><\/strong>19:00 |&nbsp;<a href=\"https:\/\/nck.krakow.pl\/kcc\/krakowski-festiwal-tanca-2022\/the-lions-den\/\"><strong>\u201cThe Lion\u2019s Den\u201d \u2013 POCKETART \/ Johana Pockov\u00e1, Sabina Bo\u010dkov\u00e1<\/strong><\/a><\/p>\n\n\n\n<p><strong>2.08<br><\/strong>18:30 |&nbsp;<a href=\"https:\/\/nck.krakow.pl\/kcc\/krakowski-festiwal-tanca-2022\/the-voice-of-seniors\/\" target=\"_blank\" rel=\"noreferrer noopener\"><strong>PREMIERE: \u201cThe voice of seniors\u201d \u2013 Barbara Bujakowska, Karol Mi\u0119kina, \u0141ukasz Laxy<\/strong><\/a><br>20:00 |&nbsp;<a href=\"https:\/\/nck.krakow.pl\/kcc\/the-others\/\"><strong>\u201cThe Others\u201d- ANTON LACHKY COMPANY<\/strong><\/a><\/p>\n\n\n\n<p><strong>3.08<br><\/strong>19:00 |&nbsp;<a href=\"https:\/\/nck.krakow.pl\/kcc\/krakowski-festiwal-tanca-2022\/misspiece\/\"><strong>\u201cMISSPIECE\u201d \u2013 Dominika Wiak<\/strong><\/a><br>20:00 |&nbsp;<a href=\"https:\/\/nck.krakow.pl\/kcc\/krakowski-festiwal-tanca-2022\/cafe-muller\/\"><strong>\u201cCaf\u00e9 M\u00fcller\u201d \u2013 Dominik Wi\u0119cek<\/strong><\/a><\/p>\n\n\n\n<p><strong>4.08<br><\/strong>18:00 |&nbsp;<a href=\"https:\/\/nck.krakow.pl\/kcc\/krakowski-festiwal-tanca-2022\/tymczasowe-nosniki-krajobrazu\/\"><strong>PREMIERE: \u201cTymczasowe no\u015bniki krajobrazu\u201d \u2013 Aleksandra Bo\u017cek-Muszy\u0144ska, Gieorgij Puchalski, RESIDENCY KCC<\/strong><\/a><br>20:30 |&nbsp;<a href=\"https:\/\/nck.krakow.pl\/kcc\/krakowski-festiwal-tanca-2022\/visual-ambient-jam-session\/\"><strong>VISUAL AMBIENT JAM SESSION<\/strong><\/a><\/p>\n\n\n\n<p><strong>5.08<br><\/strong>17:00 |&nbsp;<a href=\"https:\/\/nck.krakow.pl\/kcc\/krakowski-festiwal-tanca-2022\/11-edycja-konkursu-choreograficznego-321taniec\/\"><strong>11. edition of 3\u20262\u20261\u2026DANCE!&nbsp;<\/strong><\/a><strong>choreographic competition<\/strong><\/p>\n\n\n\n<p><strong>6.08<br><\/strong>20:00 |&nbsp;<a href=\"https:\/\/nck.krakow.pl\/kcc\/krakowski-festiwal-tanca-2022\/guppy-13\/\"><strong>PREMIERE: \u201cGuppy 13\u201d \u2013 Wojtek Klimczyk, Filip Kogut, Klaudyna Schubert, Marta Wo\u0142owiec<\/strong><\/a><\/p>\n\n\n\n<p><strong>7.08<\/strong><strong><br><\/strong>19:00 |&nbsp;<a href=\"https:\/\/nck.krakow.pl\/kcc\/krakowski-festiwal-tanca-2022\/czesci-ciala\/\"><strong>\u201cCz\u0119\u015bci cia\u0142a\u201d \u2013 Ramona Nagabczy\u0144ska<\/strong><\/a><br><\/p>\n\n\n\n<p><strong>Accompanying events:<\/strong><\/p>\n\n\n\n<p><strong>9.06-31.08<\/strong>&nbsp;<strong><a href=\"https:\/\/nck.krakow.pl\/kcc\/krakowski-festiwal-tanca-2022\/krakowski-festiwal-tanca-wystawa\/\">Krakow Dance Festival \u2013 photography exibition of Klaudyna Schubert<\/a><\/strong><strong>&nbsp;works<\/strong><br><strong>12,19,26.07<\/strong>&nbsp;<strong><a href=\"https:\/\/nck.krakow.pl\/kcc\/krakowski-festiwal-tanca-2022\/nieskonczone-cialo-spotkania-online-z-wojtkiem-klimczykiem\/\">Infinity body \u2013 online meetings with Wojtek Klimczyk<\/a><\/strong><br><strong>1-7.08&nbsp;critic workshops&nbsp;<\/strong><a href=\"https:\/\/nck.krakow.pl\/kcc\/krakowski-festiwal-tanca-2022\/warsztaty-krytyki\/\"><strong>&nbsp;leading: Hanna Raszewska-Kursa<\/strong><\/a><br><br><strong><\/strong><\/p>\n\n\n\n<p><strong>Workshops:<\/strong><\/p>\n\n\n\n<p><strong>1-5.08<\/strong>&nbsp;<strong>Luohan Qigong outdoor workshops<\/strong><br><strong>1-5.08<\/strong>&nbsp;<strong>movement workshops for basics and advanced dancers<\/strong><br><strong>6-7.08<\/strong>&nbsp;<strong>Gaga People, Gaga Dancers with Natalia Iwaniec<\/strong><\/p>\n\n\n\n<figure class=\"wp-block-embed is-type-video is-provider-vimeo wp-block-embed-vimeo\"><div class=\"wp-block-embed__wrapper\">\n<iframe loading=\"lazy\" title=\"2. KRAKOWSKI FESTIWAL TA\u0143CA | 2. KRAKOW DANCE FESTIVAL\" src=\"https:\/\/player.vimeo.com\/video\/755103362?h=b3881cefcf&amp;dnt=1&amp;app_id=122963\" width=\"768\" height=\"432\" frameborder=\"0\" allow=\"autoplay; fullscreen; picture-in-picture\" allowfullscreen><\/iframe>\n<\/div><\/figure>\n\n\n\n<figure class=\"wp-block-image size-large is-resized\"><img loading=\"lazy\" decoding=\"async\" src=\"https:\/\/nck.krakow.pl\/kcc\/en\/wp-content\/uploads\/sites\/4\/2023\/02\/DSC0205_fot_klaudyna_schubert-3-1024x683.jpg\" alt=\"\" class=\"wp-image-1217\" width=\"1024\" height=\"683\" srcset=\"https:\/\/nck.krakow.pl\/kcc\/en\/wp-content\/uploads\/sites\/4\/2023\/02\/DSC0205_fot_klaudyna_schubert-3-1024x683.jpg 1024w, https:\/\/nck.krakow.pl\/kcc\/en\/wp-content\/uploads\/sites\/4\/2023\/02\/DSC0205_fot_klaudyna_schubert-3-300x200.jpg 300w, https:\/\/nck.krakow.pl\/kcc\/en\/wp-content\/uploads\/sites\/4\/2023\/02\/DSC0205_fot_klaudyna_schubert-3-768x512.jpg 768w, https:\/\/nck.krakow.pl\/kcc\/en\/wp-content\/uploads\/sites\/4\/2023\/02\/DSC0205_fot_klaudyna_schubert-3-1536x1024.jpg 1536w, https:\/\/nck.krakow.pl\/kcc\/en\/wp-content\/uploads\/sites\/4\/2023\/02\/DSC0205_fot_klaudyna_schubert-3-2048x1366.jpg 2048w\" sizes=\"(max-width: 1024px) 100vw, 1024px\" \/><\/figure>\n\n\n\n<div style=\"height:30px\" aria-hidden=\"true\" class=\"wp-block-spacer\"><\/div>\n\n\n\n<p>Teaser: Aleksander Hordziej<\/p>\n\n\n\n<p>Visual Identity: Zofia Karpowicz, Weronika Cyganik<\/p>\n\n\n\n<p>Photos: Klaudyna Schubert<\/p>\n\n\n\n<figure class=\"wp-block-image\"><img loading=\"lazy\" decoding=\"async\" width=\"1024\" height=\"105\" src=\"https:\/\/nck.krakow.pl\/kcc\/en\/wp-content\/uploads\/sites\/4\/2023\/02\/image-2.png\" alt=\"\" class=\"wp-image-1207\" srcset=\"https:\/\/nck.krakow.pl\/kcc\/en\/wp-content\/uploads\/sites\/4\/2023\/02\/image-2.png 1024w, https:\/\/nck.krakow.pl\/kcc\/en\/wp-content\/uploads\/sites\/4\/2023\/02\/image-2-300x31.png 300w, https:\/\/nck.krakow.pl\/kcc\/en\/wp-content\/uploads\/sites\/4\/2023\/02\/image-2-768x79.png 768w\" sizes=\"(max-width: 1024px) 100vw, 1024px\" \/><\/figure>\n\n\n\n<p><em>Co-funded by the Minister of Culture and National Heritage with resources from the Culture Promotion Fund \u2013 a special purpose state fund, as part of the \u201cDance\u201d programme carried out by the National Institute of Music and Dance.<\/em><\/p>\n","protected":false},"excerpt":{"rendered":"<p>Krakow Dance Festival HERE AND NOW INTO INFINITY 1\u20138 August 2022 This year\u2019s edition of the Krakow Dance Festival, entitled&nbsp;HERE AND NOW INTO INFINITY,&nbsp;was held between 1 and 7&nbsp;August 2022. The programme included both Polish and international dance performances, movement workshops, lectures, and a number of accompanying events held at the Nowa Huta Cultural Centre [&hellip;]<\/p>\n","protected":false},"author":5,"featured_media":0,"parent":0,"menu_order":0,"comment_status":"closed","ping_status":"closed","template":"","meta":{"footnotes":""},"class_list":["post-1277","page","type-page","status-publish","hentry"],"yoast_head":"<!-- This site is optimized with the Yoast SEO plugin v19.12 - https:\/\/yoast.com\/wordpress\/plugins\/seo\/ -->\n<title>KRAKOW DANCE FESTIVAL 2022 - Krakow Choreographic Centre<\/title>\n<meta name=\"robots\" content=\"index, follow, max-snippet:-1, max-image-preview:large, max-video-preview:-1\" \/>\n<link rel=\"canonical\" href=\"https:\/\/nck.krakow.pl\/kcc\/en\/krakow-dance-festival-2022\/\" \/>\n<meta property=\"og:locale\" content=\"en_US\" \/>\n<meta property=\"og:type\" content=\"article\" \/>\n<meta property=\"og:title\" content=\"KRAKOW DANCE FESTIVAL 2022 - Krakow Choreographic Centre\" \/>\n<meta property=\"og:description\" content=\"Krakow Dance Festival HERE AND NOW INTO INFINITY 1\u20138 August 2022 This year\u2019s edition of the Krakow Dance Festival, entitled&nbsp;HERE AND NOW INTO INFINITY,&nbsp;was held between 1 and 7&nbsp;August 2022. The programme included both Polish and international dance performances, movement workshops, lectures, and a number of accompanying events held at the Nowa Huta Cultural Centre [&hellip;]\" \/>\n<meta property=\"og:url\" content=\"https:\/\/nck.krakow.pl\/kcc\/en\/krakow-dance-festival-2022\/\" \/>\n<meta property=\"og:site_name\" content=\"Krakow Choreographic Centre\" \/>\n<meta property=\"article:publisher\" content=\"http:\/\/facebook.com\/kcc.nck\" \/>\n<meta property=\"article:modified_time\" content=\"2023-04-13T08:50:46+00:00\" \/>\n<meta property=\"og:image\" content=\"https:\/\/nck.krakow.pl\/kcc\/en\/wp-content\/uploads\/sites\/4\/2023\/04\/image.png\" \/>\n<meta name=\"twitter:card\" content=\"summary_large_image\" \/>\n<meta name=\"twitter:label1\" content=\"Est. reading time\" \/>\n\t<meta name=\"twitter:data1\" content=\"3 minutes\" \/>\n<script type=\"application\/ld+json\" class=\"yoast-schema-graph\">{\"@context\":\"https:\/\/schema.org\",\"@graph\":[{\"@type\":\"WebPage\",\"@id\":\"https:\/\/nck.krakow.pl\/kcc\/en\/krakow-dance-festival-2022\/\",\"url\":\"https:\/\/nck.krakow.pl\/kcc\/en\/krakow-dance-festival-2022\/\",\"name\":\"KRAKOW DANCE FESTIVAL 2022 - Krakow Choreographic Centre\",\"isPartOf\":{\"@id\":\"https:\/\/nck.krakow.pl\/kcc\/en\/#website\"},\"datePublished\":\"2023-04-12T13:57:31+00:00\",\"dateModified\":\"2023-04-13T08:50:46+00:00\",\"breadcrumb\":{\"@id\":\"https:\/\/nck.krakow.pl\/kcc\/en\/krakow-dance-festival-2022\/#breadcrumb\"},\"inLanguage\":\"en-US\",\"potentialAction\":[{\"@type\":\"ReadAction\",\"target\":[\"https:\/\/nck.krakow.pl\/kcc\/en\/krakow-dance-festival-2022\/\"]}]},{\"@type\":\"BreadcrumbList\",\"@id\":\"https:\/\/nck.krakow.pl\/kcc\/en\/krakow-dance-festival-2022\/#breadcrumb\",\"itemListElement\":[{\"@type\":\"ListItem\",\"position\":1,\"name\":\"Strona g\u0142\u00f3wna\",\"item\":\"https:\/\/nck.krakow.pl\/kcc\/en\/\"},{\"@type\":\"ListItem\",\"position\":2,\"name\":\"KRAKOW DANCE FESTIVAL 2022\"}]},{\"@type\":\"WebSite\",\"@id\":\"https:\/\/nck.krakow.pl\/kcc\/en\/#website\",\"url\":\"https:\/\/nck.krakow.pl\/kcc\/en\/\",\"name\":\"Krakow Choreographic Centre\",\"description\":\"\",\"publisher\":{\"@id\":\"https:\/\/nck.krakow.pl\/kcc\/en\/#organization\"},\"potentialAction\":[{\"@type\":\"SearchAction\",\"target\":{\"@type\":\"EntryPoint\",\"urlTemplate\":\"https:\/\/nck.krakow.pl\/kcc\/en\/?s={search_term_string}\"},\"query-input\":\"required name=search_term_string\"}],\"inLanguage\":\"en-US\"},{\"@type\":\"Organization\",\"@id\":\"https:\/\/nck.krakow.pl\/kcc\/en\/#organization\",\"name\":\"Krakow Choreographic Centre\",\"url\":\"https:\/\/nck.krakow.pl\/kcc\/en\/\",\"logo\":{\"@type\":\"ImageObject\",\"inLanguage\":\"en-US\",\"@id\":\"https:\/\/nck.krakow.pl\/kcc\/en\/#\/schema\/logo\/image\/\",\"url\":\"https:\/\/nck.krakow.pl\/kcc\/en\/wp-content\/uploads\/sites\/4\/2020\/04\/cropped-cropped-logo-kcc-2020en.png\",\"contentUrl\":\"https:\/\/nck.krakow.pl\/kcc\/en\/wp-content\/uploads\/sites\/4\/2020\/04\/cropped-cropped-logo-kcc-2020en.png\",\"width\":116,\"height\":55,\"caption\":\"Krakow Choreographic Centre\"},\"image\":{\"@id\":\"https:\/\/nck.krakow.pl\/kcc\/en\/#\/schema\/logo\/image\/\"},\"sameAs\":[\"http:\/\/facebook.com\/kcc.nck\"]}]}<\/script>\n<!-- \/ Yoast SEO plugin. -->","yoast_head_json":{"title":"KRAKOW DANCE FESTIVAL 2022 - Krakow Choreographic Centre","robots":{"index":"index","follow":"follow","max-snippet":"max-snippet:-1","max-image-preview":"max-image-preview:large","max-video-preview":"max-video-preview:-1"},"canonical":"https:\/\/nck.krakow.pl\/kcc\/en\/krakow-dance-festival-2022\/","og_locale":"en_US","og_type":"article","og_title":"KRAKOW DANCE FESTIVAL 2022 - Krakow Choreographic Centre","og_description":"Krakow Dance Festival HERE AND NOW INTO INFINITY 1\u20138 August 2022 This year\u2019s edition of the Krakow Dance Festival, entitled&nbsp;HERE AND NOW INTO INFINITY,&nbsp;was held between 1 and 7&nbsp;August 2022. The programme included both Polish and international dance performances, movement workshops, lectures, and a number of accompanying events held at the Nowa Huta Cultural Centre [&hellip;]","og_url":"https:\/\/nck.krakow.pl\/kcc\/en\/krakow-dance-festival-2022\/","og_site_name":"Krakow Choreographic Centre","article_publisher":"http:\/\/facebook.com\/kcc.nck","article_modified_time":"2023-04-13T08:50:46+00:00","og_image":[{"url":"https:\/\/nck.krakow.pl\/kcc\/en\/wp-content\/uploads\/sites\/4\/2023\/04\/image.png"}],"twitter_card":"summary_large_image","twitter_misc":{"Est. reading time":"3 minutes"},"schema":{"@context":"https:\/\/schema.org","@graph":[{"@type":"WebPage","@id":"https:\/\/nck.krakow.pl\/kcc\/en\/krakow-dance-festival-2022\/","url":"https:\/\/nck.krakow.pl\/kcc\/en\/krakow-dance-festival-2022\/","name":"KRAKOW DANCE FESTIVAL 2022 - Krakow Choreographic Centre","isPartOf":{"@id":"https:\/\/nck.krakow.pl\/kcc\/en\/#website"},"datePublished":"2023-04-12T13:57:31+00:00","dateModified":"2023-04-13T08:50:46+00:00","breadcrumb":{"@id":"https:\/\/nck.krakow.pl\/kcc\/en\/krakow-dance-festival-2022\/#breadcrumb"},"inLanguage":"en-US","potentialAction":[{"@type":"ReadAction","target":["https:\/\/nck.krakow.pl\/kcc\/en\/krakow-dance-festival-2022\/"]}]},{"@type":"BreadcrumbList","@id":"https:\/\/nck.krakow.pl\/kcc\/en\/krakow-dance-festival-2022\/#breadcrumb","itemListElement":[{"@type":"ListItem","position":1,"name":"Strona g\u0142\u00f3wna","item":"https:\/\/nck.krakow.pl\/kcc\/en\/"},{"@type":"ListItem","position":2,"name":"KRAKOW DANCE FESTIVAL 2022"}]},{"@type":"WebSite","@id":"https:\/\/nck.krakow.pl\/kcc\/en\/#website","url":"https:\/\/nck.krakow.pl\/kcc\/en\/","name":"Krakow Choreographic Centre","description":"","publisher":{"@id":"https:\/\/nck.krakow.pl\/kcc\/en\/#organization"},"potentialAction":[{"@type":"SearchAction","target":{"@type":"EntryPoint","urlTemplate":"https:\/\/nck.krakow.pl\/kcc\/en\/?s={search_term_string}"},"query-input":"required name=search_term_string"}],"inLanguage":"en-US"},{"@type":"Organization","@id":"https:\/\/nck.krakow.pl\/kcc\/en\/#organization","name":"Krakow Choreographic Centre","url":"https:\/\/nck.krakow.pl\/kcc\/en\/","logo":{"@type":"ImageObject","inLanguage":"en-US","@id":"https:\/\/nck.krakow.pl\/kcc\/en\/#\/schema\/logo\/image\/","url":"https:\/\/nck.krakow.pl\/kcc\/en\/wp-content\/uploads\/sites\/4\/2020\/04\/cropped-cropped-logo-kcc-2020en.png","contentUrl":"https:\/\/nck.krakow.pl\/kcc\/en\/wp-content\/uploads\/sites\/4\/2020\/04\/cropped-cropped-logo-kcc-2020en.png","width":116,"height":55,"caption":"Krakow Choreographic Centre"},"image":{"@id":"https:\/\/nck.krakow.pl\/kcc\/en\/#\/schema\/logo\/image\/"},"sameAs":["http:\/\/facebook.com\/kcc.nck"]}]}},"_links":{"self":[{"href":"https:\/\/nck.krakow.pl\/kcc\/en\/wp-json\/wp\/v2\/pages\/1277"}],"collection":[{"href":"https:\/\/nck.krakow.pl\/kcc\/en\/wp-json\/wp\/v2\/pages"}],"about":[{"href":"https:\/\/nck.krakow.pl\/kcc\/en\/wp-json\/wp\/v2\/types\/page"}],"author":[{"embeddable":true,"href":"https:\/\/nck.krakow.pl\/kcc\/en\/wp-json\/wp\/v2\/users\/5"}],"replies":[{"embeddable":true,"href":"https:\/\/nck.krakow.pl\/kcc\/en\/wp-json\/wp\/v2\/comments?post=1277"}],"version-history":[{"count":5,"href":"https:\/\/nck.krakow.pl\/kcc\/en\/wp-json\/wp\/v2\/pages\/1277\/revisions"}],"predecessor-version":[{"id":1300,"href":"https:\/\/nck.krakow.pl\/kcc\/en\/wp-json\/wp\/v2\/pages\/1277\/revisions\/1300"}],"wp:attachment":[{"href":"https:\/\/nck.krakow.pl\/kcc\/en\/wp-json\/wp\/v2\/media?parent=1277"}],"curies":[{"name":"wp","href":"https:\/\/api.w.org\/{rel}","templated":true}]}}