{"id":1234,"date":"2023-04-05T13:05:46","date_gmt":"2023-04-05T11:05:46","guid":{"rendered":"https:\/\/nck.krakow.pl\/kcc\/en\/?page_id=1234"},"modified":"2023-04-05T13:07:25","modified_gmt":"2023-04-05T11:07:25","slug":"dance-in-process","status":"publish","type":"page","link":"https:\/\/nck.krakow.pl\/kcc\/en\/dance-in-process\/","title":{"rendered":"DANCE IN PROCESS"},"content":{"rendered":"\n<p>We see the need to share artistic work in process, conversations about dance and choreography, as well as creative work tools. This is why we are launching a new initiative in Krak\u00f3w, called \u201cTaniec w procesie\u201d (\u201cDance in process\u201d), thinking about cooperation and exchange between artists and people interested in the reception of dance.<\/p>\n\n\n\n<p>&nbsp;We want to create a space for meetings between audiences and creators working on performances\/choreography\/movement also during their choreography explorations, even before the official premiere. We are counting on an exchange of impressions, delight, and doubts in small groups, on conversations about work in an atmosphere of respect and mutual support. We don\u2019t want to promote or judge anyone, we prefer to talk and learn together.<\/p>\n\n\n\n<p>Maybe for some artists, presence of an additional pair of eyes is enough and they don\u2019t need extensive feedback from the audience. We also take this kind of scenario into account, so Dance in process may be executed a little differently each time. We aren\u2019t forcing anything, we offer space and time.<\/p>\n\n\n\n<p><strong>\u00a0If you are interested in sharing what you\u2019re currently working on and talking about it, let us know at\u00a0<\/strong><a href=\"mailto:kcc@nck.krakow.pl\"><strong>kcc@nck.krakow.pl<\/strong><\/a>. Information about the planned meetings will be published on KCC\u2019s Facebook page\u00a0<a href=\"https:\/\/www.facebook.com\/kcc.nck\">https:\/\/www.facebook.com\/kcc.nck<\/a><\/p>\n\n\n\n<figure class=\"wp-block-image size-large\"><img loading=\"lazy\" decoding=\"async\" width=\"1024\" height=\"683\" src=\"https:\/\/nck.krakow.pl\/kcc\/en\/wp-content\/uploads\/sites\/4\/2023\/04\/DSC9564_fot_klaudyna_schubert-1024x683.jpg\" alt=\"\" class=\"wp-image-1235\" srcset=\"https:\/\/nck.krakow.pl\/kcc\/en\/wp-content\/uploads\/sites\/4\/2023\/04\/DSC9564_fot_klaudyna_schubert-1024x683.jpg 1024w, https:\/\/nck.krakow.pl\/kcc\/en\/wp-content\/uploads\/sites\/4\/2023\/04\/DSC9564_fot_klaudyna_schubert-300x200.jpg 300w, https:\/\/nck.krakow.pl\/kcc\/en\/wp-content\/uploads\/sites\/4\/2023\/04\/DSC9564_fot_klaudyna_schubert-768x512.jpg 768w, https:\/\/nck.krakow.pl\/kcc\/en\/wp-content\/uploads\/sites\/4\/2023\/04\/DSC9564_fot_klaudyna_schubert-1536x1024.jpg 1536w, https:\/\/nck.krakow.pl\/kcc\/en\/wp-content\/uploads\/sites\/4\/2023\/04\/DSC9564_fot_klaudyna_schubert.jpg 1800w\" sizes=\"(max-width: 1024px) 100vw, 1024px\" \/><\/figure>\n\n\n\n<div style=\"height:30px\" aria-hidden=\"true\" class=\"wp-block-spacer\"><\/div>\n\n\n\n<p><strong>Our Residents:<\/strong><\/p>\n\n\n\n<ul class=\"wp-block-list\">\n<li>Pamela Bosak, Agnieszka Ferenc&nbsp;<\/li>\n\n\n\n<li>Zuzanna Nir, Marta St\u0119pie\u0144 (REWERS Collective)<\/li>\n\n\n\n<li>\u0141ukasz W\u00f3jcicki, Tatiana Cholewa, Anna Jurek<\/li>\n\n\n\n<li>Micha\u0142 Przyby\u0142a, Dominik Wi\u0119cek<\/li>\n\n\n\n<li>Monika Szpunar<\/li>\n<\/ul>\n\n\n\n<p>Fot. Klaudyna Schubert<\/p>\n","protected":false},"excerpt":{"rendered":"<p>We see the need to share artistic work in process, conversations about dance and choreography, as well as creative work tools. This is why we are launching a new initiative in Krak\u00f3w, called \u201cTaniec w procesie\u201d (\u201cDance in process\u201d), thinking about cooperation and exchange between artists and people interested in the reception of dance. &nbsp;We [&hellip;]<\/p>\n","protected":false},"author":5,"featured_media":0,"parent":0,"menu_order":0,"comment_status":"closed","ping_status":"closed","template":"","meta":{"footnotes":""},"class_list":["post-1234","page","type-page","status-publish","hentry"],"yoast_head":"<!-- This site is optimized with the Yoast SEO plugin v19.12 - https:\/\/yoast.com\/wordpress\/plugins\/seo\/ -->\n<title>DANCE IN PROCESS - Krakow Choreographic Centre<\/title>\n<meta name=\"robots\" content=\"index, follow, max-snippet:-1, max-image-preview:large, max-video-preview:-1\" \/>\n<link rel=\"canonical\" href=\"https:\/\/nck.krakow.pl\/kcc\/en\/dance-in-process\/\" \/>\n<meta property=\"og:locale\" content=\"en_US\" \/>\n<meta property=\"og:type\" content=\"article\" \/>\n<meta property=\"og:title\" content=\"DANCE IN PROCESS - Krakow Choreographic Centre\" \/>\n<meta property=\"og:description\" content=\"We see the need to share artistic work in process, conversations about dance and choreography, as well as creative work tools. This is why we are launching a new initiative in Krak\u00f3w, called \u201cTaniec w procesie\u201d (\u201cDance in process\u201d), thinking about cooperation and exchange between artists and people interested in the reception of dance. &nbsp;We [&hellip;]\" \/>\n<meta property=\"og:url\" content=\"https:\/\/nck.krakow.pl\/kcc\/en\/dance-in-process\/\" \/>\n<meta property=\"og:site_name\" content=\"Krakow Choreographic Centre\" \/>\n<meta property=\"article:publisher\" content=\"http:\/\/facebook.com\/kcc.nck\" \/>\n<meta property=\"article:modified_time\" content=\"2023-04-05T11:07:25+00:00\" \/>\n<meta property=\"og:image\" content=\"https:\/\/nck.krakow.pl\/kcc\/en\/wp-content\/uploads\/sites\/4\/2023\/04\/DSC9564_fot_klaudyna_schubert-1024x683.jpg\" \/>\n<meta name=\"twitter:card\" content=\"summary_large_image\" \/>\n<meta name=\"twitter:label1\" content=\"Est. reading time\" \/>\n\t<meta name=\"twitter:data1\" content=\"2 minutes\" \/>\n<script type=\"application\/ld+json\" class=\"yoast-schema-graph\">{\"@context\":\"https:\/\/schema.org\",\"@graph\":[{\"@type\":\"WebPage\",\"@id\":\"https:\/\/nck.krakow.pl\/kcc\/en\/dance-in-process\/\",\"url\":\"https:\/\/nck.krakow.pl\/kcc\/en\/dance-in-process\/\",\"name\":\"DANCE IN PROCESS - Krakow Choreographic Centre\",\"isPartOf\":{\"@id\":\"https:\/\/nck.krakow.pl\/kcc\/en\/#website\"},\"datePublished\":\"2023-04-05T11:05:46+00:00\",\"dateModified\":\"2023-04-05T11:07:25+00:00\",\"breadcrumb\":{\"@id\":\"https:\/\/nck.krakow.pl\/kcc\/en\/dance-in-process\/#breadcrumb\"},\"inLanguage\":\"en-US\",\"potentialAction\":[{\"@type\":\"ReadAction\",\"target\":[\"https:\/\/nck.krakow.pl\/kcc\/en\/dance-in-process\/\"]}]},{\"@type\":\"BreadcrumbList\",\"@id\":\"https:\/\/nck.krakow.pl\/kcc\/en\/dance-in-process\/#breadcrumb\",\"itemListElement\":[{\"@type\":\"ListItem\",\"position\":1,\"name\":\"Strona g\u0142\u00f3wna\",\"item\":\"https:\/\/nck.krakow.pl\/kcc\/en\/\"},{\"@type\":\"ListItem\",\"position\":2,\"name\":\"DANCE IN PROCESS\"}]},{\"@type\":\"WebSite\",\"@id\":\"https:\/\/nck.krakow.pl\/kcc\/en\/#website\",\"url\":\"https:\/\/nck.krakow.pl\/kcc\/en\/\",\"name\":\"Krakow Choreographic Centre\",\"description\":\"\",\"publisher\":{\"@id\":\"https:\/\/nck.krakow.pl\/kcc\/en\/#organization\"},\"potentialAction\":[{\"@type\":\"SearchAction\",\"target\":{\"@type\":\"EntryPoint\",\"urlTemplate\":\"https:\/\/nck.krakow.pl\/kcc\/en\/?s={search_term_string}\"},\"query-input\":\"required name=search_term_string\"}],\"inLanguage\":\"en-US\"},{\"@type\":\"Organization\",\"@id\":\"https:\/\/nck.krakow.pl\/kcc\/en\/#organization\",\"name\":\"Krakow Choreographic Centre\",\"url\":\"https:\/\/nck.krakow.pl\/kcc\/en\/\",\"logo\":{\"@type\":\"ImageObject\",\"inLanguage\":\"en-US\",\"@id\":\"https:\/\/nck.krakow.pl\/kcc\/en\/#\/schema\/logo\/image\/\",\"url\":\"https:\/\/nck.krakow.pl\/kcc\/en\/wp-content\/uploads\/sites\/4\/2020\/04\/cropped-cropped-logo-kcc-2020en.png\",\"contentUrl\":\"https:\/\/nck.krakow.pl\/kcc\/en\/wp-content\/uploads\/sites\/4\/2020\/04\/cropped-cropped-logo-kcc-2020en.png\",\"width\":116,\"height\":55,\"caption\":\"Krakow Choreographic Centre\"},\"image\":{\"@id\":\"https:\/\/nck.krakow.pl\/kcc\/en\/#\/schema\/logo\/image\/\"},\"sameAs\":[\"http:\/\/facebook.com\/kcc.nck\"]}]}<\/script>\n<!-- \/ Yoast SEO plugin. -->","yoast_head_json":{"title":"DANCE IN PROCESS - Krakow Choreographic Centre","robots":{"index":"index","follow":"follow","max-snippet":"max-snippet:-1","max-image-preview":"max-image-preview:large","max-video-preview":"max-video-preview:-1"},"canonical":"https:\/\/nck.krakow.pl\/kcc\/en\/dance-in-process\/","og_locale":"en_US","og_type":"article","og_title":"DANCE IN PROCESS - Krakow Choreographic Centre","og_description":"We see the need to share artistic work in process, conversations about dance and choreography, as well as creative work tools. This is why we are launching a new initiative in Krak\u00f3w, called \u201cTaniec w procesie\u201d (\u201cDance in process\u201d), thinking about cooperation and exchange between artists and people interested in the reception of dance. &nbsp;We [&hellip;]","og_url":"https:\/\/nck.krakow.pl\/kcc\/en\/dance-in-process\/","og_site_name":"Krakow Choreographic Centre","article_publisher":"http:\/\/facebook.com\/kcc.nck","article_modified_time":"2023-04-05T11:07:25+00:00","og_image":[{"url":"https:\/\/nck.krakow.pl\/kcc\/en\/wp-content\/uploads\/sites\/4\/2023\/04\/DSC9564_fot_klaudyna_schubert-1024x683.jpg"}],"twitter_card":"summary_large_image","twitter_misc":{"Est. reading time":"2 minutes"},"schema":{"@context":"https:\/\/schema.org","@graph":[{"@type":"WebPage","@id":"https:\/\/nck.krakow.pl\/kcc\/en\/dance-in-process\/","url":"https:\/\/nck.krakow.pl\/kcc\/en\/dance-in-process\/","name":"DANCE IN PROCESS - Krakow Choreographic Centre","isPartOf":{"@id":"https:\/\/nck.krakow.pl\/kcc\/en\/#website"},"datePublished":"2023-04-05T11:05:46+00:00","dateModified":"2023-04-05T11:07:25+00:00","breadcrumb":{"@id":"https:\/\/nck.krakow.pl\/kcc\/en\/dance-in-process\/#breadcrumb"},"inLanguage":"en-US","potentialAction":[{"@type":"ReadAction","target":["https:\/\/nck.krakow.pl\/kcc\/en\/dance-in-process\/"]}]},{"@type":"BreadcrumbList","@id":"https:\/\/nck.krakow.pl\/kcc\/en\/dance-in-process\/#breadcrumb","itemListElement":[{"@type":"ListItem","position":1,"name":"Strona g\u0142\u00f3wna","item":"https:\/\/nck.krakow.pl\/kcc\/en\/"},{"@type":"ListItem","position":2,"name":"DANCE IN PROCESS"}]},{"@type":"WebSite","@id":"https:\/\/nck.krakow.pl\/kcc\/en\/#website","url":"https:\/\/nck.krakow.pl\/kcc\/en\/","name":"Krakow Choreographic Centre","description":"","publisher":{"@id":"https:\/\/nck.krakow.pl\/kcc\/en\/#organization"},"potentialAction":[{"@type":"SearchAction","target":{"@type":"EntryPoint","urlTemplate":"https:\/\/nck.krakow.pl\/kcc\/en\/?s={search_term_string}"},"query-input":"required name=search_term_string"}],"inLanguage":"en-US"},{"@type":"Organization","@id":"https:\/\/nck.krakow.pl\/kcc\/en\/#organization","name":"Krakow Choreographic Centre","url":"https:\/\/nck.krakow.pl\/kcc\/en\/","logo":{"@type":"ImageObject","inLanguage":"en-US","@id":"https:\/\/nck.krakow.pl\/kcc\/en\/#\/schema\/logo\/image\/","url":"https:\/\/nck.krakow.pl\/kcc\/en\/wp-content\/uploads\/sites\/4\/2020\/04\/cropped-cropped-logo-kcc-2020en.png","contentUrl":"https:\/\/nck.krakow.pl\/kcc\/en\/wp-content\/uploads\/sites\/4\/2020\/04\/cropped-cropped-logo-kcc-2020en.png","width":116,"height":55,"caption":"Krakow Choreographic Centre"},"image":{"@id":"https:\/\/nck.krakow.pl\/kcc\/en\/#\/schema\/logo\/image\/"},"sameAs":["http:\/\/facebook.com\/kcc.nck"]}]}},"_links":{"self":[{"href":"https:\/\/nck.krakow.pl\/kcc\/en\/wp-json\/wp\/v2\/pages\/1234"}],"collection":[{"href":"https:\/\/nck.krakow.pl\/kcc\/en\/wp-json\/wp\/v2\/pages"}],"about":[{"href":"https:\/\/nck.krakow.pl\/kcc\/en\/wp-json\/wp\/v2\/types\/page"}],"author":[{"embeddable":true,"href":"https:\/\/nck.krakow.pl\/kcc\/en\/wp-json\/wp\/v2\/users\/5"}],"replies":[{"embeddable":true,"href":"https:\/\/nck.krakow.pl\/kcc\/en\/wp-json\/wp\/v2\/comments?post=1234"}],"version-history":[{"count":2,"href":"https:\/\/nck.krakow.pl\/kcc\/en\/wp-json\/wp\/v2\/pages\/1234\/revisions"}],"predecessor-version":[{"id":1237,"href":"https:\/\/nck.krakow.pl\/kcc\/en\/wp-json\/wp\/v2\/pages\/1234\/revisions\/1237"}],"wp:attachment":[{"href":"https:\/\/nck.krakow.pl\/kcc\/en\/wp-json\/wp\/v2\/media?parent=1234"}],"curies":[{"name":"wp","href":"https:\/\/api.w.org\/{rel}","templated":true}]}}