{"id":100,"date":"2017-05-17T08:17:18","date_gmt":"2017-05-17T06:17:18","guid":{"rendered":"https:\/\/nck.krakow.pl\/kcc\/en\/?page_id=100"},"modified":"2017-08-07T10:00:08","modified_gmt":"2017-08-07T08:00:08","slug":"about","status":"publish","type":"page","link":"https:\/\/nck.krakow.pl\/kcc\/en\/around-centre-group\/about\/","title":{"rendered":"About"},"content":{"rendered":"<h1>About<\/h1>\n<p>Around Centre Group is an artistic collective, working within the Krakow Choreographic Centre. The core of the Group are dancers: Agata Mol\u0105g, Monika \u015awieca and Marta Wo\u0142owiec. The collective produces its own performances, collaborates with artist from Poland and abroad in the art projects, takes care of the events carried out by the Krakow Choreographic Centre and conducts regular classes of contemporary dance.<\/p>\n<p>The idea of Group grew out of a genuine necessity for experimentation, exploration, inspiration and a passion for diversity in the building the scenic massage. We believe that only meetings, and sometimes even a clash between different aesthetics of movement and views on art can establish a new quality. We are interested in what appears out of these actions, in the meeting point.<\/p>\n<p>We acquire our goals by aiming at what is private, not dramatic, quasi-theatrical. We search for art in simplicity, we narrate with the quotations from life, we look for quality and value in movement. We have never forgotten that we are dancers so the movement is our main tool.<\/p>\n<p>The first artistic declaration was the premiere of \u201cMakia\u201d performed by Marta Wo\u0142owiec and Monika \u015awieca, choreographed by Agata Mol\u0105g. Currently, in the Group\u2019s repertoire there are also performances: \u201cMourners\u201d and &#8220;Celsius 38&#8221; presented on stage and in the street version.<\/p>\n<div id='gallery-1' class='gallery galleryid-100 gallery-columns-3 gallery-size-medium'><figure class='gallery-item'>\n\t\t\t<div class='gallery-icon landscape'>\n\t\t\t\t<img loading=\"lazy\" decoding=\"async\" width=\"300\" height=\"201\" src=\"https:\/\/nck.krakow.pl\/kcc\/en\/wp-content\/uploads\/sites\/4\/2017\/05\/2016.05.02-Bieda_Agnieszka-NCK-Placzki-DSC_0387-300x201.jpg\" class=\"attachment-medium size-medium\" alt=\"\" aria-describedby=\"gallery-1-301\" srcset=\"https:\/\/nck.krakow.pl\/kcc\/en\/wp-content\/uploads\/sites\/4\/2017\/05\/2016.05.02-Bieda_Agnieszka-NCK-Placzki-DSC_0387-300x201.jpg 300w, https:\/\/nck.krakow.pl\/kcc\/en\/wp-content\/uploads\/sites\/4\/2017\/05\/2016.05.02-Bieda_Agnieszka-NCK-Placzki-DSC_0387-768x514.jpg 768w, https:\/\/nck.krakow.pl\/kcc\/en\/wp-content\/uploads\/sites\/4\/2017\/05\/2016.05.02-Bieda_Agnieszka-NCK-Placzki-DSC_0387-1024x686.jpg 1024w, https:\/\/nck.krakow.pl\/kcc\/en\/wp-content\/uploads\/sites\/4\/2017\/05\/2016.05.02-Bieda_Agnieszka-NCK-Placzki-DSC_0387.jpg 1195w\" sizes=\"(max-width: 300px) 100vw, 300px\" \/>\n\t\t\t<\/div>\n\t\t\t\t<figcaption class='wp-caption-text gallery-caption' id='gallery-1-301'>\n\t\t\t\tMourners, photo: Agnieszka Bieda\n\t\t\t\t<\/figcaption><\/figure><figure class='gallery-item'>\n\t\t\t<div class='gallery-icon portrait'>\n\t\t\t\t<img loading=\"lazy\" decoding=\"async\" width=\"200\" height=\"300\" src=\"https:\/\/nck.krakow.pl\/kcc\/en\/wp-content\/uploads\/sites\/4\/2017\/05\/KMachniewicz_20160502_2016_SPACER_GWC_P\u0142aczki_MG_1479_1200x800px_q100-200x300.jpg\" class=\"attachment-medium size-medium\" alt=\"\" aria-describedby=\"gallery-1-304\" srcset=\"https:\/\/nck.krakow.pl\/kcc\/en\/wp-content\/uploads\/sites\/4\/2017\/05\/KMachniewicz_20160502_2016_SPACER_GWC_P\u0142aczki_MG_1479_1200x800px_q100-200x300.jpg 200w, https:\/\/nck.krakow.pl\/kcc\/en\/wp-content\/uploads\/sites\/4\/2017\/05\/KMachniewicz_20160502_2016_SPACER_GWC_P\u0142aczki_MG_1479_1200x800px_q100-768x1152.jpg 768w, https:\/\/nck.krakow.pl\/kcc\/en\/wp-content\/uploads\/sites\/4\/2017\/05\/KMachniewicz_20160502_2016_SPACER_GWC_P\u0142aczki_MG_1479_1200x800px_q100-683x1024.jpg 683w, https:\/\/nck.krakow.pl\/kcc\/en\/wp-content\/uploads\/sites\/4\/2017\/05\/KMachniewicz_20160502_2016_SPACER_GWC_P\u0142aczki_MG_1479_1200x800px_q100.jpg 800w\" sizes=\"(max-width: 200px) 100vw, 200px\" \/>\n\t\t\t<\/div>\n\t\t\t\t<figcaption class='wp-caption-text gallery-caption' id='gallery-1-304'>\n\t\t\t\tMourners, photo: Katarzyna Machniewicz\n\t\t\t\t<\/figcaption><\/figure><figure class='gallery-item'>\n\t\t\t<div class='gallery-icon landscape'>\n\t\t\t\t<img loading=\"lazy\" decoding=\"async\" width=\"300\" height=\"200\" src=\"https:\/\/nck.krakow.pl\/kcc\/en\/wp-content\/uploads\/sites\/4\/2017\/05\/P\u0142aczki-Grupa-Wok\u00f3\u0142-Centrum-fot.-Marcin-Pawelec-ma\u0142e-1-300x200.jpg\" class=\"attachment-medium size-medium\" alt=\"\" aria-describedby=\"gallery-1-306\" srcset=\"https:\/\/nck.krakow.pl\/kcc\/en\/wp-content\/uploads\/sites\/4\/2017\/05\/P\u0142aczki-Grupa-Wok\u00f3\u0142-Centrum-fot.-Marcin-Pawelec-ma\u0142e-1-300x200.jpg 300w, https:\/\/nck.krakow.pl\/kcc\/en\/wp-content\/uploads\/sites\/4\/2017\/05\/P\u0142aczki-Grupa-Wok\u00f3\u0142-Centrum-fot.-Marcin-Pawelec-ma\u0142e-1-768x512.jpg 768w, https:\/\/nck.krakow.pl\/kcc\/en\/wp-content\/uploads\/sites\/4\/2017\/05\/P\u0142aczki-Grupa-Wok\u00f3\u0142-Centrum-fot.-Marcin-Pawelec-ma\u0142e-1-1024x683.jpg 1024w, https:\/\/nck.krakow.pl\/kcc\/en\/wp-content\/uploads\/sites\/4\/2017\/05\/P\u0142aczki-Grupa-Wok\u00f3\u0142-Centrum-fot.-Marcin-Pawelec-ma\u0142e-1.jpg 1800w\" sizes=\"(max-width: 300px) 100vw, 300px\" \/>\n\t\t\t<\/div>\n\t\t\t\t<figcaption class='wp-caption-text gallery-caption' id='gallery-1-306'>\n\t\t\t\tMourners, photo: Marcin Pawelec\n\t\t\t\t<\/figcaption><\/figure><figure class='gallery-item'>\n\t\t\t<div class='gallery-icon landscape'>\n\t\t\t\t<img loading=\"lazy\" decoding=\"async\" width=\"300\" height=\"200\" src=\"https:\/\/nck.krakow.pl\/kcc\/en\/wp-content\/uploads\/sites\/4\/2017\/05\/KMachniewicz_20150503_2015_KCC_SPACER_WokolCentrum_Makia_MG_7851_1200x800_q100-300x200.jpg\" class=\"attachment-medium size-medium\" alt=\"\" aria-describedby=\"gallery-1-302\" srcset=\"https:\/\/nck.krakow.pl\/kcc\/en\/wp-content\/uploads\/sites\/4\/2017\/05\/KMachniewicz_20150503_2015_KCC_SPACER_WokolCentrum_Makia_MG_7851_1200x800_q100-300x200.jpg 300w, https:\/\/nck.krakow.pl\/kcc\/en\/wp-content\/uploads\/sites\/4\/2017\/05\/KMachniewicz_20150503_2015_KCC_SPACER_WokolCentrum_Makia_MG_7851_1200x800_q100-768x512.jpg 768w, https:\/\/nck.krakow.pl\/kcc\/en\/wp-content\/uploads\/sites\/4\/2017\/05\/KMachniewicz_20150503_2015_KCC_SPACER_WokolCentrum_Makia_MG_7851_1200x800_q100-1024x683.jpg 1024w, https:\/\/nck.krakow.pl\/kcc\/en\/wp-content\/uploads\/sites\/4\/2017\/05\/KMachniewicz_20150503_2015_KCC_SPACER_WokolCentrum_Makia_MG_7851_1200x800_q100.jpg 1200w\" sizes=\"(max-width: 300px) 100vw, 300px\" \/>\n\t\t\t<\/div>\n\t\t\t\t<figcaption class='wp-caption-text gallery-caption' id='gallery-1-302'>\n\t\t\t\tMakia, photo: Katarzyna Machniewicz\n\t\t\t\t<\/figcaption><\/figure><figure class='gallery-item'>\n\t\t\t<div class='gallery-icon landscape'>\n\t\t\t\t<img loading=\"lazy\" decoding=\"async\" width=\"300\" height=\"200\" src=\"https:\/\/nck.krakow.pl\/kcc\/en\/wp-content\/uploads\/sites\/4\/2017\/05\/KMachniewicz_20150503_2015_KCC_SPACER_WokolCentrum_Makia_MG_7891_1200x800_q100-300x200.jpg\" class=\"attachment-medium size-medium\" alt=\"\" aria-describedby=\"gallery-1-303\" srcset=\"https:\/\/nck.krakow.pl\/kcc\/en\/wp-content\/uploads\/sites\/4\/2017\/05\/KMachniewicz_20150503_2015_KCC_SPACER_WokolCentrum_Makia_MG_7891_1200x800_q100-300x200.jpg 300w, https:\/\/nck.krakow.pl\/kcc\/en\/wp-content\/uploads\/sites\/4\/2017\/05\/KMachniewicz_20150503_2015_KCC_SPACER_WokolCentrum_Makia_MG_7891_1200x800_q100-768x512.jpg 768w, https:\/\/nck.krakow.pl\/kcc\/en\/wp-content\/uploads\/sites\/4\/2017\/05\/KMachniewicz_20150503_2015_KCC_SPACER_WokolCentrum_Makia_MG_7891_1200x800_q100-1024x683.jpg 1024w, https:\/\/nck.krakow.pl\/kcc\/en\/wp-content\/uploads\/sites\/4\/2017\/05\/KMachniewicz_20150503_2015_KCC_SPACER_WokolCentrum_Makia_MG_7891_1200x800_q100.jpg 1200w\" sizes=\"(max-width: 300px) 100vw, 300px\" \/>\n\t\t\t<\/div>\n\t\t\t\t<figcaption class='wp-caption-text gallery-caption' id='gallery-1-303'>\n\t\t\t\tMakia, photo: Katarzyna Machniewicz\n\t\t\t\t<\/figcaption><\/figure><figure class='gallery-item'>\n\t\t\t<div class='gallery-icon landscape'>\n\t\t\t\t<img loading=\"lazy\" decoding=\"async\" width=\"300\" height=\"200\" src=\"https:\/\/nck.krakow.pl\/kcc\/en\/wp-content\/uploads\/sites\/4\/2017\/05\/makia-ma\u0142a-300x200.jpg\" class=\"attachment-medium size-medium\" alt=\"\" aria-describedby=\"gallery-1-305\" srcset=\"https:\/\/nck.krakow.pl\/kcc\/en\/wp-content\/uploads\/sites\/4\/2017\/05\/makia-ma\u0142a-300x200.jpg 300w, https:\/\/nck.krakow.pl\/kcc\/en\/wp-content\/uploads\/sites\/4\/2017\/05\/makia-ma\u0142a.jpg 600w\" sizes=\"(max-width: 300px) 100vw, 300px\" \/>\n\t\t\t<\/div>\n\t\t\t\t<figcaption class='wp-caption-text gallery-caption' id='gallery-1-305'>\n\t\t\t\tMakia, photo: Katarzyna Machniewicz\n\t\t\t\t<\/figcaption><\/figure>\n\t\t<\/div>\n\n","protected":false},"excerpt":{"rendered":"<p>About Around Centre Group is an artistic collective, working within the Krakow Choreographic Centre. The core of the Group are dancers: Agata Mol\u0105g, Monika \u015awieca and Marta Wo\u0142owiec. The collective produces its own performances, collaborates with artist from Poland and abroad in the art projects, takes care of the events carried out by the Krakow [&hellip;]<\/p>\n","protected":false},"author":5,"featured_media":0,"parent":98,"menu_order":1,"comment_status":"closed","ping_status":"closed","template":"","meta":{"footnotes":""},"class_list":["post-100","page","type-page","status-publish","hentry"],"yoast_head":"<!-- This site is optimized with the Yoast SEO plugin v19.12 - https:\/\/yoast.com\/wordpress\/plugins\/seo\/ -->\n<title>About - Krakow Choreographic Centre<\/title>\n<meta name=\"robots\" content=\"index, follow, max-snippet:-1, max-image-preview:large, max-video-preview:-1\" \/>\n<link rel=\"canonical\" href=\"https:\/\/nck.krakow.pl\/kcc\/en\/around-centre-group\/about\/\" \/>\n<meta property=\"og:locale\" content=\"en_US\" \/>\n<meta property=\"og:type\" content=\"article\" \/>\n<meta property=\"og:title\" content=\"About\" \/>\n<meta property=\"og:description\" content=\"In March 2015 dancers of Krakow Choreographic Centre formed the collective Around Centre Group to fulfill their artistic mission and to reflect, with its principles and the structure, the new spirit of KCC.\" \/>\n<meta property=\"og:url\" content=\"https:\/\/nck.krakow.pl\/kcc\/en\/around-centre-group\/about\/\" \/>\n<meta property=\"og:site_name\" content=\"Krakow Choreographic Centre\" \/>\n<meta property=\"article:publisher\" content=\"http:\/\/facebook.com\/kcc.nck\" \/>\n<meta property=\"article:modified_time\" content=\"2017-08-07T08:00:08+00:00\" \/>\n<meta property=\"og:image\" content=\"https:\/\/nck.krakow.pl\/kcc\/en\/wp-content\/uploads\/sites\/4\/2017\/05\/2016.05.02-Bieda_Agnieszka-NCK-Placzki-DSC_0387-300x201.jpg\" \/>\n<meta name=\"twitter:card\" content=\"summary_large_image\" \/>\n<meta name=\"twitter:label1\" content=\"Est. reading time\" \/>\n\t<meta name=\"twitter:data1\" content=\"1 minute\" \/>\n<script type=\"application\/ld+json\" class=\"yoast-schema-graph\">{\"@context\":\"https:\/\/schema.org\",\"@graph\":[{\"@type\":\"WebPage\",\"@id\":\"https:\/\/nck.krakow.pl\/kcc\/en\/around-centre-group\/about\/\",\"url\":\"https:\/\/nck.krakow.pl\/kcc\/en\/around-centre-group\/about\/\",\"name\":\"About - Krakow Choreographic Centre\",\"isPartOf\":{\"@id\":\"https:\/\/nck.krakow.pl\/kcc\/en\/#website\"},\"datePublished\":\"2017-05-17T06:17:18+00:00\",\"dateModified\":\"2017-08-07T08:00:08+00:00\",\"breadcrumb\":{\"@id\":\"https:\/\/nck.krakow.pl\/kcc\/en\/around-centre-group\/about\/#breadcrumb\"},\"inLanguage\":\"en-US\",\"potentialAction\":[{\"@type\":\"ReadAction\",\"target\":[\"https:\/\/nck.krakow.pl\/kcc\/en\/around-centre-group\/about\/\"]}]},{\"@type\":\"BreadcrumbList\",\"@id\":\"https:\/\/nck.krakow.pl\/kcc\/en\/around-centre-group\/about\/#breadcrumb\",\"itemListElement\":[{\"@type\":\"ListItem\",\"position\":1,\"name\":\"Strona g\u0142\u00f3wna\",\"item\":\"https:\/\/nck.krakow.pl\/kcc\/en\/\"},{\"@type\":\"ListItem\",\"position\":2,\"name\":\"Around centre group\",\"item\":\"https:\/\/nck.krakow.pl\/kcc\/en\/around-centre-group\/\"},{\"@type\":\"ListItem\",\"position\":3,\"name\":\"About\"}]},{\"@type\":\"WebSite\",\"@id\":\"https:\/\/nck.krakow.pl\/kcc\/en\/#website\",\"url\":\"https:\/\/nck.krakow.pl\/kcc\/en\/\",\"name\":\"Krakow Choreographic Centre\",\"description\":\"\",\"publisher\":{\"@id\":\"https:\/\/nck.krakow.pl\/kcc\/en\/#organization\"},\"potentialAction\":[{\"@type\":\"SearchAction\",\"target\":{\"@type\":\"EntryPoint\",\"urlTemplate\":\"https:\/\/nck.krakow.pl\/kcc\/en\/?s={search_term_string}\"},\"query-input\":\"required name=search_term_string\"}],\"inLanguage\":\"en-US\"},{\"@type\":\"Organization\",\"@id\":\"https:\/\/nck.krakow.pl\/kcc\/en\/#organization\",\"name\":\"Krakow Choreographic Centre\",\"url\":\"https:\/\/nck.krakow.pl\/kcc\/en\/\",\"logo\":{\"@type\":\"ImageObject\",\"inLanguage\":\"en-US\",\"@id\":\"https:\/\/nck.krakow.pl\/kcc\/en\/#\/schema\/logo\/image\/\",\"url\":\"https:\/\/nck.krakow.pl\/kcc\/en\/wp-content\/uploads\/sites\/4\/2020\/04\/cropped-cropped-logo-kcc-2020en.png\",\"contentUrl\":\"https:\/\/nck.krakow.pl\/kcc\/en\/wp-content\/uploads\/sites\/4\/2020\/04\/cropped-cropped-logo-kcc-2020en.png\",\"width\":116,\"height\":55,\"caption\":\"Krakow Choreographic Centre\"},\"image\":{\"@id\":\"https:\/\/nck.krakow.pl\/kcc\/en\/#\/schema\/logo\/image\/\"},\"sameAs\":[\"http:\/\/facebook.com\/kcc.nck\"]}]}<\/script>\n<!-- \/ Yoast SEO plugin. -->","yoast_head_json":{"title":"About - Krakow Choreographic Centre","robots":{"index":"index","follow":"follow","max-snippet":"max-snippet:-1","max-image-preview":"max-image-preview:large","max-video-preview":"max-video-preview:-1"},"canonical":"https:\/\/nck.krakow.pl\/kcc\/en\/around-centre-group\/about\/","og_locale":"en_US","og_type":"article","og_title":"About","og_description":"In March 2015 dancers of Krakow Choreographic Centre formed the collective Around Centre Group to fulfill their artistic mission and to reflect, with its principles and the structure, the new spirit of KCC.","og_url":"https:\/\/nck.krakow.pl\/kcc\/en\/around-centre-group\/about\/","og_site_name":"Krakow Choreographic Centre","article_publisher":"http:\/\/facebook.com\/kcc.nck","article_modified_time":"2017-08-07T08:00:08+00:00","og_image":[{"url":"https:\/\/nck.krakow.pl\/kcc\/en\/wp-content\/uploads\/sites\/4\/2017\/05\/2016.05.02-Bieda_Agnieszka-NCK-Placzki-DSC_0387-300x201.jpg"}],"twitter_card":"summary_large_image","twitter_misc":{"Est. reading time":"1 minute"},"schema":{"@context":"https:\/\/schema.org","@graph":[{"@type":"WebPage","@id":"https:\/\/nck.krakow.pl\/kcc\/en\/around-centre-group\/about\/","url":"https:\/\/nck.krakow.pl\/kcc\/en\/around-centre-group\/about\/","name":"About - Krakow Choreographic Centre","isPartOf":{"@id":"https:\/\/nck.krakow.pl\/kcc\/en\/#website"},"datePublished":"2017-05-17T06:17:18+00:00","dateModified":"2017-08-07T08:00:08+00:00","breadcrumb":{"@id":"https:\/\/nck.krakow.pl\/kcc\/en\/around-centre-group\/about\/#breadcrumb"},"inLanguage":"en-US","potentialAction":[{"@type":"ReadAction","target":["https:\/\/nck.krakow.pl\/kcc\/en\/around-centre-group\/about\/"]}]},{"@type":"BreadcrumbList","@id":"https:\/\/nck.krakow.pl\/kcc\/en\/around-centre-group\/about\/#breadcrumb","itemListElement":[{"@type":"ListItem","position":1,"name":"Strona g\u0142\u00f3wna","item":"https:\/\/nck.krakow.pl\/kcc\/en\/"},{"@type":"ListItem","position":2,"name":"Around centre group","item":"https:\/\/nck.krakow.pl\/kcc\/en\/around-centre-group\/"},{"@type":"ListItem","position":3,"name":"About"}]},{"@type":"WebSite","@id":"https:\/\/nck.krakow.pl\/kcc\/en\/#website","url":"https:\/\/nck.krakow.pl\/kcc\/en\/","name":"Krakow Choreographic Centre","description":"","publisher":{"@id":"https:\/\/nck.krakow.pl\/kcc\/en\/#organization"},"potentialAction":[{"@type":"SearchAction","target":{"@type":"EntryPoint","urlTemplate":"https:\/\/nck.krakow.pl\/kcc\/en\/?s={search_term_string}"},"query-input":"required name=search_term_string"}],"inLanguage":"en-US"},{"@type":"Organization","@id":"https:\/\/nck.krakow.pl\/kcc\/en\/#organization","name":"Krakow Choreographic Centre","url":"https:\/\/nck.krakow.pl\/kcc\/en\/","logo":{"@type":"ImageObject","inLanguage":"en-US","@id":"https:\/\/nck.krakow.pl\/kcc\/en\/#\/schema\/logo\/image\/","url":"https:\/\/nck.krakow.pl\/kcc\/en\/wp-content\/uploads\/sites\/4\/2020\/04\/cropped-cropped-logo-kcc-2020en.png","contentUrl":"https:\/\/nck.krakow.pl\/kcc\/en\/wp-content\/uploads\/sites\/4\/2020\/04\/cropped-cropped-logo-kcc-2020en.png","width":116,"height":55,"caption":"Krakow Choreographic Centre"},"image":{"@id":"https:\/\/nck.krakow.pl\/kcc\/en\/#\/schema\/logo\/image\/"},"sameAs":["http:\/\/facebook.com\/kcc.nck"]}]}},"_links":{"self":[{"href":"https:\/\/nck.krakow.pl\/kcc\/en\/wp-json\/wp\/v2\/pages\/100"}],"collection":[{"href":"https:\/\/nck.krakow.pl\/kcc\/en\/wp-json\/wp\/v2\/pages"}],"about":[{"href":"https:\/\/nck.krakow.pl\/kcc\/en\/wp-json\/wp\/v2\/types\/page"}],"author":[{"embeddable":true,"href":"https:\/\/nck.krakow.pl\/kcc\/en\/wp-json\/wp\/v2\/users\/5"}],"replies":[{"embeddable":true,"href":"https:\/\/nck.krakow.pl\/kcc\/en\/wp-json\/wp\/v2\/comments?post=100"}],"version-history":[{"count":6,"href":"https:\/\/nck.krakow.pl\/kcc\/en\/wp-json\/wp\/v2\/pages\/100\/revisions"}],"predecessor-version":[{"id":355,"href":"https:\/\/nck.krakow.pl\/kcc\/en\/wp-json\/wp\/v2\/pages\/100\/revisions\/355"}],"up":[{"embeddable":true,"href":"https:\/\/nck.krakow.pl\/kcc\/en\/wp-json\/wp\/v2\/pages\/98"}],"wp:attachment":[{"href":"https:\/\/nck.krakow.pl\/kcc\/en\/wp-json\/wp\/v2\/media?parent=100"}],"curies":[{"name":"wp","href":"https:\/\/api.w.org\/{rel}","templated":true}]}}