{"id":2092,"date":"2017-03-07T12:17:00","date_gmt":"2017-03-07T12:17:00","guid":{"rendered":"https:\/\/nck.krakow.pl\/galeriacentrum\/?page_id=2092"},"modified":"2017-03-21T07:45:44","modified_gmt":"2017-03-21T07:45:44","slug":"przestrzenie-wystawiennicze","status":"publish","type":"page","link":"https:\/\/nck.krakow.pl\/galeriacentrum\/przestrzenie-wystawiennicze\/","title":{"rendered":"PRZESTRZENIE WYSTAWIENNICZE"},"content":{"rendered":"<h1>Przestrzenie wystawiennicze Nowohuckiego Centrum Kultury<\/h1>\n<p>Przestrzenie wystawiennicze Galerii CENTRUM Nowohuckiego Centrum Kultury z\u0142o\u017cone s\u0105 z trzech Galerii.<\/p>\n<h2>Bia\u0142a Galeria<\/h2>\n<p>Wyj\u0105tkowa przestrze\u0144 galeryjno-wystawiennicza, z szerokimi oknami wychodz\u0105cymi na teren \u0141\u0105k Nowohuckich, zapewniaj\u0105cymi odpowiedni\u0105 ilo\u015b\u0107 \u015bwiat\u0142a. Bia\u0142a Galeria CENTRUM wykorzystywana jest do organizacji wystaw dzie\u0142 sztuki, ale doskonale sprawdza si\u0119 jako przestrze\u0144 wystawiennicza i targowa. Atutem, opr\u00f3cz wystroju, jest tak\u017ce ponadstandardowa wysoko\u015b\u0107 sali, umo\u017cliwiaj\u0105ca ekspozycj\u0119 wielkoformatowych instalacji.<br \/>\nNa potrzeby zamawiaj\u0105cych Bia\u0142a Galeria CENTRUM mo\u017ce zosta\u0107 doposa\u017cona w ruchom\u0105 scen\u0119, a tak\u017ce nag\u0142o\u015bnienie i dodatkowe o\u015bwietlenie. Pomieszczenie bezpo\u015brednio s\u0105siaduje ze Scen\u0105 NCK, dzi\u0119ki czemu doskonale sprawdza si\u0119 jako miejsce bankiet\u00f3w towarzysz\u0105cych koncertom czy spektaklom.<\/p>\n<p><img loading=\"lazy\" decoding=\"async\" class=\"alignnone size-large wp-image-2093\" src=\"https:\/\/nck.krakow.pl\/galeriacentrum\/wp-content\/uploads\/2017\/03\/Bia\u0142a-Galeria-1-1024x683.jpg\" alt=\"\" width=\"730\" height=\"487\" srcset=\"https:\/\/nck.krakow.pl\/galeriacentrum\/wp-content\/uploads\/2017\/03\/Bia\u0142a-Galeria-1.jpg 1024w, https:\/\/nck.krakow.pl\/galeriacentrum\/wp-content\/uploads\/2017\/03\/Bia\u0142a-Galeria-1-300x200.jpg 300w, https:\/\/nck.krakow.pl\/galeriacentrum\/wp-content\/uploads\/2017\/03\/Bia\u0142a-Galeria-1-768x512.jpg 768w\" sizes=\"(max-width: 730px) 100vw, 730px\" \/><\/p>\n<p>Parametry:<\/p>\n<p>powierzchnia galerii \u2013 275 m2<br \/>\nszeroko\u015b\u0107 galerii \u2013 10 m<br \/>\nd\u0142ugo\u015b\u0107 galerii \u2013 27,5 m<br \/>\nwysoko\u015b\u0107 galerii \u2013 9 m<\/p>\n<p><a href=\"https:\/\/nck.krakow.pl\/galeriacentrum\/wp-content\/uploads\/2017\/03\/Galeria-Bia\u0142a.pdf\">Galeria Bia\u0142a<\/a>\u00a0&#8211; specyfikacja<\/p>\n<h2>Szara Galeria<\/h2>\n<p><img loading=\"lazy\" decoding=\"async\" class=\"alignnone size-large wp-image-2332\" src=\"https:\/\/nck.krakow.pl\/galeriacentrum\/wp-content\/uploads\/2017\/03\/Galeria-Szara-1024x683.jpg\" alt=\"\" width=\"730\" height=\"487\" srcset=\"https:\/\/nck.krakow.pl\/galeriacentrum\/wp-content\/uploads\/2017\/03\/Galeria-Szara-1024x683.jpg 1024w, https:\/\/nck.krakow.pl\/galeriacentrum\/wp-content\/uploads\/2017\/03\/Galeria-Szara-300x200.jpg 300w, https:\/\/nck.krakow.pl\/galeriacentrum\/wp-content\/uploads\/2017\/03\/Galeria-Szara-768x512.jpg 768w\" sizes=\"(max-width: 730px) 100vw, 730px\" \/><\/p>\n<p><a href=\"https:\/\/nck.krakow.pl\/galeriacentrum\/wp-content\/uploads\/2017\/03\/Galeria-Szara.pdf\">Galeria Szara<\/a>\u00a0&#8211; specyfikacja<\/p>\n<h2>Czarna Galeria<\/h2>\n<p><img loading=\"lazy\" decoding=\"async\" class=\"alignnone size-large wp-image-2330\" src=\"https:\/\/nck.krakow.pl\/galeriacentrum\/wp-content\/uploads\/2017\/03\/Galeria-Czarna-1024x683.jpg\" alt=\"\" width=\"730\" height=\"487\" srcset=\"https:\/\/nck.krakow.pl\/galeriacentrum\/wp-content\/uploads\/2017\/03\/Galeria-Czarna-1024x683.jpg 1024w, https:\/\/nck.krakow.pl\/galeriacentrum\/wp-content\/uploads\/2017\/03\/Galeria-Czarna-300x200.jpg 300w, https:\/\/nck.krakow.pl\/galeriacentrum\/wp-content\/uploads\/2017\/03\/Galeria-Czarna-768x512.jpg 768w\" sizes=\"(max-width: 730px) 100vw, 730px\" \/> <img loading=\"lazy\" decoding=\"async\" class=\"alignnone size-large wp-image-2329\" src=\"https:\/\/nck.krakow.pl\/galeriacentrum\/wp-content\/uploads\/2017\/03\/Galeria-Czarna-1-1024x683.jpg\" alt=\"\" width=\"730\" height=\"487\" srcset=\"https:\/\/nck.krakow.pl\/galeriacentrum\/wp-content\/uploads\/2017\/03\/Galeria-Czarna-1-1024x683.jpg 1024w, https:\/\/nck.krakow.pl\/galeriacentrum\/wp-content\/uploads\/2017\/03\/Galeria-Czarna-1-300x200.jpg 300w, https:\/\/nck.krakow.pl\/galeriacentrum\/wp-content\/uploads\/2017\/03\/Galeria-Czarna-1-768x512.jpg 768w\" sizes=\"(max-width: 730px) 100vw, 730px\" \/><\/p>\n<p><a href=\"https:\/\/nck.krakow.pl\/galeriacentrum\/wp-content\/uploads\/2017\/03\/Galeria-Czarna.pdf\">Galeria Czarna<\/a>\u00a0&#8211; specyfikacja<\/p>\n","protected":false},"excerpt":{"rendered":"<p>Przestrzenie wystawiennicze Nowohuckiego Centrum Kultury Przestrzenie wystawiennicze Galerii CENTRUM Nowohuckiego Centrum Kultury z\u0142o\u017cone s\u0105 z trzech Galerii. Bia\u0142a Galeria Wyj\u0105tkowa przestrze\u0144 galeryjno-wystawiennicza, z szerokimi oknami wychodz\u0105cymi na teren \u0141\u0105k Nowohuckich, zapewniaj\u0105cymi odpowiedni\u0105 ilo\u015b\u0107 \u015bwiat\u0142a. Bia\u0142a Galeria CENTRUM wykorzystywana jest do organizacji wystaw dzie\u0142 sztuki, ale doskonale sprawdza si\u0119 jako przestrze\u0144 wystawiennicza i targowa. Atutem, opr\u00f3cz<a class=\"moretag\" href=\"https:\/\/nck.krakow.pl\/galeriacentrum\/przestrzenie-wystawiennicze\/\"><span class=\"screen-reader-text\">Wi\u0119cej oPRZESTRZENIE WYSTAWIENNICZE<\/span>[&#8230;]<\/a><\/p>\n","protected":false},"author":1,"featured_media":0,"parent":0,"menu_order":0,"comment_status":"closed","ping_status":"closed","template":"","meta":{"footnotes":""},"class_list":["post-2092","page","type-page","status-publish","hentry"],"yoast_head":"<!-- This site is optimized with the Yoast SEO plugin v19.12 - https:\/\/yoast.com\/wordpress\/plugins\/seo\/ -->\n<title>PRZESTRZENIE WYSTAWIENNICZE - Galeria CENTRUM<\/title>\n<meta name=\"robots\" content=\"index, follow, max-snippet:-1, max-image-preview:large, max-video-preview:-1\" \/>\n<link rel=\"canonical\" href=\"https:\/\/nck.krakow.pl\/galeriacentrum\/przestrzenie-wystawiennicze\/\" \/>\n<meta property=\"og:locale\" content=\"pl_PL\" \/>\n<meta property=\"og:type\" content=\"article\" \/>\n<meta property=\"og:title\" content=\"PRZESTRZENIE WYSTAWIENNICZE - Galeria CENTRUM\" \/>\n<meta property=\"og:description\" content=\"Przestrzenie wystawiennicze Nowohuckiego Centrum Kultury Przestrzenie wystawiennicze Galerii CENTRUM Nowohuckiego Centrum Kultury z\u0142o\u017cone s\u0105 z trzech Galerii. Bia\u0142a Galeria Wyj\u0105tkowa przestrze\u0144 galeryjno-wystawiennicza, z szerokimi oknami wychodz\u0105cymi na teren \u0141\u0105k Nowohuckich, zapewniaj\u0105cymi odpowiedni\u0105 ilo\u015b\u0107 \u015bwiat\u0142a. Bia\u0142a Galeria CENTRUM wykorzystywana jest do organizacji wystaw dzie\u0142 sztuki, ale doskonale sprawdza si\u0119 jako przestrze\u0144 wystawiennicza i targowa. Atutem, opr\u00f3czWi\u0119cej oPRZESTRZENIE WYSTAWIENNICZE[...]\" \/>\n<meta property=\"og:url\" content=\"https:\/\/nck.krakow.pl\/galeriacentrum\/przestrzenie-wystawiennicze\/\" \/>\n<meta property=\"og:site_name\" content=\"Galeria CENTRUM\" \/>\n<meta property=\"article:modified_time\" content=\"2017-03-21T07:45:44+00:00\" \/>\n<meta property=\"og:image\" content=\"https:\/\/nck.krakow.pl\/galeriacentrum\/wp-content\/uploads\/2017\/03\/Galeria-Szara-1024x683.jpg\" \/>\n<meta name=\"twitter:card\" content=\"summary_large_image\" \/>\n<meta name=\"twitter:label1\" content=\"Est. reading time\" \/>\n\t<meta name=\"twitter:data1\" content=\"1 minuta\" \/>\n<script type=\"application\/ld+json\" class=\"yoast-schema-graph\">{\"@context\":\"https:\/\/schema.org\",\"@graph\":[{\"@type\":\"WebPage\",\"@id\":\"https:\/\/nck.krakow.pl\/galeriacentrum\/przestrzenie-wystawiennicze\/\",\"url\":\"https:\/\/nck.krakow.pl\/galeriacentrum\/przestrzenie-wystawiennicze\/\",\"name\":\"PRZESTRZENIE WYSTAWIENNICZE - Galeria CENTRUM\",\"isPartOf\":{\"@id\":\"https:\/\/nck.krakow.pl\/galeriacentrum\/#website\"},\"datePublished\":\"2017-03-07T12:17:00+00:00\",\"dateModified\":\"2017-03-21T07:45:44+00:00\",\"breadcrumb\":{\"@id\":\"https:\/\/nck.krakow.pl\/galeriacentrum\/przestrzenie-wystawiennicze\/#breadcrumb\"},\"inLanguage\":\"pl-PL\",\"potentialAction\":[{\"@type\":\"ReadAction\",\"target\":[\"https:\/\/nck.krakow.pl\/galeriacentrum\/przestrzenie-wystawiennicze\/\"]}]},{\"@type\":\"BreadcrumbList\",\"@id\":\"https:\/\/nck.krakow.pl\/galeriacentrum\/przestrzenie-wystawiennicze\/#breadcrumb\",\"itemListElement\":[{\"@type\":\"ListItem\",\"position\":1,\"name\":\"Strona g\u0142\u00f3wna\",\"item\":\"https:\/\/nck.krakow.pl\/galeriacentrum\/\"},{\"@type\":\"ListItem\",\"position\":2,\"name\":\"PRZESTRZENIE WYSTAWIENNICZE\"}]},{\"@type\":\"WebSite\",\"@id\":\"https:\/\/nck.krakow.pl\/galeriacentrum\/#website\",\"url\":\"https:\/\/nck.krakow.pl\/galeriacentrum\/\",\"name\":\"Galeria CENTRUM\",\"description\":\"Galeria Centrum\",\"potentialAction\":[{\"@type\":\"SearchAction\",\"target\":{\"@type\":\"EntryPoint\",\"urlTemplate\":\"https:\/\/nck.krakow.pl\/galeriacentrum\/?s={search_term_string}\"},\"query-input\":\"required name=search_term_string\"}],\"inLanguage\":\"pl-PL\"}]}<\/script>\n<!-- \/ Yoast SEO plugin. -->","yoast_head_json":{"title":"PRZESTRZENIE WYSTAWIENNICZE - Galeria CENTRUM","robots":{"index":"index","follow":"follow","max-snippet":"max-snippet:-1","max-image-preview":"max-image-preview:large","max-video-preview":"max-video-preview:-1"},"canonical":"https:\/\/nck.krakow.pl\/galeriacentrum\/przestrzenie-wystawiennicze\/","og_locale":"pl_PL","og_type":"article","og_title":"PRZESTRZENIE WYSTAWIENNICZE - Galeria CENTRUM","og_description":"Przestrzenie wystawiennicze Nowohuckiego Centrum Kultury Przestrzenie wystawiennicze Galerii CENTRUM Nowohuckiego Centrum Kultury z\u0142o\u017cone s\u0105 z trzech Galerii. Bia\u0142a Galeria Wyj\u0105tkowa przestrze\u0144 galeryjno-wystawiennicza, z szerokimi oknami wychodz\u0105cymi na teren \u0141\u0105k Nowohuckich, zapewniaj\u0105cymi odpowiedni\u0105 ilo\u015b\u0107 \u015bwiat\u0142a. Bia\u0142a Galeria CENTRUM wykorzystywana jest do organizacji wystaw dzie\u0142 sztuki, ale doskonale sprawdza si\u0119 jako przestrze\u0144 wystawiennicza i targowa. Atutem, opr\u00f3czWi\u0119cej oPRZESTRZENIE WYSTAWIENNICZE[...]","og_url":"https:\/\/nck.krakow.pl\/galeriacentrum\/przestrzenie-wystawiennicze\/","og_site_name":"Galeria CENTRUM","article_modified_time":"2017-03-21T07:45:44+00:00","og_image":[{"url":"https:\/\/nck.krakow.pl\/galeriacentrum\/wp-content\/uploads\/2017\/03\/Galeria-Szara-1024x683.jpg"}],"twitter_card":"summary_large_image","twitter_misc":{"Est. reading time":"1 minuta"},"schema":{"@context":"https:\/\/schema.org","@graph":[{"@type":"WebPage","@id":"https:\/\/nck.krakow.pl\/galeriacentrum\/przestrzenie-wystawiennicze\/","url":"https:\/\/nck.krakow.pl\/galeriacentrum\/przestrzenie-wystawiennicze\/","name":"PRZESTRZENIE WYSTAWIENNICZE - Galeria CENTRUM","isPartOf":{"@id":"https:\/\/nck.krakow.pl\/galeriacentrum\/#website"},"datePublished":"2017-03-07T12:17:00+00:00","dateModified":"2017-03-21T07:45:44+00:00","breadcrumb":{"@id":"https:\/\/nck.krakow.pl\/galeriacentrum\/przestrzenie-wystawiennicze\/#breadcrumb"},"inLanguage":"pl-PL","potentialAction":[{"@type":"ReadAction","target":["https:\/\/nck.krakow.pl\/galeriacentrum\/przestrzenie-wystawiennicze\/"]}]},{"@type":"BreadcrumbList","@id":"https:\/\/nck.krakow.pl\/galeriacentrum\/przestrzenie-wystawiennicze\/#breadcrumb","itemListElement":[{"@type":"ListItem","position":1,"name":"Strona g\u0142\u00f3wna","item":"https:\/\/nck.krakow.pl\/galeriacentrum\/"},{"@type":"ListItem","position":2,"name":"PRZESTRZENIE WYSTAWIENNICZE"}]},{"@type":"WebSite","@id":"https:\/\/nck.krakow.pl\/galeriacentrum\/#website","url":"https:\/\/nck.krakow.pl\/galeriacentrum\/","name":"Galeria CENTRUM","description":"Galeria Centrum","potentialAction":[{"@type":"SearchAction","target":{"@type":"EntryPoint","urlTemplate":"https:\/\/nck.krakow.pl\/galeriacentrum\/?s={search_term_string}"},"query-input":"required name=search_term_string"}],"inLanguage":"pl-PL"}]}},"_links":{"self":[{"href":"https:\/\/nck.krakow.pl\/galeriacentrum\/wp-json\/wp\/v2\/pages\/2092"}],"collection":[{"href":"https:\/\/nck.krakow.pl\/galeriacentrum\/wp-json\/wp\/v2\/pages"}],"about":[{"href":"https:\/\/nck.krakow.pl\/galeriacentrum\/wp-json\/wp\/v2\/types\/page"}],"author":[{"embeddable":true,"href":"https:\/\/nck.krakow.pl\/galeriacentrum\/wp-json\/wp\/v2\/users\/1"}],"replies":[{"embeddable":true,"href":"https:\/\/nck.krakow.pl\/galeriacentrum\/wp-json\/wp\/v2\/comments?post=2092"}],"version-history":[{"count":4,"href":"https:\/\/nck.krakow.pl\/galeriacentrum\/wp-json\/wp\/v2\/pages\/2092\/revisions"}],"predecessor-version":[{"id":2335,"href":"https:\/\/nck.krakow.pl\/galeriacentrum\/wp-json\/wp\/v2\/pages\/2092\/revisions\/2335"}],"wp:attachment":[{"href":"https:\/\/nck.krakow.pl\/galeriacentrum\/wp-json\/wp\/v2\/media?parent=2092"}],"curies":[{"name":"wp","href":"https:\/\/api.w.org\/{rel}","templated":true}]}}