{"id":1655,"date":"2017-02-22T14:47:26","date_gmt":"2017-02-22T14:47:26","guid":{"rendered":"http:\/\/centrum.nck.krakow.pl\/?page_id=1655"},"modified":"2017-02-23T11:40:11","modified_gmt":"2017-02-23T11:40:11","slug":"wydawnictwo-jerzy-wronski","status":"publish","type":"page","link":"https:\/\/nck.krakow.pl\/galeriacentrum\/katalogi\/wydawnictwo-jerzy-wronski\/","title":{"rendered":"Katalog Jerzy Wro\u0144ski"},"content":{"rendered":"<p>Jerzy Wro\u0144ski to cz\u0142owiek szczeg\u00f3lny. Trzy lata po uko\u0144czeniu krakowskiej Akademii Jerzy Wro\u0144ski tworzy dojrza\u0142y malarsko i no\u015bny &#8211; Programowy dla jego ca\u0142ej tw\u00f3rczo\u015bci &#8211; Cykl Obraz\u00f3w- relief\u00f3w, w kt\u00f3rym po malarsku &#8216;definiuje&#8217; heraklitejsk\u0105 Form\u0119 obrazowania.<\/p>\n<p>Wydawnictwo: Galeria Sztuki Wsp\u00f3\u0142czesnej BWA w Katowicach<br \/>\nRok wydania: 2010<a href=\"http:\/\/centrum.nck.krakow.pl\/wp-content\/uploads\/2017\/02\/Jerzy-wro\u0144ski.jpeg\"><img loading=\"lazy\" decoding=\"async\" class=\"size-full wp-image-1658 aligncenter\" src=\"http:\/\/centrum.nck.krakow.pl\/wp-content\/uploads\/2017\/02\/Jerzy-wro\u0144ski.jpeg\" alt=\"\" width=\"415\" height=\"636\" srcset=\"https:\/\/nck.krakow.pl\/galeriacentrum\/wp-content\/uploads\/2017\/02\/Jerzy-wro\u0144ski.jpeg 415w, https:\/\/nck.krakow.pl\/galeriacentrum\/wp-content\/uploads\/2017\/02\/Jerzy-wro\u0144ski-196x300.jpeg 196w\" sizes=\"(max-width: 415px) 100vw, 415px\" \/><\/a><\/p>\n","protected":false},"excerpt":{"rendered":"<p>Jerzy Wro\u0144ski to cz\u0142owiek szczeg\u00f3lny. Trzy lata po uko\u0144czeniu krakowskiej Akademii Jerzy Wro\u0144ski tworzy dojrza\u0142y malarsko i no\u015bny &#8211; Programowy dla jego ca\u0142ej tw\u00f3rczo\u015bci &#8211; Cykl Obraz\u00f3w- relief\u00f3w, w kt\u00f3rym po malarsku &#8216;definiuje&#8217; heraklitejsk\u0105 Form\u0119 obrazowania. Wydawnictwo: Galeria Sztuki Wsp\u00f3\u0142czesnej BWA w Katowicach Rok wydania: 2010<\/p>\n","protected":false},"author":7,"featured_media":1718,"parent":1663,"menu_order":0,"comment_status":"closed","ping_status":"closed","template":"","meta":{"footnotes":""},"class_list":["post-1655","page","type-page","status-publish","has-post-thumbnail","hentry"],"yoast_head":"<!-- This site is optimized with the Yoast SEO plugin v19.12 - https:\/\/yoast.com\/wordpress\/plugins\/seo\/ -->\n<title>Katalog Jerzy Wro\u0144ski - Galeria CENTRUM<\/title>\n<meta name=\"robots\" content=\"index, follow, max-snippet:-1, max-image-preview:large, max-video-preview:-1\" \/>\n<link rel=\"canonical\" href=\"https:\/\/nck.krakow.pl\/galeriacentrum\/katalogi\/wydawnictwo-jerzy-wronski\/\" \/>\n<meta property=\"og:locale\" content=\"pl_PL\" \/>\n<meta property=\"og:type\" content=\"article\" \/>\n<meta property=\"og:title\" content=\"Katalog Jerzy Wro\u0144ski - Galeria CENTRUM\" \/>\n<meta property=\"og:description\" content=\"Jerzy Wro\u0144ski to cz\u0142owiek szczeg\u00f3lny. Trzy lata po uko\u0144czeniu krakowskiej Akademii Jerzy Wro\u0144ski tworzy dojrza\u0142y malarsko i no\u015bny &#8211; Programowy dla jego ca\u0142ej tw\u00f3rczo\u015bci &#8211; Cykl Obraz\u00f3w- relief\u00f3w, w kt\u00f3rym po malarsku &#8216;definiuje&#8217; heraklitejsk\u0105 Form\u0119 obrazowania. Wydawnictwo: Galeria Sztuki Wsp\u00f3\u0142czesnej BWA w Katowicach Rok wydania: 2010\" \/>\n<meta property=\"og:url\" content=\"https:\/\/nck.krakow.pl\/galeriacentrum\/katalogi\/wydawnictwo-jerzy-wronski\/\" \/>\n<meta property=\"og:site_name\" content=\"Galeria CENTRUM\" \/>\n<meta property=\"article:modified_time\" content=\"2017-02-23T11:40:11+00:00\" \/>\n<meta property=\"og:image\" content=\"https:\/\/nck.krakow.pl\/galeriacentrum\/wp-content\/uploads\/2017\/02\/Projekt-bez-tytu\u0142u-8.jpg\" \/>\n\t<meta property=\"og:image:width\" content=\"1024\" \/>\n\t<meta property=\"og:image:height\" content=\"512\" \/>\n\t<meta property=\"og:image:type\" content=\"image\/jpeg\" \/>\n<meta name=\"twitter:card\" content=\"summary_large_image\" \/>\n<script type=\"application\/ld+json\" class=\"yoast-schema-graph\">{\"@context\":\"https:\/\/schema.org\",\"@graph\":[{\"@type\":\"WebPage\",\"@id\":\"https:\/\/nck.krakow.pl\/galeriacentrum\/katalogi\/wydawnictwo-jerzy-wronski\/\",\"url\":\"https:\/\/nck.krakow.pl\/galeriacentrum\/katalogi\/wydawnictwo-jerzy-wronski\/\",\"name\":\"Katalog Jerzy Wro\u0144ski - Galeria CENTRUM\",\"isPartOf\":{\"@id\":\"https:\/\/nck.krakow.pl\/galeriacentrum\/#website\"},\"datePublished\":\"2017-02-22T14:47:26+00:00\",\"dateModified\":\"2017-02-23T11:40:11+00:00\",\"breadcrumb\":{\"@id\":\"https:\/\/nck.krakow.pl\/galeriacentrum\/katalogi\/wydawnictwo-jerzy-wronski\/#breadcrumb\"},\"inLanguage\":\"pl-PL\",\"potentialAction\":[{\"@type\":\"ReadAction\",\"target\":[\"https:\/\/nck.krakow.pl\/galeriacentrum\/katalogi\/wydawnictwo-jerzy-wronski\/\"]}]},{\"@type\":\"BreadcrumbList\",\"@id\":\"https:\/\/nck.krakow.pl\/galeriacentrum\/katalogi\/wydawnictwo-jerzy-wronski\/#breadcrumb\",\"itemListElement\":[{\"@type\":\"ListItem\",\"position\":1,\"name\":\"Strona g\u0142\u00f3wna\",\"item\":\"https:\/\/nck.krakow.pl\/galeriacentrum\/\"},{\"@type\":\"ListItem\",\"position\":2,\"name\":\"Katalogi\",\"item\":\"https:\/\/nck.krakow.pl\/galeriacentrum\/katalogi\/\"},{\"@type\":\"ListItem\",\"position\":3,\"name\":\"Katalog Jerzy Wro\u0144ski\"}]},{\"@type\":\"WebSite\",\"@id\":\"https:\/\/nck.krakow.pl\/galeriacentrum\/#website\",\"url\":\"https:\/\/nck.krakow.pl\/galeriacentrum\/\",\"name\":\"Galeria CENTRUM\",\"description\":\"Galeria Centrum\",\"potentialAction\":[{\"@type\":\"SearchAction\",\"target\":{\"@type\":\"EntryPoint\",\"urlTemplate\":\"https:\/\/nck.krakow.pl\/galeriacentrum\/?s={search_term_string}\"},\"query-input\":\"required name=search_term_string\"}],\"inLanguage\":\"pl-PL\"}]}<\/script>\n<!-- \/ Yoast SEO plugin. -->","yoast_head_json":{"title":"Katalog Jerzy Wro\u0144ski - Galeria CENTRUM","robots":{"index":"index","follow":"follow","max-snippet":"max-snippet:-1","max-image-preview":"max-image-preview:large","max-video-preview":"max-video-preview:-1"},"canonical":"https:\/\/nck.krakow.pl\/galeriacentrum\/katalogi\/wydawnictwo-jerzy-wronski\/","og_locale":"pl_PL","og_type":"article","og_title":"Katalog Jerzy Wro\u0144ski - Galeria CENTRUM","og_description":"Jerzy Wro\u0144ski to cz\u0142owiek szczeg\u00f3lny. Trzy lata po uko\u0144czeniu krakowskiej Akademii Jerzy Wro\u0144ski tworzy dojrza\u0142y malarsko i no\u015bny &#8211; Programowy dla jego ca\u0142ej tw\u00f3rczo\u015bci &#8211; Cykl Obraz\u00f3w- relief\u00f3w, w kt\u00f3rym po malarsku &#8216;definiuje&#8217; heraklitejsk\u0105 Form\u0119 obrazowania. Wydawnictwo: Galeria Sztuki Wsp\u00f3\u0142czesnej BWA w Katowicach Rok wydania: 2010","og_url":"https:\/\/nck.krakow.pl\/galeriacentrum\/katalogi\/wydawnictwo-jerzy-wronski\/","og_site_name":"Galeria CENTRUM","article_modified_time":"2017-02-23T11:40:11+00:00","og_image":[{"width":1024,"height":512,"url":"https:\/\/nck.krakow.pl\/galeriacentrum\/wp-content\/uploads\/2017\/02\/Projekt-bez-tytu\u0142u-8.jpg","type":"image\/jpeg"}],"twitter_card":"summary_large_image","schema":{"@context":"https:\/\/schema.org","@graph":[{"@type":"WebPage","@id":"https:\/\/nck.krakow.pl\/galeriacentrum\/katalogi\/wydawnictwo-jerzy-wronski\/","url":"https:\/\/nck.krakow.pl\/galeriacentrum\/katalogi\/wydawnictwo-jerzy-wronski\/","name":"Katalog Jerzy Wro\u0144ski - Galeria CENTRUM","isPartOf":{"@id":"https:\/\/nck.krakow.pl\/galeriacentrum\/#website"},"datePublished":"2017-02-22T14:47:26+00:00","dateModified":"2017-02-23T11:40:11+00:00","breadcrumb":{"@id":"https:\/\/nck.krakow.pl\/galeriacentrum\/katalogi\/wydawnictwo-jerzy-wronski\/#breadcrumb"},"inLanguage":"pl-PL","potentialAction":[{"@type":"ReadAction","target":["https:\/\/nck.krakow.pl\/galeriacentrum\/katalogi\/wydawnictwo-jerzy-wronski\/"]}]},{"@type":"BreadcrumbList","@id":"https:\/\/nck.krakow.pl\/galeriacentrum\/katalogi\/wydawnictwo-jerzy-wronski\/#breadcrumb","itemListElement":[{"@type":"ListItem","position":1,"name":"Strona g\u0142\u00f3wna","item":"https:\/\/nck.krakow.pl\/galeriacentrum\/"},{"@type":"ListItem","position":2,"name":"Katalogi","item":"https:\/\/nck.krakow.pl\/galeriacentrum\/katalogi\/"},{"@type":"ListItem","position":3,"name":"Katalog Jerzy Wro\u0144ski"}]},{"@type":"WebSite","@id":"https:\/\/nck.krakow.pl\/galeriacentrum\/#website","url":"https:\/\/nck.krakow.pl\/galeriacentrum\/","name":"Galeria CENTRUM","description":"Galeria Centrum","potentialAction":[{"@type":"SearchAction","target":{"@type":"EntryPoint","urlTemplate":"https:\/\/nck.krakow.pl\/galeriacentrum\/?s={search_term_string}"},"query-input":"required name=search_term_string"}],"inLanguage":"pl-PL"}]}},"_links":{"self":[{"href":"https:\/\/nck.krakow.pl\/galeriacentrum\/wp-json\/wp\/v2\/pages\/1655"}],"collection":[{"href":"https:\/\/nck.krakow.pl\/galeriacentrum\/wp-json\/wp\/v2\/pages"}],"about":[{"href":"https:\/\/nck.krakow.pl\/galeriacentrum\/wp-json\/wp\/v2\/types\/page"}],"author":[{"embeddable":true,"href":"https:\/\/nck.krakow.pl\/galeriacentrum\/wp-json\/wp\/v2\/users\/7"}],"replies":[{"embeddable":true,"href":"https:\/\/nck.krakow.pl\/galeriacentrum\/wp-json\/wp\/v2\/comments?post=1655"}],"version-history":[{"count":3,"href":"https:\/\/nck.krakow.pl\/galeriacentrum\/wp-json\/wp\/v2\/pages\/1655\/revisions"}],"predecessor-version":[{"id":1719,"href":"https:\/\/nck.krakow.pl\/galeriacentrum\/wp-json\/wp\/v2\/pages\/1655\/revisions\/1719"}],"up":[{"embeddable":true,"href":"https:\/\/nck.krakow.pl\/galeriacentrum\/wp-json\/wp\/v2\/pages\/1663"}],"wp:featuredmedia":[{"embeddable":true,"href":"https:\/\/nck.krakow.pl\/galeriacentrum\/wp-json\/wp\/v2\/media\/1718"}],"wp:attachment":[{"href":"https:\/\/nck.krakow.pl\/galeriacentrum\/wp-json\/wp\/v2\/media?parent=1655"}],"curies":[{"name":"wp","href":"https:\/\/api.w.org\/{rel}","templated":true}]}}