{"id":1650,"date":"2017-02-22T14:25:21","date_gmt":"2017-02-22T14:25:21","guid":{"rendered":"http:\/\/centrum.nck.krakow.pl\/?page_id=1650"},"modified":"2017-02-23T11:42:16","modified_gmt":"2017-02-23T11:42:16","slug":"wydawnictwo-pracownie-grafiki-warsztatowej-instytutu-plastyki-wsp-czestochowie","status":"publish","type":"page","link":"https:\/\/nck.krakow.pl\/galeriacentrum\/katalogi\/wydawnictwo-pracownie-grafiki-warsztatowej-instytutu-plastyki-wsp-czestochowie\/","title":{"rendered":"Katalog Pracownie Grafiki Warsztatowej Instytutu Plastyki WSP w Cz\u0119stochowie"},"content":{"rendered":"<p>W pi\u0119knej i go\u015bcinnej GALERII CENTRUM Nowohuckiego Centrum Kultury w Krakowie prezentujemy Pa\u0144stwu prace graficzne m\u0142odych ludzi &#8211; student\u00f3w Instytutu Plastyki Wy\u017cszej Szko\u0142y Pedagogicznej w Cz\u0119stochowie.<\/p>\n<p>Wydawnictwo: Nowohuckie Centrum Kultury<br \/>\nRok wydania: 2000<a href=\"http:\/\/centrum.nck.krakow.pl\/wp-content\/uploads\/2017\/02\/Pracownia-Druku-Wkl\u0119s\u0142ego.jpeg\"><img loading=\"lazy\" decoding=\"async\" class=\"size-full wp-image-1653 aligncenter\" src=\"http:\/\/centrum.nck.krakow.pl\/wp-content\/uploads\/2017\/02\/Pracownia-Druku-Wkl\u0119s\u0142ego.jpeg\" alt=\"\" width=\"424\" height=\"608\" srcset=\"https:\/\/nck.krakow.pl\/galeriacentrum\/wp-content\/uploads\/2017\/02\/Pracownia-Druku-Wkl\u0119s\u0142ego.jpeg 424w, https:\/\/nck.krakow.pl\/galeriacentrum\/wp-content\/uploads\/2017\/02\/Pracownia-Druku-Wkl\u0119s\u0142ego-209x300.jpeg 209w\" sizes=\"(max-width: 424px) 100vw, 424px\" \/><\/a><\/p>\n","protected":false},"excerpt":{"rendered":"<p>W pi\u0119knej i go\u015bcinnej GALERII CENTRUM Nowohuckiego Centrum Kultury w Krakowie prezentujemy Pa\u0144stwu prace graficzne m\u0142odych ludzi &#8211; student\u00f3w Instytutu Plastyki Wy\u017cszej Szko\u0142y Pedagogicznej w Cz\u0119stochowie. Wydawnictwo: Nowohuckie Centrum Kultury Rok wydania: 2000<\/p>\n","protected":false},"author":7,"featured_media":1723,"parent":1663,"menu_order":0,"comment_status":"closed","ping_status":"closed","template":"","meta":{"footnotes":""},"class_list":["post-1650","page","type-page","status-publish","has-post-thumbnail","hentry"],"yoast_head":"<!-- This site is optimized with the Yoast SEO plugin v19.12 - https:\/\/yoast.com\/wordpress\/plugins\/seo\/ -->\n<title>Katalog Pracownie Grafiki Warsztatowej Instytutu Plastyki WSP w Cz\u0119stochowie - Galeria CENTRUM<\/title>\n<meta name=\"robots\" content=\"index, follow, max-snippet:-1, max-image-preview:large, max-video-preview:-1\" \/>\n<link rel=\"canonical\" href=\"https:\/\/nck.krakow.pl\/galeriacentrum\/katalogi\/wydawnictwo-pracownie-grafiki-warsztatowej-instytutu-plastyki-wsp-czestochowie\/\" \/>\n<meta property=\"og:locale\" content=\"pl_PL\" \/>\n<meta property=\"og:type\" content=\"article\" \/>\n<meta property=\"og:title\" content=\"Katalog Pracownie Grafiki Warsztatowej Instytutu Plastyki WSP w Cz\u0119stochowie - Galeria CENTRUM\" \/>\n<meta property=\"og:description\" content=\"W pi\u0119knej i go\u015bcinnej GALERII CENTRUM Nowohuckiego Centrum Kultury w Krakowie prezentujemy Pa\u0144stwu prace graficzne m\u0142odych ludzi &#8211; student\u00f3w Instytutu Plastyki Wy\u017cszej Szko\u0142y Pedagogicznej w Cz\u0119stochowie. Wydawnictwo: Nowohuckie Centrum Kultury Rok wydania: 2000\" \/>\n<meta property=\"og:url\" content=\"https:\/\/nck.krakow.pl\/galeriacentrum\/katalogi\/wydawnictwo-pracownie-grafiki-warsztatowej-instytutu-plastyki-wsp-czestochowie\/\" \/>\n<meta property=\"og:site_name\" content=\"Galeria CENTRUM\" \/>\n<meta property=\"article:modified_time\" content=\"2017-02-23T11:42:16+00:00\" \/>\n<meta property=\"og:image\" content=\"https:\/\/nck.krakow.pl\/galeriacentrum\/wp-content\/uploads\/2017\/02\/Projekt-bez-tytu\u0142u-9.jpg\" \/>\n\t<meta property=\"og:image:width\" content=\"1024\" \/>\n\t<meta property=\"og:image:height\" content=\"512\" \/>\n\t<meta property=\"og:image:type\" content=\"image\/jpeg\" \/>\n<meta name=\"twitter:card\" content=\"summary_large_image\" \/>\n<script type=\"application\/ld+json\" class=\"yoast-schema-graph\">{\"@context\":\"https:\/\/schema.org\",\"@graph\":[{\"@type\":\"WebPage\",\"@id\":\"https:\/\/nck.krakow.pl\/galeriacentrum\/katalogi\/wydawnictwo-pracownie-grafiki-warsztatowej-instytutu-plastyki-wsp-czestochowie\/\",\"url\":\"https:\/\/nck.krakow.pl\/galeriacentrum\/katalogi\/wydawnictwo-pracownie-grafiki-warsztatowej-instytutu-plastyki-wsp-czestochowie\/\",\"name\":\"Katalog Pracownie Grafiki Warsztatowej Instytutu Plastyki WSP w Cz\u0119stochowie - Galeria CENTRUM\",\"isPartOf\":{\"@id\":\"https:\/\/nck.krakow.pl\/galeriacentrum\/#website\"},\"datePublished\":\"2017-02-22T14:25:21+00:00\",\"dateModified\":\"2017-02-23T11:42:16+00:00\",\"breadcrumb\":{\"@id\":\"https:\/\/nck.krakow.pl\/galeriacentrum\/katalogi\/wydawnictwo-pracownie-grafiki-warsztatowej-instytutu-plastyki-wsp-czestochowie\/#breadcrumb\"},\"inLanguage\":\"pl-PL\",\"potentialAction\":[{\"@type\":\"ReadAction\",\"target\":[\"https:\/\/nck.krakow.pl\/galeriacentrum\/katalogi\/wydawnictwo-pracownie-grafiki-warsztatowej-instytutu-plastyki-wsp-czestochowie\/\"]}]},{\"@type\":\"BreadcrumbList\",\"@id\":\"https:\/\/nck.krakow.pl\/galeriacentrum\/katalogi\/wydawnictwo-pracownie-grafiki-warsztatowej-instytutu-plastyki-wsp-czestochowie\/#breadcrumb\",\"itemListElement\":[{\"@type\":\"ListItem\",\"position\":1,\"name\":\"Strona g\u0142\u00f3wna\",\"item\":\"https:\/\/nck.krakow.pl\/galeriacentrum\/\"},{\"@type\":\"ListItem\",\"position\":2,\"name\":\"Katalogi\",\"item\":\"https:\/\/nck.krakow.pl\/galeriacentrum\/katalogi\/\"},{\"@type\":\"ListItem\",\"position\":3,\"name\":\"Katalog Pracownie Grafiki Warsztatowej Instytutu Plastyki WSP w Cz\u0119stochowie\"}]},{\"@type\":\"WebSite\",\"@id\":\"https:\/\/nck.krakow.pl\/galeriacentrum\/#website\",\"url\":\"https:\/\/nck.krakow.pl\/galeriacentrum\/\",\"name\":\"Galeria CENTRUM\",\"description\":\"Galeria Centrum\",\"potentialAction\":[{\"@type\":\"SearchAction\",\"target\":{\"@type\":\"EntryPoint\",\"urlTemplate\":\"https:\/\/nck.krakow.pl\/galeriacentrum\/?s={search_term_string}\"},\"query-input\":\"required name=search_term_string\"}],\"inLanguage\":\"pl-PL\"}]}<\/script>\n<!-- \/ Yoast SEO plugin. -->","yoast_head_json":{"title":"Katalog Pracownie Grafiki Warsztatowej Instytutu Plastyki WSP w Cz\u0119stochowie - Galeria CENTRUM","robots":{"index":"index","follow":"follow","max-snippet":"max-snippet:-1","max-image-preview":"max-image-preview:large","max-video-preview":"max-video-preview:-1"},"canonical":"https:\/\/nck.krakow.pl\/galeriacentrum\/katalogi\/wydawnictwo-pracownie-grafiki-warsztatowej-instytutu-plastyki-wsp-czestochowie\/","og_locale":"pl_PL","og_type":"article","og_title":"Katalog Pracownie Grafiki Warsztatowej Instytutu Plastyki WSP w Cz\u0119stochowie - Galeria CENTRUM","og_description":"W pi\u0119knej i go\u015bcinnej GALERII CENTRUM Nowohuckiego Centrum Kultury w Krakowie prezentujemy Pa\u0144stwu prace graficzne m\u0142odych ludzi &#8211; student\u00f3w Instytutu Plastyki Wy\u017cszej Szko\u0142y Pedagogicznej w Cz\u0119stochowie. Wydawnictwo: Nowohuckie Centrum Kultury Rok wydania: 2000","og_url":"https:\/\/nck.krakow.pl\/galeriacentrum\/katalogi\/wydawnictwo-pracownie-grafiki-warsztatowej-instytutu-plastyki-wsp-czestochowie\/","og_site_name":"Galeria CENTRUM","article_modified_time":"2017-02-23T11:42:16+00:00","og_image":[{"width":1024,"height":512,"url":"https:\/\/nck.krakow.pl\/galeriacentrum\/wp-content\/uploads\/2017\/02\/Projekt-bez-tytu\u0142u-9.jpg","type":"image\/jpeg"}],"twitter_card":"summary_large_image","schema":{"@context":"https:\/\/schema.org","@graph":[{"@type":"WebPage","@id":"https:\/\/nck.krakow.pl\/galeriacentrum\/katalogi\/wydawnictwo-pracownie-grafiki-warsztatowej-instytutu-plastyki-wsp-czestochowie\/","url":"https:\/\/nck.krakow.pl\/galeriacentrum\/katalogi\/wydawnictwo-pracownie-grafiki-warsztatowej-instytutu-plastyki-wsp-czestochowie\/","name":"Katalog Pracownie Grafiki Warsztatowej Instytutu Plastyki WSP w Cz\u0119stochowie - Galeria CENTRUM","isPartOf":{"@id":"https:\/\/nck.krakow.pl\/galeriacentrum\/#website"},"datePublished":"2017-02-22T14:25:21+00:00","dateModified":"2017-02-23T11:42:16+00:00","breadcrumb":{"@id":"https:\/\/nck.krakow.pl\/galeriacentrum\/katalogi\/wydawnictwo-pracownie-grafiki-warsztatowej-instytutu-plastyki-wsp-czestochowie\/#breadcrumb"},"inLanguage":"pl-PL","potentialAction":[{"@type":"ReadAction","target":["https:\/\/nck.krakow.pl\/galeriacentrum\/katalogi\/wydawnictwo-pracownie-grafiki-warsztatowej-instytutu-plastyki-wsp-czestochowie\/"]}]},{"@type":"BreadcrumbList","@id":"https:\/\/nck.krakow.pl\/galeriacentrum\/katalogi\/wydawnictwo-pracownie-grafiki-warsztatowej-instytutu-plastyki-wsp-czestochowie\/#breadcrumb","itemListElement":[{"@type":"ListItem","position":1,"name":"Strona g\u0142\u00f3wna","item":"https:\/\/nck.krakow.pl\/galeriacentrum\/"},{"@type":"ListItem","position":2,"name":"Katalogi","item":"https:\/\/nck.krakow.pl\/galeriacentrum\/katalogi\/"},{"@type":"ListItem","position":3,"name":"Katalog Pracownie Grafiki Warsztatowej Instytutu Plastyki WSP w Cz\u0119stochowie"}]},{"@type":"WebSite","@id":"https:\/\/nck.krakow.pl\/galeriacentrum\/#website","url":"https:\/\/nck.krakow.pl\/galeriacentrum\/","name":"Galeria CENTRUM","description":"Galeria Centrum","potentialAction":[{"@type":"SearchAction","target":{"@type":"EntryPoint","urlTemplate":"https:\/\/nck.krakow.pl\/galeriacentrum\/?s={search_term_string}"},"query-input":"required name=search_term_string"}],"inLanguage":"pl-PL"}]}},"_links":{"self":[{"href":"https:\/\/nck.krakow.pl\/galeriacentrum\/wp-json\/wp\/v2\/pages\/1650"}],"collection":[{"href":"https:\/\/nck.krakow.pl\/galeriacentrum\/wp-json\/wp\/v2\/pages"}],"about":[{"href":"https:\/\/nck.krakow.pl\/galeriacentrum\/wp-json\/wp\/v2\/types\/page"}],"author":[{"embeddable":true,"href":"https:\/\/nck.krakow.pl\/galeriacentrum\/wp-json\/wp\/v2\/users\/7"}],"replies":[{"embeddable":true,"href":"https:\/\/nck.krakow.pl\/galeriacentrum\/wp-json\/wp\/v2\/comments?post=1650"}],"version-history":[{"count":3,"href":"https:\/\/nck.krakow.pl\/galeriacentrum\/wp-json\/wp\/v2\/pages\/1650\/revisions"}],"predecessor-version":[{"id":1724,"href":"https:\/\/nck.krakow.pl\/galeriacentrum\/wp-json\/wp\/v2\/pages\/1650\/revisions\/1724"}],"up":[{"embeddable":true,"href":"https:\/\/nck.krakow.pl\/galeriacentrum\/wp-json\/wp\/v2\/pages\/1663"}],"wp:featuredmedia":[{"embeddable":true,"href":"https:\/\/nck.krakow.pl\/galeriacentrum\/wp-json\/wp\/v2\/media\/1723"}],"wp:attachment":[{"href":"https:\/\/nck.krakow.pl\/galeriacentrum\/wp-json\/wp\/v2\/media?parent=1650"}],"curies":[{"name":"wp","href":"https:\/\/api.w.org\/{rel}","templated":true}]}}