{"id":1634,"date":"2017-02-22T13:42:50","date_gmt":"2017-02-22T13:42:50","guid":{"rendered":"http:\/\/centrum.nck.krakow.pl\/?page_id=1634"},"modified":"2017-02-23T10:50:55","modified_gmt":"2017-02-23T10:50:55","slug":"katalog-salon-malarstwa-rzezby-zpap","status":"publish","type":"page","link":"https:\/\/nck.krakow.pl\/galeriacentrum\/katalogi\/katalog-salon-malarstwa-rzezby-zpap\/","title":{"rendered":"Katalog Salon malarstwa i rze\u017aby ZPAP"},"content":{"rendered":"<p>Salon Malarstwa i Rze\u017aby 2009, to doroczna wystawa krakowskiego \u015brodowiska plastycznego w dziedzinie malarstwa i rze\u017aby, organizowana przez Zwi\u0105zek Polskich Plastyk\u00f3w-Okr\u0119g Krakowski.<\/p>\n<p>Wydawnictwo: Zwi\u0105zek Polskich Artyst\u00f3w Plastyk\u00f3w Okr\u0119g Krakowski<br \/>\nRok wydania: 2009<a href=\"http:\/\/centrum.nck.krakow.pl\/wp-content\/uploads\/2017\/02\/ZPAP.jpeg\"><img loading=\"lazy\" decoding=\"async\" class=\"size-full wp-image-1637 aligncenter\" src=\"http:\/\/centrum.nck.krakow.pl\/wp-content\/uploads\/2017\/02\/ZPAP.jpeg\" alt=\"\" width=\"413\" height=\"626\" srcset=\"https:\/\/nck.krakow.pl\/galeriacentrum\/wp-content\/uploads\/2017\/02\/ZPAP.jpeg 413w, https:\/\/nck.krakow.pl\/galeriacentrum\/wp-content\/uploads\/2017\/02\/ZPAP-198x300.jpeg 198w\" sizes=\"(max-width: 413px) 100vw, 413px\" \/><\/a><\/p>\n","protected":false},"excerpt":{"rendered":"<p>Salon Malarstwa i Rze\u017aby 2009, to doroczna wystawa krakowskiego \u015brodowiska plastycznego w dziedzinie malarstwa i rze\u017aby, organizowana przez Zwi\u0105zek Polskich Plastyk\u00f3w-Okr\u0119g Krakowski. Wydawnictwo: Zwi\u0105zek Polskich Artyst\u00f3w Plastyk\u00f3w Okr\u0119g Krakowski Rok wydania: 2009<\/p>\n","protected":false},"author":7,"featured_media":1693,"parent":1663,"menu_order":0,"comment_status":"closed","ping_status":"closed","template":"","meta":{"footnotes":""},"class_list":["post-1634","page","type-page","status-publish","has-post-thumbnail","hentry"],"yoast_head":"<!-- This site is optimized with the Yoast SEO plugin v19.12 - https:\/\/yoast.com\/wordpress\/plugins\/seo\/ -->\n<title>Katalog Salon malarstwa i rze\u017aby ZPAP - Galeria CENTRUM<\/title>\n<meta name=\"robots\" content=\"index, follow, max-snippet:-1, max-image-preview:large, max-video-preview:-1\" \/>\n<link rel=\"canonical\" href=\"https:\/\/nck.krakow.pl\/galeriacentrum\/katalogi\/katalog-salon-malarstwa-rzezby-zpap\/\" \/>\n<meta property=\"og:locale\" content=\"pl_PL\" \/>\n<meta property=\"og:type\" content=\"article\" \/>\n<meta property=\"og:title\" content=\"Katalog Salon malarstwa i rze\u017aby ZPAP - Galeria CENTRUM\" \/>\n<meta property=\"og:description\" content=\"Salon Malarstwa i Rze\u017aby 2009, to doroczna wystawa krakowskiego \u015brodowiska plastycznego w dziedzinie malarstwa i rze\u017aby, organizowana przez Zwi\u0105zek Polskich Plastyk\u00f3w-Okr\u0119g Krakowski. Wydawnictwo: Zwi\u0105zek Polskich Artyst\u00f3w Plastyk\u00f3w Okr\u0119g Krakowski Rok wydania: 2009\" \/>\n<meta property=\"og:url\" content=\"https:\/\/nck.krakow.pl\/galeriacentrum\/katalogi\/katalog-salon-malarstwa-rzezby-zpap\/\" \/>\n<meta property=\"og:site_name\" content=\"Galeria CENTRUM\" \/>\n<meta property=\"article:modified_time\" content=\"2017-02-23T10:50:55+00:00\" \/>\n<meta property=\"og:image\" content=\"https:\/\/nck.krakow.pl\/galeriacentrum\/wp-content\/uploads\/2017\/02\/Projekt-bez-tytu\u0142u-4.jpg\" \/>\n\t<meta property=\"og:image:width\" content=\"1024\" \/>\n\t<meta property=\"og:image:height\" content=\"512\" \/>\n\t<meta property=\"og:image:type\" content=\"image\/jpeg\" \/>\n<meta name=\"twitter:card\" content=\"summary_large_image\" \/>\n<script type=\"application\/ld+json\" class=\"yoast-schema-graph\">{\"@context\":\"https:\/\/schema.org\",\"@graph\":[{\"@type\":\"WebPage\",\"@id\":\"https:\/\/nck.krakow.pl\/galeriacentrum\/katalogi\/katalog-salon-malarstwa-rzezby-zpap\/\",\"url\":\"https:\/\/nck.krakow.pl\/galeriacentrum\/katalogi\/katalog-salon-malarstwa-rzezby-zpap\/\",\"name\":\"Katalog Salon malarstwa i rze\u017aby ZPAP - Galeria CENTRUM\",\"isPartOf\":{\"@id\":\"https:\/\/nck.krakow.pl\/galeriacentrum\/#website\"},\"datePublished\":\"2017-02-22T13:42:50+00:00\",\"dateModified\":\"2017-02-23T10:50:55+00:00\",\"breadcrumb\":{\"@id\":\"https:\/\/nck.krakow.pl\/galeriacentrum\/katalogi\/katalog-salon-malarstwa-rzezby-zpap\/#breadcrumb\"},\"inLanguage\":\"pl-PL\",\"potentialAction\":[{\"@type\":\"ReadAction\",\"target\":[\"https:\/\/nck.krakow.pl\/galeriacentrum\/katalogi\/katalog-salon-malarstwa-rzezby-zpap\/\"]}]},{\"@type\":\"BreadcrumbList\",\"@id\":\"https:\/\/nck.krakow.pl\/galeriacentrum\/katalogi\/katalog-salon-malarstwa-rzezby-zpap\/#breadcrumb\",\"itemListElement\":[{\"@type\":\"ListItem\",\"position\":1,\"name\":\"Strona g\u0142\u00f3wna\",\"item\":\"https:\/\/nck.krakow.pl\/galeriacentrum\/\"},{\"@type\":\"ListItem\",\"position\":2,\"name\":\"Katalogi\",\"item\":\"https:\/\/nck.krakow.pl\/galeriacentrum\/katalogi\/\"},{\"@type\":\"ListItem\",\"position\":3,\"name\":\"Katalog Salon malarstwa i rze\u017aby ZPAP\"}]},{\"@type\":\"WebSite\",\"@id\":\"https:\/\/nck.krakow.pl\/galeriacentrum\/#website\",\"url\":\"https:\/\/nck.krakow.pl\/galeriacentrum\/\",\"name\":\"Galeria CENTRUM\",\"description\":\"Galeria Centrum\",\"potentialAction\":[{\"@type\":\"SearchAction\",\"target\":{\"@type\":\"EntryPoint\",\"urlTemplate\":\"https:\/\/nck.krakow.pl\/galeriacentrum\/?s={search_term_string}\"},\"query-input\":\"required name=search_term_string\"}],\"inLanguage\":\"pl-PL\"}]}<\/script>\n<!-- \/ Yoast SEO plugin. -->","yoast_head_json":{"title":"Katalog Salon malarstwa i rze\u017aby ZPAP - Galeria CENTRUM","robots":{"index":"index","follow":"follow","max-snippet":"max-snippet:-1","max-image-preview":"max-image-preview:large","max-video-preview":"max-video-preview:-1"},"canonical":"https:\/\/nck.krakow.pl\/galeriacentrum\/katalogi\/katalog-salon-malarstwa-rzezby-zpap\/","og_locale":"pl_PL","og_type":"article","og_title":"Katalog Salon malarstwa i rze\u017aby ZPAP - Galeria CENTRUM","og_description":"Salon Malarstwa i Rze\u017aby 2009, to doroczna wystawa krakowskiego \u015brodowiska plastycznego w dziedzinie malarstwa i rze\u017aby, organizowana przez Zwi\u0105zek Polskich Plastyk\u00f3w-Okr\u0119g Krakowski. Wydawnictwo: Zwi\u0105zek Polskich Artyst\u00f3w Plastyk\u00f3w Okr\u0119g Krakowski Rok wydania: 2009","og_url":"https:\/\/nck.krakow.pl\/galeriacentrum\/katalogi\/katalog-salon-malarstwa-rzezby-zpap\/","og_site_name":"Galeria CENTRUM","article_modified_time":"2017-02-23T10:50:55+00:00","og_image":[{"width":1024,"height":512,"url":"https:\/\/nck.krakow.pl\/galeriacentrum\/wp-content\/uploads\/2017\/02\/Projekt-bez-tytu\u0142u-4.jpg","type":"image\/jpeg"}],"twitter_card":"summary_large_image","schema":{"@context":"https:\/\/schema.org","@graph":[{"@type":"WebPage","@id":"https:\/\/nck.krakow.pl\/galeriacentrum\/katalogi\/katalog-salon-malarstwa-rzezby-zpap\/","url":"https:\/\/nck.krakow.pl\/galeriacentrum\/katalogi\/katalog-salon-malarstwa-rzezby-zpap\/","name":"Katalog Salon malarstwa i rze\u017aby ZPAP - Galeria CENTRUM","isPartOf":{"@id":"https:\/\/nck.krakow.pl\/galeriacentrum\/#website"},"datePublished":"2017-02-22T13:42:50+00:00","dateModified":"2017-02-23T10:50:55+00:00","breadcrumb":{"@id":"https:\/\/nck.krakow.pl\/galeriacentrum\/katalogi\/katalog-salon-malarstwa-rzezby-zpap\/#breadcrumb"},"inLanguage":"pl-PL","potentialAction":[{"@type":"ReadAction","target":["https:\/\/nck.krakow.pl\/galeriacentrum\/katalogi\/katalog-salon-malarstwa-rzezby-zpap\/"]}]},{"@type":"BreadcrumbList","@id":"https:\/\/nck.krakow.pl\/galeriacentrum\/katalogi\/katalog-salon-malarstwa-rzezby-zpap\/#breadcrumb","itemListElement":[{"@type":"ListItem","position":1,"name":"Strona g\u0142\u00f3wna","item":"https:\/\/nck.krakow.pl\/galeriacentrum\/"},{"@type":"ListItem","position":2,"name":"Katalogi","item":"https:\/\/nck.krakow.pl\/galeriacentrum\/katalogi\/"},{"@type":"ListItem","position":3,"name":"Katalog Salon malarstwa i rze\u017aby ZPAP"}]},{"@type":"WebSite","@id":"https:\/\/nck.krakow.pl\/galeriacentrum\/#website","url":"https:\/\/nck.krakow.pl\/galeriacentrum\/","name":"Galeria CENTRUM","description":"Galeria Centrum","potentialAction":[{"@type":"SearchAction","target":{"@type":"EntryPoint","urlTemplate":"https:\/\/nck.krakow.pl\/galeriacentrum\/?s={search_term_string}"},"query-input":"required name=search_term_string"}],"inLanguage":"pl-PL"}]}},"_links":{"self":[{"href":"https:\/\/nck.krakow.pl\/galeriacentrum\/wp-json\/wp\/v2\/pages\/1634"}],"collection":[{"href":"https:\/\/nck.krakow.pl\/galeriacentrum\/wp-json\/wp\/v2\/pages"}],"about":[{"href":"https:\/\/nck.krakow.pl\/galeriacentrum\/wp-json\/wp\/v2\/types\/page"}],"author":[{"embeddable":true,"href":"https:\/\/nck.krakow.pl\/galeriacentrum\/wp-json\/wp\/v2\/users\/7"}],"replies":[{"embeddable":true,"href":"https:\/\/nck.krakow.pl\/galeriacentrum\/wp-json\/wp\/v2\/comments?post=1634"}],"version-history":[{"count":1,"href":"https:\/\/nck.krakow.pl\/galeriacentrum\/wp-json\/wp\/v2\/pages\/1634\/revisions"}],"predecessor-version":[{"id":1638,"href":"https:\/\/nck.krakow.pl\/galeriacentrum\/wp-json\/wp\/v2\/pages\/1634\/revisions\/1638"}],"up":[{"embeddable":true,"href":"https:\/\/nck.krakow.pl\/galeriacentrum\/wp-json\/wp\/v2\/pages\/1663"}],"wp:featuredmedia":[{"embeddable":true,"href":"https:\/\/nck.krakow.pl\/galeriacentrum\/wp-json\/wp\/v2\/media\/1693"}],"wp:attachment":[{"href":"https:\/\/nck.krakow.pl\/galeriacentrum\/wp-json\/wp\/v2\/media?parent=1634"}],"curies":[{"name":"wp","href":"https:\/\/api.w.org\/{rel}","templated":true}]}}