{"id":1622,"date":"2017-02-22T13:33:06","date_gmt":"2017-02-22T13:33:06","guid":{"rendered":"http:\/\/centrum.nck.krakow.pl\/?page_id=1622"},"modified":"2017-02-23T09:51:26","modified_gmt":"2017-02-23T09:51:26","slug":"katalog-5-miedzynarodowe-biennale-miniatury","status":"publish","type":"page","link":"https:\/\/nck.krakow.pl\/galeriacentrum\/katalogi\/katalog-5-miedzynarodowe-biennale-miniatury\/","title":{"rendered":"Katalog 5. Mi\u0119dzynarodowe Biennale Miniatury"},"content":{"rendered":"<p>Dni 7 czerwca 2008 r. w O\u015brodku Promocji Kultury w Cz\u0119stochowie rozstrzygni\u0119to etap konkursowy. Komisja konkursowa postanowi\u0142a zakwalifikowa\u0107 na wystaw\u0119 245 prac, 148 autor\u00f3w i przyzna\u0107 4 nagrody regulaminowe oraz 5 wyr\u00f3\u017cnie\u0144 honorowych:<\/p>\n<p>\u2013\u00a0\u00a0Grand Prix konkursu fundowane przez Prezydenta Miasta:<br \/>\nMAGDALENA SZCZ\u0118\u015aKNIA (Krak\u00f3w, Polska)<br \/>\nza\u00a0\u00a0prac\u0119\u00a0<em>Kieszonkowy portret trumienny II<\/em>\u00a0\u00a0\/tech. mieszana na blasze\/<\/p>\n<p>\u2013\u00a0\u00a0\u00a0I\u00a0\u00a0Nagroda\u00a0\u00a0AGNIESZKA SITKO\u00a0(Miko\u0142\u00f3w, Polska)<br \/>\nza zestaw trzech prac\u00a0<em>O kobiecie<\/em>\u00a0\/tech. digital print\/<\/p>\n<p>&nbsp;<\/p>\n<p>\u2013\u00a0\u00a0II\u00a0\u00a0Nagroda ANNE ROSSI\u00a0(Seinajoki, Finlandia)<br \/>\nza\u00a0\u00a0zestaw trzech prac\u00a0<em>Insert<\/em>\u00a0\/akwarela\/<\/p>\n<p>&nbsp;<\/p>\n<p>\u2013\u00a0III\u00a0\u00a0Nagroda CATHERINE M. STEWART\u00a0(Vancouver, Kanada)<br \/>\nza zestaw trzech prac\u00a0<em>Natural Affinities<\/em>\u00a0\/tech. w\u0142asna\/<\/p>\n<p>Wydawnictwo: Agencja Reklamowo-Wydawnicza Fine Grain Sp. z.o.o.<br \/>\nRok wydania: 2008<a href=\"http:\/\/centrum.nck.krakow.pl\/wp-content\/uploads\/2017\/02\/5-mi\u0119dzynarodowa.jpeg\"><img loading=\"lazy\" decoding=\"async\" class=\"size-full wp-image-1632 aligncenter\" src=\"http:\/\/centrum.nck.krakow.pl\/wp-content\/uploads\/2017\/02\/5-mi\u0119dzynarodowa.jpeg\" alt=\"\" width=\"502\" height=\"506\" srcset=\"https:\/\/nck.krakow.pl\/galeriacentrum\/wp-content\/uploads\/2017\/02\/5-mi\u0119dzynarodowa.jpeg 502w, https:\/\/nck.krakow.pl\/galeriacentrum\/wp-content\/uploads\/2017\/02\/5-mi\u0119dzynarodowa-150x150.jpeg 150w, https:\/\/nck.krakow.pl\/galeriacentrum\/wp-content\/uploads\/2017\/02\/5-mi\u0119dzynarodowa-298x300.jpeg 298w\" sizes=\"(max-width: 502px) 100vw, 502px\" \/><\/a><\/p>\n<p><span style=\"border-radius: 2px; text-indent: 20px; width: auto; padding: 0px 4px 0px 0px; text-align: center; font: bold 11px\/20px 'Helvetica Neue',Helvetica,sans-serif; color: #ffffff; background: #bd081c no-repeat scroll 3px 50% \/ 14px 14px; position: absolute; opacity: 1; z-index: 8675309; display: none; cursor: pointer; top: 508px; left: 299px;\">Zapisz<\/span><\/p>\n","protected":false},"excerpt":{"rendered":"<p>Dni 7 czerwca 2008 r. w O\u015brodku Promocji Kultury w Cz\u0119stochowie rozstrzygni\u0119to etap konkursowy. Komisja konkursowa postanowi\u0142a zakwalifikowa\u0107 na wystaw\u0119 245 prac, 148 autor\u00f3w i przyzna\u0107 4 nagrody regulaminowe oraz 5 wyr\u00f3\u017cnie\u0144 honorowych: \u2013\u00a0\u00a0Grand Prix konkursu fundowane przez Prezydenta Miasta: MAGDALENA SZCZ\u0118\u015aKNIA (Krak\u00f3w, Polska) za\u00a0\u00a0prac\u0119\u00a0Kieszonkowy portret trumienny II\u00a0\u00a0\/tech. mieszana na blasze\/ \u2013\u00a0\u00a0\u00a0I\u00a0\u00a0Nagroda\u00a0\u00a0AGNIESZKA SITKO\u00a0(Miko\u0142\u00f3w, Polska) za<a class=\"moretag\" href=\"https:\/\/nck.krakow.pl\/galeriacentrum\/katalogi\/katalog-5-miedzynarodowe-biennale-miniatury\/\"><span class=\"screen-reader-text\">Wi\u0119cej oKatalog 5. Mi\u0119dzynarodowe Biennale Miniatury<\/span>[&#8230;]<\/a><\/p>\n","protected":false},"author":7,"featured_media":1678,"parent":1663,"menu_order":0,"comment_status":"closed","ping_status":"closed","template":"","meta":{"footnotes":""},"class_list":["post-1622","page","type-page","status-publish","has-post-thumbnail","hentry"],"yoast_head":"<!-- This site is optimized with the Yoast SEO plugin v19.12 - https:\/\/yoast.com\/wordpress\/plugins\/seo\/ -->\n<title>Katalog 5. Mi\u0119dzynarodowe Biennale Miniatury - Galeria CENTRUM<\/title>\n<meta name=\"robots\" content=\"index, follow, max-snippet:-1, max-image-preview:large, max-video-preview:-1\" \/>\n<link rel=\"canonical\" href=\"https:\/\/nck.krakow.pl\/galeriacentrum\/katalogi\/katalog-5-miedzynarodowe-biennale-miniatury\/\" \/>\n<meta property=\"og:locale\" content=\"pl_PL\" \/>\n<meta property=\"og:type\" content=\"article\" \/>\n<meta property=\"og:title\" content=\"Katalog 5. Mi\u0119dzynarodowe Biennale Miniatury - Galeria CENTRUM\" \/>\n<meta property=\"og:description\" content=\"Dni 7 czerwca 2008 r. w O\u015brodku Promocji Kultury w Cz\u0119stochowie rozstrzygni\u0119to etap konkursowy. Komisja konkursowa postanowi\u0142a zakwalifikowa\u0107 na wystaw\u0119 245 prac, 148 autor\u00f3w i przyzna\u0107 4 nagrody regulaminowe oraz 5 wyr\u00f3\u017cnie\u0144 honorowych: \u2013\u00a0\u00a0Grand Prix konkursu fundowane przez Prezydenta Miasta: MAGDALENA SZCZ\u0118\u015aKNIA (Krak\u00f3w, Polska) za\u00a0\u00a0prac\u0119\u00a0Kieszonkowy portret trumienny II\u00a0\u00a0\/tech. mieszana na blasze\/ \u2013\u00a0\u00a0\u00a0I\u00a0\u00a0Nagroda\u00a0\u00a0AGNIESZKA SITKO\u00a0(Miko\u0142\u00f3w, Polska) zaWi\u0119cej oKatalog 5. Mi\u0119dzynarodowe Biennale Miniatury[...]\" \/>\n<meta property=\"og:url\" content=\"https:\/\/nck.krakow.pl\/galeriacentrum\/katalogi\/katalog-5-miedzynarodowe-biennale-miniatury\/\" \/>\n<meta property=\"og:site_name\" content=\"Galeria CENTRUM\" \/>\n<meta property=\"article:modified_time\" content=\"2017-02-23T09:51:26+00:00\" \/>\n<meta property=\"og:image\" content=\"https:\/\/nck.krakow.pl\/galeriacentrum\/wp-content\/uploads\/2017\/02\/Projekt-bez-tytu\u0142u.jpg\" \/>\n\t<meta property=\"og:image:width\" content=\"1024\" \/>\n\t<meta property=\"og:image:height\" content=\"512\" \/>\n\t<meta property=\"og:image:type\" content=\"image\/jpeg\" \/>\n<meta name=\"twitter:card\" content=\"summary_large_image\" \/>\n<meta name=\"twitter:label1\" content=\"Est. reading time\" \/>\n\t<meta name=\"twitter:data1\" content=\"1 minuta\" \/>\n<script type=\"application\/ld+json\" class=\"yoast-schema-graph\">{\"@context\":\"https:\/\/schema.org\",\"@graph\":[{\"@type\":\"WebPage\",\"@id\":\"https:\/\/nck.krakow.pl\/galeriacentrum\/katalogi\/katalog-5-miedzynarodowe-biennale-miniatury\/\",\"url\":\"https:\/\/nck.krakow.pl\/galeriacentrum\/katalogi\/katalog-5-miedzynarodowe-biennale-miniatury\/\",\"name\":\"Katalog 5. Mi\u0119dzynarodowe Biennale Miniatury - Galeria CENTRUM\",\"isPartOf\":{\"@id\":\"https:\/\/nck.krakow.pl\/galeriacentrum\/#website\"},\"datePublished\":\"2017-02-22T13:33:06+00:00\",\"dateModified\":\"2017-02-23T09:51:26+00:00\",\"breadcrumb\":{\"@id\":\"https:\/\/nck.krakow.pl\/galeriacentrum\/katalogi\/katalog-5-miedzynarodowe-biennale-miniatury\/#breadcrumb\"},\"inLanguage\":\"pl-PL\",\"potentialAction\":[{\"@type\":\"ReadAction\",\"target\":[\"https:\/\/nck.krakow.pl\/galeriacentrum\/katalogi\/katalog-5-miedzynarodowe-biennale-miniatury\/\"]}]},{\"@type\":\"BreadcrumbList\",\"@id\":\"https:\/\/nck.krakow.pl\/galeriacentrum\/katalogi\/katalog-5-miedzynarodowe-biennale-miniatury\/#breadcrumb\",\"itemListElement\":[{\"@type\":\"ListItem\",\"position\":1,\"name\":\"Strona g\u0142\u00f3wna\",\"item\":\"https:\/\/nck.krakow.pl\/galeriacentrum\/\"},{\"@type\":\"ListItem\",\"position\":2,\"name\":\"Katalogi\",\"item\":\"https:\/\/nck.krakow.pl\/galeriacentrum\/katalogi\/\"},{\"@type\":\"ListItem\",\"position\":3,\"name\":\"Katalog 5. Mi\u0119dzynarodowe Biennale Miniatury\"}]},{\"@type\":\"WebSite\",\"@id\":\"https:\/\/nck.krakow.pl\/galeriacentrum\/#website\",\"url\":\"https:\/\/nck.krakow.pl\/galeriacentrum\/\",\"name\":\"Galeria CENTRUM\",\"description\":\"Galeria Centrum\",\"potentialAction\":[{\"@type\":\"SearchAction\",\"target\":{\"@type\":\"EntryPoint\",\"urlTemplate\":\"https:\/\/nck.krakow.pl\/galeriacentrum\/?s={search_term_string}\"},\"query-input\":\"required name=search_term_string\"}],\"inLanguage\":\"pl-PL\"}]}<\/script>\n<!-- \/ Yoast SEO plugin. -->","yoast_head_json":{"title":"Katalog 5. Mi\u0119dzynarodowe Biennale Miniatury - Galeria CENTRUM","robots":{"index":"index","follow":"follow","max-snippet":"max-snippet:-1","max-image-preview":"max-image-preview:large","max-video-preview":"max-video-preview:-1"},"canonical":"https:\/\/nck.krakow.pl\/galeriacentrum\/katalogi\/katalog-5-miedzynarodowe-biennale-miniatury\/","og_locale":"pl_PL","og_type":"article","og_title":"Katalog 5. Mi\u0119dzynarodowe Biennale Miniatury - Galeria CENTRUM","og_description":"Dni 7 czerwca 2008 r. w O\u015brodku Promocji Kultury w Cz\u0119stochowie rozstrzygni\u0119to etap konkursowy. Komisja konkursowa postanowi\u0142a zakwalifikowa\u0107 na wystaw\u0119 245 prac, 148 autor\u00f3w i przyzna\u0107 4 nagrody regulaminowe oraz 5 wyr\u00f3\u017cnie\u0144 honorowych: \u2013\u00a0\u00a0Grand Prix konkursu fundowane przez Prezydenta Miasta: MAGDALENA SZCZ\u0118\u015aKNIA (Krak\u00f3w, Polska) za\u00a0\u00a0prac\u0119\u00a0Kieszonkowy portret trumienny II\u00a0\u00a0\/tech. mieszana na blasze\/ \u2013\u00a0\u00a0\u00a0I\u00a0\u00a0Nagroda\u00a0\u00a0AGNIESZKA SITKO\u00a0(Miko\u0142\u00f3w, Polska) zaWi\u0119cej oKatalog 5. Mi\u0119dzynarodowe Biennale Miniatury[...]","og_url":"https:\/\/nck.krakow.pl\/galeriacentrum\/katalogi\/katalog-5-miedzynarodowe-biennale-miniatury\/","og_site_name":"Galeria CENTRUM","article_modified_time":"2017-02-23T09:51:26+00:00","og_image":[{"width":1024,"height":512,"url":"https:\/\/nck.krakow.pl\/galeriacentrum\/wp-content\/uploads\/2017\/02\/Projekt-bez-tytu\u0142u.jpg","type":"image\/jpeg"}],"twitter_card":"summary_large_image","twitter_misc":{"Est. reading time":"1 minuta"},"schema":{"@context":"https:\/\/schema.org","@graph":[{"@type":"WebPage","@id":"https:\/\/nck.krakow.pl\/galeriacentrum\/katalogi\/katalog-5-miedzynarodowe-biennale-miniatury\/","url":"https:\/\/nck.krakow.pl\/galeriacentrum\/katalogi\/katalog-5-miedzynarodowe-biennale-miniatury\/","name":"Katalog 5. Mi\u0119dzynarodowe Biennale Miniatury - Galeria CENTRUM","isPartOf":{"@id":"https:\/\/nck.krakow.pl\/galeriacentrum\/#website"},"datePublished":"2017-02-22T13:33:06+00:00","dateModified":"2017-02-23T09:51:26+00:00","breadcrumb":{"@id":"https:\/\/nck.krakow.pl\/galeriacentrum\/katalogi\/katalog-5-miedzynarodowe-biennale-miniatury\/#breadcrumb"},"inLanguage":"pl-PL","potentialAction":[{"@type":"ReadAction","target":["https:\/\/nck.krakow.pl\/galeriacentrum\/katalogi\/katalog-5-miedzynarodowe-biennale-miniatury\/"]}]},{"@type":"BreadcrumbList","@id":"https:\/\/nck.krakow.pl\/galeriacentrum\/katalogi\/katalog-5-miedzynarodowe-biennale-miniatury\/#breadcrumb","itemListElement":[{"@type":"ListItem","position":1,"name":"Strona g\u0142\u00f3wna","item":"https:\/\/nck.krakow.pl\/galeriacentrum\/"},{"@type":"ListItem","position":2,"name":"Katalogi","item":"https:\/\/nck.krakow.pl\/galeriacentrum\/katalogi\/"},{"@type":"ListItem","position":3,"name":"Katalog 5. Mi\u0119dzynarodowe Biennale Miniatury"}]},{"@type":"WebSite","@id":"https:\/\/nck.krakow.pl\/galeriacentrum\/#website","url":"https:\/\/nck.krakow.pl\/galeriacentrum\/","name":"Galeria CENTRUM","description":"Galeria Centrum","potentialAction":[{"@type":"SearchAction","target":{"@type":"EntryPoint","urlTemplate":"https:\/\/nck.krakow.pl\/galeriacentrum\/?s={search_term_string}"},"query-input":"required name=search_term_string"}],"inLanguage":"pl-PL"}]}},"_links":{"self":[{"href":"https:\/\/nck.krakow.pl\/galeriacentrum\/wp-json\/wp\/v2\/pages\/1622"}],"collection":[{"href":"https:\/\/nck.krakow.pl\/galeriacentrum\/wp-json\/wp\/v2\/pages"}],"about":[{"href":"https:\/\/nck.krakow.pl\/galeriacentrum\/wp-json\/wp\/v2\/types\/page"}],"author":[{"embeddable":true,"href":"https:\/\/nck.krakow.pl\/galeriacentrum\/wp-json\/wp\/v2\/users\/7"}],"replies":[{"embeddable":true,"href":"https:\/\/nck.krakow.pl\/galeriacentrum\/wp-json\/wp\/v2\/comments?post=1622"}],"version-history":[{"count":2,"href":"https:\/\/nck.krakow.pl\/galeriacentrum\/wp-json\/wp\/v2\/pages\/1622\/revisions"}],"predecessor-version":[{"id":1644,"href":"https:\/\/nck.krakow.pl\/galeriacentrum\/wp-json\/wp\/v2\/pages\/1622\/revisions\/1644"}],"up":[{"embeddable":true,"href":"https:\/\/nck.krakow.pl\/galeriacentrum\/wp-json\/wp\/v2\/pages\/1663"}],"wp:featuredmedia":[{"embeddable":true,"href":"https:\/\/nck.krakow.pl\/galeriacentrum\/wp-json\/wp\/v2\/media\/1678"}],"wp:attachment":[{"href":"https:\/\/nck.krakow.pl\/galeriacentrum\/wp-json\/wp\/v2\/media?parent=1622"}],"curies":[{"name":"wp","href":"https:\/\/api.w.org\/{rel}","templated":true}]}}