{"id":1601,"date":"2017-02-21T14:01:04","date_gmt":"2017-02-21T14:01:04","guid":{"rendered":"http:\/\/centrum.nck.krakow.pl\/?page_id=1601"},"modified":"2017-02-23T11:02:53","modified_gmt":"2017-02-23T11:02:53","slug":"katalog-ryszard-otreba","status":"publish","type":"page","link":"https:\/\/nck.krakow.pl\/galeriacentrum\/katalogi\/katalog-ryszard-otreba\/","title":{"rendered":"Katalog Ryszard Otr\u0119ba"},"content":{"rendered":"<p>Profesor Ryszard Otr\u0119ba, kt\u00f3rego dzie\u0142a graficzne i rysunkowe prezentujemy na naszej wystawie, niemal od pocz\u0105tku swej wielokierunkowej pracy zawodowej i artystycznej zyskiwa\u0142 bardzo wysokie oceny w dziedzinach kt\u00f3rymi si\u0119 zajmowa\u0142. Opr\u00f3cz oryginalnego talentu, zdolno\u015bci kreatywnych, intuicji artystycznej i wra\u017cliwo\u015bci, pomocna by\u0142a jego wielka odwaga w podejmowaniu wszelakich wyzwa\u0144.<\/p>\n<p>Wydawnictwo: Muzeum Narodowe w Krakowie<br \/>\nRok wydania: 1999<\/p>\n<p><a href=\"http:\/\/centrum.nck.krakow.pl\/wp-content\/uploads\/2017\/02\/Otr\u0119ba.jpeg\"><img loading=\"lazy\" decoding=\"async\" class=\"size-full wp-image-1602 aligncenter\" src=\"http:\/\/centrum.nck.krakow.pl\/wp-content\/uploads\/2017\/02\/Otr\u0119ba.jpeg\" alt=\"\" width=\"465\" height=\"612\" srcset=\"https:\/\/nck.krakow.pl\/galeriacentrum\/wp-content\/uploads\/2017\/02\/Otr\u0119ba.jpeg 465w, https:\/\/nck.krakow.pl\/galeriacentrum\/wp-content\/uploads\/2017\/02\/Otr\u0119ba-228x300.jpeg 228w\" sizes=\"(max-width: 465px) 100vw, 465px\" \/><\/a><\/p>\n","protected":false},"excerpt":{"rendered":"<p>Profesor Ryszard Otr\u0119ba, kt\u00f3rego dzie\u0142a graficzne i rysunkowe prezentujemy na naszej wystawie, niemal od pocz\u0105tku swej wielokierunkowej pracy zawodowej i artystycznej zyskiwa\u0142 bardzo wysokie oceny w dziedzinach kt\u00f3rymi si\u0119 zajmowa\u0142. Opr\u00f3cz oryginalnego talentu, zdolno\u015bci kreatywnych, intuicji artystycznej i wra\u017cliwo\u015bci, pomocna by\u0142a jego wielka odwaga w podejmowaniu wszelakich wyzwa\u0144. Wydawnictwo: Muzeum Narodowe w Krakowie Rok wydania:<a class=\"moretag\" href=\"https:\/\/nck.krakow.pl\/galeriacentrum\/katalogi\/katalog-ryszard-otreba\/\"><span class=\"screen-reader-text\">Wi\u0119cej oKatalog Ryszard Otr\u0119ba<\/span>[&#8230;]<\/a><\/p>\n","protected":false},"author":7,"featured_media":1696,"parent":1663,"menu_order":0,"comment_status":"closed","ping_status":"closed","template":"","meta":{"footnotes":""},"class_list":["post-1601","page","type-page","status-publish","has-post-thumbnail","hentry"],"yoast_head":"<!-- This site is optimized with the Yoast SEO plugin v19.12 - https:\/\/yoast.com\/wordpress\/plugins\/seo\/ -->\n<title>Katalog Ryszard Otr\u0119ba - Galeria CENTRUM<\/title>\n<meta name=\"robots\" content=\"index, follow, max-snippet:-1, max-image-preview:large, max-video-preview:-1\" \/>\n<link rel=\"canonical\" href=\"https:\/\/nck.krakow.pl\/galeriacentrum\/katalogi\/katalog-ryszard-otreba\/\" \/>\n<meta property=\"og:locale\" content=\"pl_PL\" \/>\n<meta property=\"og:type\" content=\"article\" \/>\n<meta property=\"og:title\" content=\"Katalog Ryszard Otr\u0119ba - Galeria CENTRUM\" \/>\n<meta property=\"og:description\" content=\"Profesor Ryszard Otr\u0119ba, kt\u00f3rego dzie\u0142a graficzne i rysunkowe prezentujemy na naszej wystawie, niemal od pocz\u0105tku swej wielokierunkowej pracy zawodowej i artystycznej zyskiwa\u0142 bardzo wysokie oceny w dziedzinach kt\u00f3rymi si\u0119 zajmowa\u0142. Opr\u00f3cz oryginalnego talentu, zdolno\u015bci kreatywnych, intuicji artystycznej i wra\u017cliwo\u015bci, pomocna by\u0142a jego wielka odwaga w podejmowaniu wszelakich wyzwa\u0144. Wydawnictwo: Muzeum Narodowe w Krakowie Rok wydania:Wi\u0119cej oKatalog Ryszard Otr\u0119ba[...]\" \/>\n<meta property=\"og:url\" content=\"https:\/\/nck.krakow.pl\/galeriacentrum\/katalogi\/katalog-ryszard-otreba\/\" \/>\n<meta property=\"og:site_name\" content=\"Galeria CENTRUM\" \/>\n<meta property=\"article:modified_time\" content=\"2017-02-23T11:02:53+00:00\" \/>\n<meta property=\"og:image\" content=\"https:\/\/nck.krakow.pl\/galeriacentrum\/wp-content\/uploads\/2017\/02\/Projekt-bez-tytu\u0142u-6.jpg\" \/>\n\t<meta property=\"og:image:width\" content=\"1024\" \/>\n\t<meta property=\"og:image:height\" content=\"512\" \/>\n\t<meta property=\"og:image:type\" content=\"image\/jpeg\" \/>\n<meta name=\"twitter:card\" content=\"summary_large_image\" \/>\n<script type=\"application\/ld+json\" class=\"yoast-schema-graph\">{\"@context\":\"https:\/\/schema.org\",\"@graph\":[{\"@type\":\"WebPage\",\"@id\":\"https:\/\/nck.krakow.pl\/galeriacentrum\/katalogi\/katalog-ryszard-otreba\/\",\"url\":\"https:\/\/nck.krakow.pl\/galeriacentrum\/katalogi\/katalog-ryszard-otreba\/\",\"name\":\"Katalog Ryszard Otr\u0119ba - Galeria CENTRUM\",\"isPartOf\":{\"@id\":\"https:\/\/nck.krakow.pl\/galeriacentrum\/#website\"},\"datePublished\":\"2017-02-21T14:01:04+00:00\",\"dateModified\":\"2017-02-23T11:02:53+00:00\",\"breadcrumb\":{\"@id\":\"https:\/\/nck.krakow.pl\/galeriacentrum\/katalogi\/katalog-ryszard-otreba\/#breadcrumb\"},\"inLanguage\":\"pl-PL\",\"potentialAction\":[{\"@type\":\"ReadAction\",\"target\":[\"https:\/\/nck.krakow.pl\/galeriacentrum\/katalogi\/katalog-ryszard-otreba\/\"]}]},{\"@type\":\"BreadcrumbList\",\"@id\":\"https:\/\/nck.krakow.pl\/galeriacentrum\/katalogi\/katalog-ryszard-otreba\/#breadcrumb\",\"itemListElement\":[{\"@type\":\"ListItem\",\"position\":1,\"name\":\"Strona g\u0142\u00f3wna\",\"item\":\"https:\/\/nck.krakow.pl\/galeriacentrum\/\"},{\"@type\":\"ListItem\",\"position\":2,\"name\":\"Katalogi\",\"item\":\"https:\/\/nck.krakow.pl\/galeriacentrum\/katalogi\/\"},{\"@type\":\"ListItem\",\"position\":3,\"name\":\"Katalog Ryszard Otr\u0119ba\"}]},{\"@type\":\"WebSite\",\"@id\":\"https:\/\/nck.krakow.pl\/galeriacentrum\/#website\",\"url\":\"https:\/\/nck.krakow.pl\/galeriacentrum\/\",\"name\":\"Galeria CENTRUM\",\"description\":\"Galeria Centrum\",\"potentialAction\":[{\"@type\":\"SearchAction\",\"target\":{\"@type\":\"EntryPoint\",\"urlTemplate\":\"https:\/\/nck.krakow.pl\/galeriacentrum\/?s={search_term_string}\"},\"query-input\":\"required name=search_term_string\"}],\"inLanguage\":\"pl-PL\"}]}<\/script>\n<!-- \/ Yoast SEO plugin. -->","yoast_head_json":{"title":"Katalog Ryszard Otr\u0119ba - Galeria CENTRUM","robots":{"index":"index","follow":"follow","max-snippet":"max-snippet:-1","max-image-preview":"max-image-preview:large","max-video-preview":"max-video-preview:-1"},"canonical":"https:\/\/nck.krakow.pl\/galeriacentrum\/katalogi\/katalog-ryszard-otreba\/","og_locale":"pl_PL","og_type":"article","og_title":"Katalog Ryszard Otr\u0119ba - Galeria CENTRUM","og_description":"Profesor Ryszard Otr\u0119ba, kt\u00f3rego dzie\u0142a graficzne i rysunkowe prezentujemy na naszej wystawie, niemal od pocz\u0105tku swej wielokierunkowej pracy zawodowej i artystycznej zyskiwa\u0142 bardzo wysokie oceny w dziedzinach kt\u00f3rymi si\u0119 zajmowa\u0142. Opr\u00f3cz oryginalnego talentu, zdolno\u015bci kreatywnych, intuicji artystycznej i wra\u017cliwo\u015bci, pomocna by\u0142a jego wielka odwaga w podejmowaniu wszelakich wyzwa\u0144. Wydawnictwo: Muzeum Narodowe w Krakowie Rok wydania:Wi\u0119cej oKatalog Ryszard Otr\u0119ba[...]","og_url":"https:\/\/nck.krakow.pl\/galeriacentrum\/katalogi\/katalog-ryszard-otreba\/","og_site_name":"Galeria CENTRUM","article_modified_time":"2017-02-23T11:02:53+00:00","og_image":[{"width":1024,"height":512,"url":"https:\/\/nck.krakow.pl\/galeriacentrum\/wp-content\/uploads\/2017\/02\/Projekt-bez-tytu\u0142u-6.jpg","type":"image\/jpeg"}],"twitter_card":"summary_large_image","schema":{"@context":"https:\/\/schema.org","@graph":[{"@type":"WebPage","@id":"https:\/\/nck.krakow.pl\/galeriacentrum\/katalogi\/katalog-ryszard-otreba\/","url":"https:\/\/nck.krakow.pl\/galeriacentrum\/katalogi\/katalog-ryszard-otreba\/","name":"Katalog Ryszard Otr\u0119ba - Galeria CENTRUM","isPartOf":{"@id":"https:\/\/nck.krakow.pl\/galeriacentrum\/#website"},"datePublished":"2017-02-21T14:01:04+00:00","dateModified":"2017-02-23T11:02:53+00:00","breadcrumb":{"@id":"https:\/\/nck.krakow.pl\/galeriacentrum\/katalogi\/katalog-ryszard-otreba\/#breadcrumb"},"inLanguage":"pl-PL","potentialAction":[{"@type":"ReadAction","target":["https:\/\/nck.krakow.pl\/galeriacentrum\/katalogi\/katalog-ryszard-otreba\/"]}]},{"@type":"BreadcrumbList","@id":"https:\/\/nck.krakow.pl\/galeriacentrum\/katalogi\/katalog-ryszard-otreba\/#breadcrumb","itemListElement":[{"@type":"ListItem","position":1,"name":"Strona g\u0142\u00f3wna","item":"https:\/\/nck.krakow.pl\/galeriacentrum\/"},{"@type":"ListItem","position":2,"name":"Katalogi","item":"https:\/\/nck.krakow.pl\/galeriacentrum\/katalogi\/"},{"@type":"ListItem","position":3,"name":"Katalog Ryszard Otr\u0119ba"}]},{"@type":"WebSite","@id":"https:\/\/nck.krakow.pl\/galeriacentrum\/#website","url":"https:\/\/nck.krakow.pl\/galeriacentrum\/","name":"Galeria CENTRUM","description":"Galeria Centrum","potentialAction":[{"@type":"SearchAction","target":{"@type":"EntryPoint","urlTemplate":"https:\/\/nck.krakow.pl\/galeriacentrum\/?s={search_term_string}"},"query-input":"required name=search_term_string"}],"inLanguage":"pl-PL"}]}},"_links":{"self":[{"href":"https:\/\/nck.krakow.pl\/galeriacentrum\/wp-json\/wp\/v2\/pages\/1601"}],"collection":[{"href":"https:\/\/nck.krakow.pl\/galeriacentrum\/wp-json\/wp\/v2\/pages"}],"about":[{"href":"https:\/\/nck.krakow.pl\/galeriacentrum\/wp-json\/wp\/v2\/types\/page"}],"author":[{"embeddable":true,"href":"https:\/\/nck.krakow.pl\/galeriacentrum\/wp-json\/wp\/v2\/users\/7"}],"replies":[{"embeddable":true,"href":"https:\/\/nck.krakow.pl\/galeriacentrum\/wp-json\/wp\/v2\/comments?post=1601"}],"version-history":[{"count":3,"href":"https:\/\/nck.krakow.pl\/galeriacentrum\/wp-json\/wp\/v2\/pages\/1601\/revisions"}],"predecessor-version":[{"id":1700,"href":"https:\/\/nck.krakow.pl\/galeriacentrum\/wp-json\/wp\/v2\/pages\/1601\/revisions\/1700"}],"up":[{"embeddable":true,"href":"https:\/\/nck.krakow.pl\/galeriacentrum\/wp-json\/wp\/v2\/pages\/1663"}],"wp:featuredmedia":[{"embeddable":true,"href":"https:\/\/nck.krakow.pl\/galeriacentrum\/wp-json\/wp\/v2\/media\/1696"}],"wp:attachment":[{"href":"https:\/\/nck.krakow.pl\/galeriacentrum\/wp-json\/wp\/v2\/media?parent=1601"}],"curies":[{"name":"wp","href":"https:\/\/api.w.org\/{rel}","templated":true}]}}