{"id":1571,"date":"2017-02-21T12:27:13","date_gmt":"2017-02-21T12:27:13","guid":{"rendered":"http:\/\/centrum.nck.krakow.pl\/?page_id=1571"},"modified":"2022-12-27T10:51:15","modified_gmt":"2022-12-27T10:51:15","slug":"katalog-beksinskiego","status":"publish","type":"page","link":"https:\/\/nck.krakow.pl\/galeriacentrum\/katalogi\/katalog-beksinskiego\/","title":{"rendered":"Katalogi Beksi\u0144skiego"},"content":{"rendered":"<p>Z okazji otwarcia Galerii Nowohuckie Centrum Kultury wyda\u0142o trzy katalogi \u2013 zawieraj\u0105ce\u00a0prezentowane w naszych przestrzeniach prace artysty. Ka\u017cdy katalog\u00a0zawiera bogate\u00a0wprowadzenie z danego rodzaju tw\u00f3rczo\u015bci autorstwa Tadeusza Nyczka oraz kr\u00f3tki \u017cyciorys Beksi\u0144skiego i histori\u0119 powstania Galerii w NCK, kt\u00f3r\u0105 opisuje jej kuratorka \u2013 Joanna Go\u015bciej-Lewi\u0144ska. Wszystkie teksty s\u0105 dost\u0119pne w wersji\u00a0\u00a0j\u0119zykowej \u2013 polskiej i angielskiej.<\/p>\n<p>Wydawnictwo: Nowohuckie Centrum Kultury<br \/>\nRok wydania: 2016<\/p>\n<p>Katalogi dost\u0119pne w sprzeda\u017cy online:<br \/>\n<strong><a href=\"https:\/\/sklep.nck.krakow.pl\/\" target=\"_blank\" rel=\"noopener\">https:\/\/sklep.nck.krakow.pl\/<\/a><\/strong><\/p>\n<div id='gallery-1' class='gallery galleryid-1571 gallery-columns-1 gallery-size-full'><figure class='gallery-item'>\n\t\t\t<div class='gallery-icon portrait'>\n\t\t\t\t<a title=\"br\u0105z\" href='https:\/\/nck.krakow.pl\/galeriacentrum\/katalogi\/katalog-beksinskiego\/braz\/'><img loading=\"lazy\" decoding=\"async\" width=\"570\" height=\"800\" src=\"https:\/\/nck.krakow.pl\/galeriacentrum\/wp-content\/uploads\/2017\/02\/br\u0105z.jpg\" class=\"attachment-full size-full\" alt=\"\" srcset=\"https:\/\/nck.krakow.pl\/galeriacentrum\/wp-content\/uploads\/2017\/02\/br\u0105z.jpg 570w, https:\/\/nck.krakow.pl\/galeriacentrum\/wp-content\/uploads\/2017\/02\/br\u0105z-214x300.jpg 214w\" sizes=\"(max-width: 570px) 100vw, 570px\" \/><\/a>\n\t\t\t<\/div><\/figure><figure class='gallery-item'>\n\t\t\t<div class='gallery-icon portrait'>\n\t\t\t\t<a title=\"srebro\" href='https:\/\/nck.krakow.pl\/galeriacentrum\/katalogi\/katalog-beksinskiego\/srebro\/'><img loading=\"lazy\" decoding=\"async\" width=\"570\" height=\"800\" src=\"https:\/\/nck.krakow.pl\/galeriacentrum\/wp-content\/uploads\/2017\/02\/srebro.jpg\" class=\"attachment-full size-full\" alt=\"\" srcset=\"https:\/\/nck.krakow.pl\/galeriacentrum\/wp-content\/uploads\/2017\/02\/srebro.jpg 570w, https:\/\/nck.krakow.pl\/galeriacentrum\/wp-content\/uploads\/2017\/02\/srebro-214x300.jpg 214w\" sizes=\"(max-width: 570px) 100vw, 570px\" \/><\/a>\n\t\t\t<\/div><\/figure><figure class='gallery-item'>\n\t\t\t<div class='gallery-icon portrait'>\n\t\t\t\t<a title=\"cia\u0142o\" href='https:\/\/nck.krakow.pl\/galeriacentrum\/katalogi\/katalog-beksinskiego\/cialo\/'><img loading=\"lazy\" decoding=\"async\" width=\"570\" height=\"800\" src=\"https:\/\/nck.krakow.pl\/galeriacentrum\/wp-content\/uploads\/2017\/02\/cia\u0142o.jpg\" class=\"attachment-full size-full\" alt=\"\" srcset=\"https:\/\/nck.krakow.pl\/galeriacentrum\/wp-content\/uploads\/2017\/02\/cia\u0142o.jpg 570w, https:\/\/nck.krakow.pl\/galeriacentrum\/wp-content\/uploads\/2017\/02\/cia\u0142o-214x300.jpg 214w\" sizes=\"(max-width: 570px) 100vw, 570px\" \/><\/a>\n\t\t\t<\/div><\/figure>\n\t\t<\/div>\n\n","protected":false},"excerpt":{"rendered":"<p>Z okazji otwarcia Galerii Nowohuckie Centrum Kultury wyda\u0142o trzy katalogi \u2013 zawieraj\u0105ce\u00a0prezentowane w naszych przestrzeniach prace artysty. Ka\u017cdy katalog\u00a0zawiera bogate\u00a0wprowadzenie z danego rodzaju tw\u00f3rczo\u015bci autorstwa Tadeusza Nyczka oraz kr\u00f3tki \u017cyciorys Beksi\u0144skiego i histori\u0119 powstania Galerii w NCK, kt\u00f3r\u0105 opisuje jej kuratorka \u2013 Joanna Go\u015bciej-Lewi\u0144ska. Wszystkie teksty s\u0105 dost\u0119pne w wersji\u00a0\u00a0j\u0119zykowej \u2013 polskiej i angielskiej. Wydawnictwo:<a class=\"moretag\" href=\"https:\/\/nck.krakow.pl\/galeriacentrum\/katalogi\/katalog-beksinskiego\/\"><span class=\"screen-reader-text\">Wi\u0119cej oKatalogi Beksi\u0144skiego<\/span>[&#8230;]<\/a><\/p>\n","protected":false},"author":7,"featured_media":1688,"parent":1663,"menu_order":0,"comment_status":"closed","ping_status":"closed","template":"","meta":{"footnotes":""},"class_list":["post-1571","page","type-page","status-publish","has-post-thumbnail","hentry"],"yoast_head":"<!-- This site is optimized with the Yoast SEO plugin v19.12 - https:\/\/yoast.com\/wordpress\/plugins\/seo\/ -->\n<title>Katalogi Beksi\u0144skiego - Galeria CENTRUM<\/title>\n<meta name=\"robots\" content=\"index, follow, max-snippet:-1, max-image-preview:large, max-video-preview:-1\" \/>\n<link rel=\"canonical\" href=\"https:\/\/nck.krakow.pl\/galeriacentrum\/katalogi\/katalog-beksinskiego\/\" \/>\n<meta property=\"og:locale\" content=\"pl_PL\" \/>\n<meta property=\"og:type\" content=\"article\" \/>\n<meta property=\"og:title\" content=\"Katalogi Beksi\u0144skiego - Galeria CENTRUM\" \/>\n<meta property=\"og:description\" content=\"Z okazji otwarcia Galerii Nowohuckie Centrum Kultury wyda\u0142o trzy katalogi \u2013 zawieraj\u0105ce\u00a0prezentowane w naszych przestrzeniach prace artysty. Ka\u017cdy katalog\u00a0zawiera bogate\u00a0wprowadzenie z danego rodzaju tw\u00f3rczo\u015bci autorstwa Tadeusza Nyczka oraz kr\u00f3tki \u017cyciorys Beksi\u0144skiego i histori\u0119 powstania Galerii w NCK, kt\u00f3r\u0105 opisuje jej kuratorka \u2013 Joanna Go\u015bciej-Lewi\u0144ska. Wszystkie teksty s\u0105 dost\u0119pne w wersji\u00a0\u00a0j\u0119zykowej \u2013 polskiej i angielskiej. Wydawnictwo:Wi\u0119cej oKatalogi Beksi\u0144skiego[...]\" \/>\n<meta property=\"og:url\" content=\"https:\/\/nck.krakow.pl\/galeriacentrum\/katalogi\/katalog-beksinskiego\/\" \/>\n<meta property=\"og:site_name\" content=\"Galeria CENTRUM\" \/>\n<meta property=\"article:modified_time\" content=\"2022-12-27T10:51:15+00:00\" \/>\n<meta property=\"og:image\" content=\"https:\/\/nck.krakow.pl\/galeriacentrum\/wp-content\/uploads\/2017\/02\/Projekt-bez-tytu\u0142u-2.jpg\" \/>\n\t<meta property=\"og:image:width\" content=\"850\" \/>\n\t<meta property=\"og:image:height\" content=\"409\" \/>\n\t<meta property=\"og:image:type\" content=\"image\/jpeg\" \/>\n<meta name=\"twitter:card\" content=\"summary_large_image\" \/>\n<meta name=\"twitter:label1\" content=\"Est. reading time\" \/>\n\t<meta name=\"twitter:data1\" content=\"1 minuta\" \/>\n<script type=\"application\/ld+json\" class=\"yoast-schema-graph\">{\"@context\":\"https:\/\/schema.org\",\"@graph\":[{\"@type\":\"WebPage\",\"@id\":\"https:\/\/nck.krakow.pl\/galeriacentrum\/katalogi\/katalog-beksinskiego\/\",\"url\":\"https:\/\/nck.krakow.pl\/galeriacentrum\/katalogi\/katalog-beksinskiego\/\",\"name\":\"Katalogi Beksi\u0144skiego - Galeria CENTRUM\",\"isPartOf\":{\"@id\":\"https:\/\/nck.krakow.pl\/galeriacentrum\/#website\"},\"datePublished\":\"2017-02-21T12:27:13+00:00\",\"dateModified\":\"2022-12-27T10:51:15+00:00\",\"breadcrumb\":{\"@id\":\"https:\/\/nck.krakow.pl\/galeriacentrum\/katalogi\/katalog-beksinskiego\/#breadcrumb\"},\"inLanguage\":\"pl-PL\",\"potentialAction\":[{\"@type\":\"ReadAction\",\"target\":[\"https:\/\/nck.krakow.pl\/galeriacentrum\/katalogi\/katalog-beksinskiego\/\"]}]},{\"@type\":\"BreadcrumbList\",\"@id\":\"https:\/\/nck.krakow.pl\/galeriacentrum\/katalogi\/katalog-beksinskiego\/#breadcrumb\",\"itemListElement\":[{\"@type\":\"ListItem\",\"position\":1,\"name\":\"Strona g\u0142\u00f3wna\",\"item\":\"https:\/\/nck.krakow.pl\/galeriacentrum\/\"},{\"@type\":\"ListItem\",\"position\":2,\"name\":\"Katalogi\",\"item\":\"https:\/\/nck.krakow.pl\/galeriacentrum\/katalogi\/\"},{\"@type\":\"ListItem\",\"position\":3,\"name\":\"Katalogi Beksi\u0144skiego\"}]},{\"@type\":\"WebSite\",\"@id\":\"https:\/\/nck.krakow.pl\/galeriacentrum\/#website\",\"url\":\"https:\/\/nck.krakow.pl\/galeriacentrum\/\",\"name\":\"Galeria CENTRUM\",\"description\":\"Galeria Centrum\",\"potentialAction\":[{\"@type\":\"SearchAction\",\"target\":{\"@type\":\"EntryPoint\",\"urlTemplate\":\"https:\/\/nck.krakow.pl\/galeriacentrum\/?s={search_term_string}\"},\"query-input\":\"required name=search_term_string\"}],\"inLanguage\":\"pl-PL\"}]}<\/script>\n<!-- \/ Yoast SEO plugin. -->","yoast_head_json":{"title":"Katalogi Beksi\u0144skiego - Galeria CENTRUM","robots":{"index":"index","follow":"follow","max-snippet":"max-snippet:-1","max-image-preview":"max-image-preview:large","max-video-preview":"max-video-preview:-1"},"canonical":"https:\/\/nck.krakow.pl\/galeriacentrum\/katalogi\/katalog-beksinskiego\/","og_locale":"pl_PL","og_type":"article","og_title":"Katalogi Beksi\u0144skiego - Galeria CENTRUM","og_description":"Z okazji otwarcia Galerii Nowohuckie Centrum Kultury wyda\u0142o trzy katalogi \u2013 zawieraj\u0105ce\u00a0prezentowane w naszych przestrzeniach prace artysty. Ka\u017cdy katalog\u00a0zawiera bogate\u00a0wprowadzenie z danego rodzaju tw\u00f3rczo\u015bci autorstwa Tadeusza Nyczka oraz kr\u00f3tki \u017cyciorys Beksi\u0144skiego i histori\u0119 powstania Galerii w NCK, kt\u00f3r\u0105 opisuje jej kuratorka \u2013 Joanna Go\u015bciej-Lewi\u0144ska. Wszystkie teksty s\u0105 dost\u0119pne w wersji\u00a0\u00a0j\u0119zykowej \u2013 polskiej i angielskiej. Wydawnictwo:Wi\u0119cej oKatalogi Beksi\u0144skiego[...]","og_url":"https:\/\/nck.krakow.pl\/galeriacentrum\/katalogi\/katalog-beksinskiego\/","og_site_name":"Galeria CENTRUM","article_modified_time":"2022-12-27T10:51:15+00:00","og_image":[{"width":850,"height":409,"url":"https:\/\/nck.krakow.pl\/galeriacentrum\/wp-content\/uploads\/2017\/02\/Projekt-bez-tytu\u0142u-2.jpg","type":"image\/jpeg"}],"twitter_card":"summary_large_image","twitter_misc":{"Est. reading time":"1 minuta"},"schema":{"@context":"https:\/\/schema.org","@graph":[{"@type":"WebPage","@id":"https:\/\/nck.krakow.pl\/galeriacentrum\/katalogi\/katalog-beksinskiego\/","url":"https:\/\/nck.krakow.pl\/galeriacentrum\/katalogi\/katalog-beksinskiego\/","name":"Katalogi Beksi\u0144skiego - Galeria CENTRUM","isPartOf":{"@id":"https:\/\/nck.krakow.pl\/galeriacentrum\/#website"},"datePublished":"2017-02-21T12:27:13+00:00","dateModified":"2022-12-27T10:51:15+00:00","breadcrumb":{"@id":"https:\/\/nck.krakow.pl\/galeriacentrum\/katalogi\/katalog-beksinskiego\/#breadcrumb"},"inLanguage":"pl-PL","potentialAction":[{"@type":"ReadAction","target":["https:\/\/nck.krakow.pl\/galeriacentrum\/katalogi\/katalog-beksinskiego\/"]}]},{"@type":"BreadcrumbList","@id":"https:\/\/nck.krakow.pl\/galeriacentrum\/katalogi\/katalog-beksinskiego\/#breadcrumb","itemListElement":[{"@type":"ListItem","position":1,"name":"Strona g\u0142\u00f3wna","item":"https:\/\/nck.krakow.pl\/galeriacentrum\/"},{"@type":"ListItem","position":2,"name":"Katalogi","item":"https:\/\/nck.krakow.pl\/galeriacentrum\/katalogi\/"},{"@type":"ListItem","position":3,"name":"Katalogi Beksi\u0144skiego"}]},{"@type":"WebSite","@id":"https:\/\/nck.krakow.pl\/galeriacentrum\/#website","url":"https:\/\/nck.krakow.pl\/galeriacentrum\/","name":"Galeria CENTRUM","description":"Galeria Centrum","potentialAction":[{"@type":"SearchAction","target":{"@type":"EntryPoint","urlTemplate":"https:\/\/nck.krakow.pl\/galeriacentrum\/?s={search_term_string}"},"query-input":"required name=search_term_string"}],"inLanguage":"pl-PL"}]}},"_links":{"self":[{"href":"https:\/\/nck.krakow.pl\/galeriacentrum\/wp-json\/wp\/v2\/pages\/1571"}],"collection":[{"href":"https:\/\/nck.krakow.pl\/galeriacentrum\/wp-json\/wp\/v2\/pages"}],"about":[{"href":"https:\/\/nck.krakow.pl\/galeriacentrum\/wp-json\/wp\/v2\/types\/page"}],"author":[{"embeddable":true,"href":"https:\/\/nck.krakow.pl\/galeriacentrum\/wp-json\/wp\/v2\/users\/7"}],"replies":[{"embeddable":true,"href":"https:\/\/nck.krakow.pl\/galeriacentrum\/wp-json\/wp\/v2\/comments?post=1571"}],"version-history":[{"count":4,"href":"https:\/\/nck.krakow.pl\/galeriacentrum\/wp-json\/wp\/v2\/pages\/1571\/revisions"}],"predecessor-version":[{"id":3558,"href":"https:\/\/nck.krakow.pl\/galeriacentrum\/wp-json\/wp\/v2\/pages\/1571\/revisions\/3558"}],"up":[{"embeddable":true,"href":"https:\/\/nck.krakow.pl\/galeriacentrum\/wp-json\/wp\/v2\/pages\/1663"}],"wp:featuredmedia":[{"embeddable":true,"href":"https:\/\/nck.krakow.pl\/galeriacentrum\/wp-json\/wp\/v2\/media\/1688"}],"wp:attachment":[{"href":"https:\/\/nck.krakow.pl\/galeriacentrum\/wp-json\/wp\/v2\/media?parent=1571"}],"curies":[{"name":"wp","href":"https:\/\/api.w.org\/{rel}","templated":true}]}}