{"id":1548,"date":"2017-02-21T09:31:24","date_gmt":"2017-02-21T09:31:24","guid":{"rendered":"http:\/\/centrum.nck.krakow.pl\/?page_id=1548"},"modified":"2017-02-21T09:31:24","modified_gmt":"2017-02-21T09:31:24","slug":"kolekcja","status":"publish","type":"page","link":"https:\/\/nck.krakow.pl\/galeriacentrum\/kolekcja\/","title":{"rendered":"kolekcja"},"content":{"rendered":"<p>Wraz z kolejnymi wystawami ros\u0142y zbiory w\u0142asne galerii, licz\u0105ce obecnie prawie 230 dzie\u0142. To stosunkowo niewielka, ale reprezentatywna kolekcja, obrazuj\u0105ca bogaty dorobek artystyczny krakowskiego \u015brodowiska ostatnich trzech dekad. Jej reprezentatywno\u015b\u0107, paradoksalnie, polega na programowym odrzuceniu autorskich kryteri\u00f3w doboru i otwarto\u015bci na bardzo r\u00f3\u017cne propozycje artystyczne. Wynika\u0142o to z naturalnej w przypadku publicznej instytucji, jak\u0105 jest Nowohuckie Centrum Kultury, otwarto\u015bci na r\u00f3\u017cne \u015brodowiska i nurty artystyczne. Na zbiory w\u0142asne Galerii sk\u0142adaj\u0105 si\u0119 dzie\u0142 darowane przez artyst\u00f3w, jak te\u017c prace przekazane NCK w latach osiemdziesi\u0105tych oraz w roku 2005 przez Urz\u0105d Miasta Krakowa.<\/p>\n","protected":false},"excerpt":{"rendered":"<p>Wraz z kolejnymi wystawami ros\u0142y zbiory w\u0142asne galerii, licz\u0105ce obecnie prawie 230 dzie\u0142. To stosunkowo niewielka, ale reprezentatywna kolekcja, obrazuj\u0105ca bogaty dorobek artystyczny krakowskiego \u015brodowiska ostatnich trzech dekad. Jej reprezentatywno\u015b\u0107, paradoksalnie, polega na programowym odrzuceniu autorskich kryteri\u00f3w doboru i otwarto\u015bci na bardzo r\u00f3\u017cne propozycje artystyczne. Wynika\u0142o to z naturalnej w przypadku publicznej instytucji, jak\u0105 jest<a class=\"moretag\" href=\"https:\/\/nck.krakow.pl\/galeriacentrum\/kolekcja\/\"><span class=\"screen-reader-text\">Wi\u0119cej okolekcja<\/span>[&#8230;]<\/a><\/p>\n","protected":false},"author":7,"featured_media":0,"parent":0,"menu_order":0,"comment_status":"closed","ping_status":"closed","template":"","meta":{"footnotes":""},"class_list":["post-1548","page","type-page","status-publish","hentry"],"yoast_head":"<!-- This site is optimized with the Yoast SEO plugin v19.12 - https:\/\/yoast.com\/wordpress\/plugins\/seo\/ -->\n<title>kolekcja - Galeria CENTRUM<\/title>\n<meta name=\"robots\" content=\"index, follow, max-snippet:-1, max-image-preview:large, max-video-preview:-1\" \/>\n<link rel=\"canonical\" href=\"https:\/\/nck.krakow.pl\/galeriacentrum\/kolekcja\/\" \/>\n<meta property=\"og:locale\" content=\"pl_PL\" \/>\n<meta property=\"og:type\" content=\"article\" \/>\n<meta property=\"og:title\" content=\"kolekcja - Galeria CENTRUM\" \/>\n<meta property=\"og:description\" content=\"Wraz z kolejnymi wystawami ros\u0142y zbiory w\u0142asne galerii, licz\u0105ce obecnie prawie 230 dzie\u0142. To stosunkowo niewielka, ale reprezentatywna kolekcja, obrazuj\u0105ca bogaty dorobek artystyczny krakowskiego \u015brodowiska ostatnich trzech dekad. Jej reprezentatywno\u015b\u0107, paradoksalnie, polega na programowym odrzuceniu autorskich kryteri\u00f3w doboru i otwarto\u015bci na bardzo r\u00f3\u017cne propozycje artystyczne. Wynika\u0142o to z naturalnej w przypadku publicznej instytucji, jak\u0105 jestWi\u0119cej okolekcja[...]\" \/>\n<meta property=\"og:url\" content=\"https:\/\/nck.krakow.pl\/galeriacentrum\/kolekcja\/\" \/>\n<meta property=\"og:site_name\" content=\"Galeria CENTRUM\" \/>\n<meta name=\"twitter:card\" content=\"summary_large_image\" \/>\n<meta name=\"twitter:label1\" content=\"Est. reading time\" \/>\n\t<meta name=\"twitter:data1\" content=\"1 minuta\" \/>\n<script type=\"application\/ld+json\" class=\"yoast-schema-graph\">{\"@context\":\"https:\/\/schema.org\",\"@graph\":[{\"@type\":\"WebPage\",\"@id\":\"https:\/\/nck.krakow.pl\/galeriacentrum\/kolekcja\/\",\"url\":\"https:\/\/nck.krakow.pl\/galeriacentrum\/kolekcja\/\",\"name\":\"kolekcja - Galeria CENTRUM\",\"isPartOf\":{\"@id\":\"https:\/\/nck.krakow.pl\/galeriacentrum\/#website\"},\"datePublished\":\"2017-02-21T09:31:24+00:00\",\"dateModified\":\"2017-02-21T09:31:24+00:00\",\"breadcrumb\":{\"@id\":\"https:\/\/nck.krakow.pl\/galeriacentrum\/kolekcja\/#breadcrumb\"},\"inLanguage\":\"pl-PL\",\"potentialAction\":[{\"@type\":\"ReadAction\",\"target\":[\"https:\/\/nck.krakow.pl\/galeriacentrum\/kolekcja\/\"]}]},{\"@type\":\"BreadcrumbList\",\"@id\":\"https:\/\/nck.krakow.pl\/galeriacentrum\/kolekcja\/#breadcrumb\",\"itemListElement\":[{\"@type\":\"ListItem\",\"position\":1,\"name\":\"Strona g\u0142\u00f3wna\",\"item\":\"https:\/\/nck.krakow.pl\/galeriacentrum\/\"},{\"@type\":\"ListItem\",\"position\":2,\"name\":\"kolekcja\"}]},{\"@type\":\"WebSite\",\"@id\":\"https:\/\/nck.krakow.pl\/galeriacentrum\/#website\",\"url\":\"https:\/\/nck.krakow.pl\/galeriacentrum\/\",\"name\":\"Galeria CENTRUM\",\"description\":\"Galeria Centrum\",\"potentialAction\":[{\"@type\":\"SearchAction\",\"target\":{\"@type\":\"EntryPoint\",\"urlTemplate\":\"https:\/\/nck.krakow.pl\/galeriacentrum\/?s={search_term_string}\"},\"query-input\":\"required name=search_term_string\"}],\"inLanguage\":\"pl-PL\"}]}<\/script>\n<!-- \/ Yoast SEO plugin. -->","yoast_head_json":{"title":"kolekcja - Galeria CENTRUM","robots":{"index":"index","follow":"follow","max-snippet":"max-snippet:-1","max-image-preview":"max-image-preview:large","max-video-preview":"max-video-preview:-1"},"canonical":"https:\/\/nck.krakow.pl\/galeriacentrum\/kolekcja\/","og_locale":"pl_PL","og_type":"article","og_title":"kolekcja - Galeria CENTRUM","og_description":"Wraz z kolejnymi wystawami ros\u0142y zbiory w\u0142asne galerii, licz\u0105ce obecnie prawie 230 dzie\u0142. To stosunkowo niewielka, ale reprezentatywna kolekcja, obrazuj\u0105ca bogaty dorobek artystyczny krakowskiego \u015brodowiska ostatnich trzech dekad. Jej reprezentatywno\u015b\u0107, paradoksalnie, polega na programowym odrzuceniu autorskich kryteri\u00f3w doboru i otwarto\u015bci na bardzo r\u00f3\u017cne propozycje artystyczne. Wynika\u0142o to z naturalnej w przypadku publicznej instytucji, jak\u0105 jestWi\u0119cej okolekcja[...]","og_url":"https:\/\/nck.krakow.pl\/galeriacentrum\/kolekcja\/","og_site_name":"Galeria CENTRUM","twitter_card":"summary_large_image","twitter_misc":{"Est. reading time":"1 minuta"},"schema":{"@context":"https:\/\/schema.org","@graph":[{"@type":"WebPage","@id":"https:\/\/nck.krakow.pl\/galeriacentrum\/kolekcja\/","url":"https:\/\/nck.krakow.pl\/galeriacentrum\/kolekcja\/","name":"kolekcja - Galeria CENTRUM","isPartOf":{"@id":"https:\/\/nck.krakow.pl\/galeriacentrum\/#website"},"datePublished":"2017-02-21T09:31:24+00:00","dateModified":"2017-02-21T09:31:24+00:00","breadcrumb":{"@id":"https:\/\/nck.krakow.pl\/galeriacentrum\/kolekcja\/#breadcrumb"},"inLanguage":"pl-PL","potentialAction":[{"@type":"ReadAction","target":["https:\/\/nck.krakow.pl\/galeriacentrum\/kolekcja\/"]}]},{"@type":"BreadcrumbList","@id":"https:\/\/nck.krakow.pl\/galeriacentrum\/kolekcja\/#breadcrumb","itemListElement":[{"@type":"ListItem","position":1,"name":"Strona g\u0142\u00f3wna","item":"https:\/\/nck.krakow.pl\/galeriacentrum\/"},{"@type":"ListItem","position":2,"name":"kolekcja"}]},{"@type":"WebSite","@id":"https:\/\/nck.krakow.pl\/galeriacentrum\/#website","url":"https:\/\/nck.krakow.pl\/galeriacentrum\/","name":"Galeria CENTRUM","description":"Galeria Centrum","potentialAction":[{"@type":"SearchAction","target":{"@type":"EntryPoint","urlTemplate":"https:\/\/nck.krakow.pl\/galeriacentrum\/?s={search_term_string}"},"query-input":"required name=search_term_string"}],"inLanguage":"pl-PL"}]}},"_links":{"self":[{"href":"https:\/\/nck.krakow.pl\/galeriacentrum\/wp-json\/wp\/v2\/pages\/1548"}],"collection":[{"href":"https:\/\/nck.krakow.pl\/galeriacentrum\/wp-json\/wp\/v2\/pages"}],"about":[{"href":"https:\/\/nck.krakow.pl\/galeriacentrum\/wp-json\/wp\/v2\/types\/page"}],"author":[{"embeddable":true,"href":"https:\/\/nck.krakow.pl\/galeriacentrum\/wp-json\/wp\/v2\/users\/7"}],"replies":[{"embeddable":true,"href":"https:\/\/nck.krakow.pl\/galeriacentrum\/wp-json\/wp\/v2\/comments?post=1548"}],"version-history":[{"count":1,"href":"https:\/\/nck.krakow.pl\/galeriacentrum\/wp-json\/wp\/v2\/pages\/1548\/revisions"}],"predecessor-version":[{"id":1549,"href":"https:\/\/nck.krakow.pl\/galeriacentrum\/wp-json\/wp\/v2\/pages\/1548\/revisions\/1549"}],"wp:attachment":[{"href":"https:\/\/nck.krakow.pl\/galeriacentrum\/wp-json\/wp\/v2\/media?parent=1548"}],"curies":[{"name":"wp","href":"https:\/\/api.w.org\/{rel}","templated":true}]}}