{"id":1545,"date":"2017-02-21T09:29:31","date_gmt":"2017-02-21T09:29:31","guid":{"rendered":"http:\/\/centrum.nck.krakow.pl\/?page_id=1545"},"modified":"2018-03-15T12:30:21","modified_gmt":"2018-03-15T12:30:21","slug":"historia-2","status":"publish","type":"page","link":"https:\/\/nck.krakow.pl\/galeriacentrum\/historia-2\/","title":{"rendered":"pisz\u0105 o nas"},"content":{"rendered":"<div id='gallery-1' class='gallery galleryid-1545 gallery-columns-1 gallery-size-full'><figure class='gallery-item'>\n\t\t\t<div class='gallery-icon portrait'>\n\t\t\t\t<a title=\"IMG_0766\" href='https:\/\/nck.krakow.pl\/galeriacentrum\/historia-2\/img_0766\/'><img loading=\"lazy\" decoding=\"async\" width=\"2807\" height=\"3348\" src=\"https:\/\/nck.krakow.pl\/galeriacentrum\/wp-content\/uploads\/2018\/03\/IMG_0766.jpg\" class=\"attachment-full size-full\" alt=\"\" srcset=\"https:\/\/nck.krakow.pl\/galeriacentrum\/wp-content\/uploads\/2018\/03\/IMG_0766.jpg 2807w, https:\/\/nck.krakow.pl\/galeriacentrum\/wp-content\/uploads\/2018\/03\/IMG_0766-252x300.jpg 252w, https:\/\/nck.krakow.pl\/galeriacentrum\/wp-content\/uploads\/2018\/03\/IMG_0766-768x916.jpg 768w, https:\/\/nck.krakow.pl\/galeriacentrum\/wp-content\/uploads\/2018\/03\/IMG_0766-859x1024.jpg 859w\" sizes=\"(max-width: 2807px) 100vw, 2807px\" \/><\/a>\n\t\t\t<\/div><\/figure><figure class='gallery-item'>\n\t\t\t<div class='gallery-icon portrait'>\n\t\t\t\t<a title=\"Zdj\u0119cie 1\" href='https:\/\/nck.krakow.pl\/galeriacentrum\/historia-2\/zdjecie-1\/'><img loading=\"lazy\" decoding=\"async\" width=\"700\" height=\"702\" src=\"https:\/\/nck.krakow.pl\/galeriacentrum\/wp-content\/uploads\/2017\/02\/Zdj\u0119cie-1.jpg\" class=\"attachment-full size-full\" alt=\"\" srcset=\"https:\/\/nck.krakow.pl\/galeriacentrum\/wp-content\/uploads\/2017\/02\/Zdj\u0119cie-1.jpg 700w, https:\/\/nck.krakow.pl\/galeriacentrum\/wp-content\/uploads\/2017\/02\/Zdj\u0119cie-1-150x150.jpg 150w, https:\/\/nck.krakow.pl\/galeriacentrum\/wp-content\/uploads\/2017\/02\/Zdj\u0119cie-1-300x300.jpg 300w\" sizes=\"(max-width: 700px) 100vw, 700px\" \/><\/a>\n\t\t\t<\/div><\/figure><figure class='gallery-item'>\n\t\t\t<div class='gallery-icon portrait'>\n\t\t\t\t<a title=\"Zdj\u0119cie 2\" href='https:\/\/nck.krakow.pl\/galeriacentrum\/historia-2\/zdjecie-2\/'><img loading=\"lazy\" decoding=\"async\" width=\"1281\" height=\"1985\" src=\"https:\/\/nck.krakow.pl\/galeriacentrum\/wp-content\/uploads\/2017\/02\/Zdj\u0119cie-2.jpg\" class=\"attachment-full size-full\" alt=\"\" srcset=\"https:\/\/nck.krakow.pl\/galeriacentrum\/wp-content\/uploads\/2017\/02\/Zdj\u0119cie-2.jpg 1281w, https:\/\/nck.krakow.pl\/galeriacentrum\/wp-content\/uploads\/2017\/02\/Zdj\u0119cie-2-194x300.jpg 194w, https:\/\/nck.krakow.pl\/galeriacentrum\/wp-content\/uploads\/2017\/02\/Zdj\u0119cie-2-768x1190.jpg 768w, https:\/\/nck.krakow.pl\/galeriacentrum\/wp-content\/uploads\/2017\/02\/Zdj\u0119cie-2-661x1024.jpg 661w\" sizes=\"(max-width: 1281px) 100vw, 1281px\" \/><\/a>\n\t\t\t<\/div><\/figure><figure class='gallery-item'>\n\t\t\t<div class='gallery-icon portrait'>\n\t\t\t\t<a title=\"Zdj\u0119cie 3\" href='https:\/\/nck.krakow.pl\/galeriacentrum\/historia-2\/zdjecie-3\/'><img loading=\"lazy\" decoding=\"async\" width=\"1292\" height=\"1852\" src=\"https:\/\/nck.krakow.pl\/galeriacentrum\/wp-content\/uploads\/2017\/02\/Zdj\u0119cie-3.jpg\" class=\"attachment-full size-full\" alt=\"\" srcset=\"https:\/\/nck.krakow.pl\/galeriacentrum\/wp-content\/uploads\/2017\/02\/Zdj\u0119cie-3.jpg 1292w, https:\/\/nck.krakow.pl\/galeriacentrum\/wp-content\/uploads\/2017\/02\/Zdj\u0119cie-3-209x300.jpg 209w, https:\/\/nck.krakow.pl\/galeriacentrum\/wp-content\/uploads\/2017\/02\/Zdj\u0119cie-3-768x1101.jpg 768w, https:\/\/nck.krakow.pl\/galeriacentrum\/wp-content\/uploads\/2017\/02\/Zdj\u0119cie-3-714x1024.jpg 714w\" sizes=\"(max-width: 1292px) 100vw, 1292px\" \/><\/a>\n\t\t\t<\/div><\/figure><figure class='gallery-item'>\n\t\t\t<div class='gallery-icon portrait'>\n\t\t\t\t<a title=\"zdj\u0119cie 4\" href='https:\/\/nck.krakow.pl\/galeriacentrum\/historia-2\/zdjecie-4\/'><img loading=\"lazy\" decoding=\"async\" width=\"1304\" height=\"1858\" src=\"https:\/\/nck.krakow.pl\/galeriacentrum\/wp-content\/uploads\/2017\/02\/zdj\u0119cie-4.jpg\" class=\"attachment-full size-full\" alt=\"\" srcset=\"https:\/\/nck.krakow.pl\/galeriacentrum\/wp-content\/uploads\/2017\/02\/zdj\u0119cie-4.jpg 1304w, https:\/\/nck.krakow.pl\/galeriacentrum\/wp-content\/uploads\/2017\/02\/zdj\u0119cie-4-211x300.jpg 211w, https:\/\/nck.krakow.pl\/galeriacentrum\/wp-content\/uploads\/2017\/02\/zdj\u0119cie-4-768x1094.jpg 768w, https:\/\/nck.krakow.pl\/galeriacentrum\/wp-content\/uploads\/2017\/02\/zdj\u0119cie-4-719x1024.jpg 719w\" sizes=\"(max-width: 1304px) 100vw, 1304px\" \/><\/a>\n\t\t\t<\/div><\/figure>\n\t\t<\/div>\n\n<p>Artyku\u0142y prasowe o wystawie Beksi\u0144skiego:<\/p>\n<div id='gallery-2' class='gallery galleryid-1545 gallery-columns-1 gallery-size-full'><figure class='gallery-item'>\n\t\t\t<div class='gallery-icon landscape'>\n\t\t\t\t<a title=\"c:plytycdo263c263_Dziennik_Polski__06_10_14__71_21.pdf\" href='https:\/\/nck.krakow.pl\/galeriacentrum\/historia-2\/cplytycdo263c263_dziennik_polski__06_10_14__71_21-pdf\/'><img loading=\"lazy\" decoding=\"async\" width=\"1447\" height=\"1095\" src=\"https:\/\/nck.krakow.pl\/galeriacentrum\/wp-content\/uploads\/2017\/02\/Zdj\u0119cie-5.jpg\" class=\"attachment-full size-full\" alt=\"\" srcset=\"https:\/\/nck.krakow.pl\/galeriacentrum\/wp-content\/uploads\/2017\/02\/Zdj\u0119cie-5.jpg 1447w, https:\/\/nck.krakow.pl\/galeriacentrum\/wp-content\/uploads\/2017\/02\/Zdj\u0119cie-5-300x227.jpg 300w, https:\/\/nck.krakow.pl\/galeriacentrum\/wp-content\/uploads\/2017\/02\/Zdj\u0119cie-5-768x581.jpg 768w, https:\/\/nck.krakow.pl\/galeriacentrum\/wp-content\/uploads\/2017\/02\/Zdj\u0119cie-5-1024x775.jpg 1024w\" sizes=\"(max-width: 1447px) 100vw, 1447px\" \/><\/a>\n\t\t\t<\/div><\/figure><figure class='gallery-item'>\n\t\t\t<div class='gallery-icon portrait'>\n\t\t\t\t<a title=\"Zdj\u0119cie 6\" href='https:\/\/nck.krakow.pl\/galeriacentrum\/historia-2\/zdjecie-6\/'><img loading=\"lazy\" decoding=\"async\" width=\"2090\" height=\"2949\" src=\"https:\/\/nck.krakow.pl\/galeriacentrum\/wp-content\/uploads\/2017\/02\/Zdj\u0119cie-6.jpg\" class=\"attachment-full size-full\" alt=\"\" srcset=\"https:\/\/nck.krakow.pl\/galeriacentrum\/wp-content\/uploads\/2017\/02\/Zdj\u0119cie-6.jpg 2090w, https:\/\/nck.krakow.pl\/galeriacentrum\/wp-content\/uploads\/2017\/02\/Zdj\u0119cie-6-213x300.jpg 213w, https:\/\/nck.krakow.pl\/galeriacentrum\/wp-content\/uploads\/2017\/02\/Zdj\u0119cie-6-768x1084.jpg 768w, https:\/\/nck.krakow.pl\/galeriacentrum\/wp-content\/uploads\/2017\/02\/Zdj\u0119cie-6-726x1024.jpg 726w\" sizes=\"(max-width: 2090px) 100vw, 2090px\" \/><\/a>\n\t\t\t<\/div><\/figure><figure class='gallery-item'>\n\t\t\t<div class='gallery-icon landscape'>\n\t\t\t\t<a title=\"Zdj\u0119cie 7\" href='https:\/\/nck.krakow.pl\/galeriacentrum\/historia-2\/zdjecie-7\/'><img loading=\"lazy\" decoding=\"async\" width=\"2045\" height=\"1305\" src=\"https:\/\/nck.krakow.pl\/galeriacentrum\/wp-content\/uploads\/2017\/02\/Zdj\u0119cie-7.jpg\" class=\"attachment-full size-full\" alt=\"\" srcset=\"https:\/\/nck.krakow.pl\/galeriacentrum\/wp-content\/uploads\/2017\/02\/Zdj\u0119cie-7.jpg 2045w, https:\/\/nck.krakow.pl\/galeriacentrum\/wp-content\/uploads\/2017\/02\/Zdj\u0119cie-7-300x191.jpg 300w, https:\/\/nck.krakow.pl\/galeriacentrum\/wp-content\/uploads\/2017\/02\/Zdj\u0119cie-7-768x490.jpg 768w, https:\/\/nck.krakow.pl\/galeriacentrum\/wp-content\/uploads\/2017\/02\/Zdj\u0119cie-7-1024x653.jpg 1024w\" sizes=\"(max-width: 2045px) 100vw, 2045px\" \/><\/a>\n\t\t\t<\/div><\/figure>\n\t\t<\/div>\n\n","protected":false},"excerpt":{"rendered":"<p>Artyku\u0142y prasowe o wystawie Beksi\u0144skiego:<\/p>\n","protected":false},"author":7,"featured_media":0,"parent":0,"menu_order":0,"comment_status":"closed","ping_status":"closed","template":"","meta":{"footnotes":""},"class_list":["post-1545","page","type-page","status-publish","hentry"],"yoast_head":"<!-- This site is optimized with the Yoast SEO plugin v19.12 - https:\/\/yoast.com\/wordpress\/plugins\/seo\/ -->\n<title>pisz\u0105 o nas - Galeria CENTRUM<\/title>\n<meta name=\"robots\" content=\"index, follow, max-snippet:-1, max-image-preview:large, max-video-preview:-1\" \/>\n<link rel=\"canonical\" href=\"https:\/\/nck.krakow.pl\/galeriacentrum\/historia-2\/\" \/>\n<meta property=\"og:locale\" content=\"pl_PL\" \/>\n<meta property=\"og:type\" content=\"article\" \/>\n<meta property=\"og:title\" content=\"pisz\u0105 o nas - Galeria CENTRUM\" \/>\n<meta property=\"og:description\" content=\"Artyku\u0142y prasowe o wystawie Beksi\u0144skiego:\" \/>\n<meta property=\"og:url\" content=\"https:\/\/nck.krakow.pl\/galeriacentrum\/historia-2\/\" \/>\n<meta property=\"og:site_name\" content=\"Galeria CENTRUM\" \/>\n<meta property=\"article:modified_time\" content=\"2018-03-15T12:30:21+00:00\" \/>\n<meta property=\"og:image\" content=\"https:\/\/nck.krakow.pl\/galeriacentrum\/wp-content\/uploads\/2018\/03\/IMG_0766.jpg\" \/>\n<meta name=\"twitter:card\" content=\"summary_large_image\" \/>\n<script type=\"application\/ld+json\" class=\"yoast-schema-graph\">{\"@context\":\"https:\/\/schema.org\",\"@graph\":[{\"@type\":\"WebPage\",\"@id\":\"https:\/\/nck.krakow.pl\/galeriacentrum\/historia-2\/\",\"url\":\"https:\/\/nck.krakow.pl\/galeriacentrum\/historia-2\/\",\"name\":\"pisz\u0105 o nas - Galeria CENTRUM\",\"isPartOf\":{\"@id\":\"https:\/\/nck.krakow.pl\/galeriacentrum\/#website\"},\"datePublished\":\"2017-02-21T09:29:31+00:00\",\"dateModified\":\"2018-03-15T12:30:21+00:00\",\"breadcrumb\":{\"@id\":\"https:\/\/nck.krakow.pl\/galeriacentrum\/historia-2\/#breadcrumb\"},\"inLanguage\":\"pl-PL\",\"potentialAction\":[{\"@type\":\"ReadAction\",\"target\":[\"https:\/\/nck.krakow.pl\/galeriacentrum\/historia-2\/\"]}]},{\"@type\":\"BreadcrumbList\",\"@id\":\"https:\/\/nck.krakow.pl\/galeriacentrum\/historia-2\/#breadcrumb\",\"itemListElement\":[{\"@type\":\"ListItem\",\"position\":1,\"name\":\"Strona g\u0142\u00f3wna\",\"item\":\"https:\/\/nck.krakow.pl\/galeriacentrum\/\"},{\"@type\":\"ListItem\",\"position\":2,\"name\":\"pisz\u0105 o nas\"}]},{\"@type\":\"WebSite\",\"@id\":\"https:\/\/nck.krakow.pl\/galeriacentrum\/#website\",\"url\":\"https:\/\/nck.krakow.pl\/galeriacentrum\/\",\"name\":\"Galeria CENTRUM\",\"description\":\"Galeria Centrum\",\"potentialAction\":[{\"@type\":\"SearchAction\",\"target\":{\"@type\":\"EntryPoint\",\"urlTemplate\":\"https:\/\/nck.krakow.pl\/galeriacentrum\/?s={search_term_string}\"},\"query-input\":\"required name=search_term_string\"}],\"inLanguage\":\"pl-PL\"}]}<\/script>\n<!-- \/ Yoast SEO plugin. -->","yoast_head_json":{"title":"pisz\u0105 o nas - Galeria CENTRUM","robots":{"index":"index","follow":"follow","max-snippet":"max-snippet:-1","max-image-preview":"max-image-preview:large","max-video-preview":"max-video-preview:-1"},"canonical":"https:\/\/nck.krakow.pl\/galeriacentrum\/historia-2\/","og_locale":"pl_PL","og_type":"article","og_title":"pisz\u0105 o nas - Galeria CENTRUM","og_description":"Artyku\u0142y prasowe o wystawie Beksi\u0144skiego:","og_url":"https:\/\/nck.krakow.pl\/galeriacentrum\/historia-2\/","og_site_name":"Galeria CENTRUM","article_modified_time":"2018-03-15T12:30:21+00:00","og_image":[{"url":"https:\/\/nck.krakow.pl\/galeriacentrum\/wp-content\/uploads\/2018\/03\/IMG_0766.jpg"}],"twitter_card":"summary_large_image","schema":{"@context":"https:\/\/schema.org","@graph":[{"@type":"WebPage","@id":"https:\/\/nck.krakow.pl\/galeriacentrum\/historia-2\/","url":"https:\/\/nck.krakow.pl\/galeriacentrum\/historia-2\/","name":"pisz\u0105 o nas - Galeria CENTRUM","isPartOf":{"@id":"https:\/\/nck.krakow.pl\/galeriacentrum\/#website"},"datePublished":"2017-02-21T09:29:31+00:00","dateModified":"2018-03-15T12:30:21+00:00","breadcrumb":{"@id":"https:\/\/nck.krakow.pl\/galeriacentrum\/historia-2\/#breadcrumb"},"inLanguage":"pl-PL","potentialAction":[{"@type":"ReadAction","target":["https:\/\/nck.krakow.pl\/galeriacentrum\/historia-2\/"]}]},{"@type":"BreadcrumbList","@id":"https:\/\/nck.krakow.pl\/galeriacentrum\/historia-2\/#breadcrumb","itemListElement":[{"@type":"ListItem","position":1,"name":"Strona g\u0142\u00f3wna","item":"https:\/\/nck.krakow.pl\/galeriacentrum\/"},{"@type":"ListItem","position":2,"name":"pisz\u0105 o nas"}]},{"@type":"WebSite","@id":"https:\/\/nck.krakow.pl\/galeriacentrum\/#website","url":"https:\/\/nck.krakow.pl\/galeriacentrum\/","name":"Galeria CENTRUM","description":"Galeria Centrum","potentialAction":[{"@type":"SearchAction","target":{"@type":"EntryPoint","urlTemplate":"https:\/\/nck.krakow.pl\/galeriacentrum\/?s={search_term_string}"},"query-input":"required name=search_term_string"}],"inLanguage":"pl-PL"}]}},"_links":{"self":[{"href":"https:\/\/nck.krakow.pl\/galeriacentrum\/wp-json\/wp\/v2\/pages\/1545"}],"collection":[{"href":"https:\/\/nck.krakow.pl\/galeriacentrum\/wp-json\/wp\/v2\/pages"}],"about":[{"href":"https:\/\/nck.krakow.pl\/galeriacentrum\/wp-json\/wp\/v2\/types\/page"}],"author":[{"embeddable":true,"href":"https:\/\/nck.krakow.pl\/galeriacentrum\/wp-json\/wp\/v2\/users\/7"}],"replies":[{"embeddable":true,"href":"https:\/\/nck.krakow.pl\/galeriacentrum\/wp-json\/wp\/v2\/comments?post=1545"}],"version-history":[{"count":5,"href":"https:\/\/nck.krakow.pl\/galeriacentrum\/wp-json\/wp\/v2\/pages\/1545\/revisions"}],"predecessor-version":[{"id":2621,"href":"https:\/\/nck.krakow.pl\/galeriacentrum\/wp-json\/wp\/v2\/pages\/1545\/revisions\/2621"}],"wp:attachment":[{"href":"https:\/\/nck.krakow.pl\/galeriacentrum\/wp-json\/wp\/v2\/media?parent=1545"}],"curies":[{"name":"wp","href":"https:\/\/api.w.org\/{rel}","templated":true}]}}