{"id":1527,"date":"2017-02-13T08:48:27","date_gmt":"2017-02-13T08:48:27","guid":{"rendered":"http:\/\/centrum.nck.krakow.pl\/?page_id=1527"},"modified":"2023-07-03T11:25:59","modified_gmt":"2023-07-03T11:25:59","slug":"kontakt-galeria-centrum-nck","status":"publish","type":"page","link":"https:\/\/nck.krakow.pl\/galeriacentrum\/kontakt-galeria-centrum-nck\/","title":{"rendered":"Kontakt &#8211; Galeria Centrum NCK"},"content":{"rendered":"\n<h2 class=\"wp-block-heading\">Nowohuckie Centrum Kultury<\/h2>\n\n\n\n<p>Galeria CENTRUM NCK<br>31-913 Krak\u00f3w<br>Aleja Jana Paw\u0142a II 232<br>pok\u00f3j: 202<\/p>\n\n\n\n<p>telefon: 12 644 02 66 w. 25<br>e-mail: <a href=\"mailto:galeria@nck.krakow.pl\" target=\"_blank\" rel=\"noopener\">galeria@nck.krakow.pl<\/a><\/p>\n\n\n\n<div style=\"height:50px\" aria-hidden=\"true\" class=\"wp-block-spacer\"><\/div>\n\n\n\n<p>pracownicy:<\/p>\n\n\n\n<p>Joanna Go\u015bciej-Lewi\u0144ska \u2013 g\u0142\u00f3wny kurator wystaw<br>e-mail: <a href=\"mailto:joanna.lewinska@nck.krakow.pl\">joanna.lewinska@nck.krakow.pl<\/a><\/p>\n\n\n\n<p>Weronika Chludek &#8211; kierownik galerii<br>e-mail: <a href=\"mailto:weronika.chludek@nck.krakow.pl\">weronika.chludek@nck.krakow.pl<\/a><\/p>\n\n\n\n<p>Marzena Konopka-Klus \u2013 specjalista od spraw organizacji galerii<br>e-mail: <a href=\"mailto:marzena.konopka.klus@nck.krakow.pl\">marzena.konopka.klus@nck.krakow.pl<\/a><\/p>\n\n\n\n<p>Tomasz Skubisz \u2013 obs\u0142uga techniczna galerii<br>e-mail: <a href=\"mailto:tomasz.skubisz@nck.krakow.pl\">tomasz.skubisz@nck.krakow.p<\/a><\/p>\n","protected":false},"excerpt":{"rendered":"<p>Nowohuckie Centrum Kultury Galeria CENTRUM NCK31-913 Krak\u00f3wAleja Jana Paw\u0142a II 232pok\u00f3j: 202 telefon: 12 644 02 66 w. 25e-mail: galeria@nck.krakow.pl pracownicy: Joanna Go\u015bciej-Lewi\u0144ska \u2013 g\u0142\u00f3wny kurator wystawe-mail: joanna.lewinska@nck.krakow.pl Weronika Chludek &#8211; kierownik galeriie-mail: weronika.chludek@nck.krakow.pl Marzena Konopka-Klus \u2013 specjalista od spraw organizacji galeriie-mail: marzena.konopka.klus@nck.krakow.pl Tomasz Skubisz \u2013 obs\u0142uga techniczna galeriie-mail: tomasz.skubisz@nck.krakow.p<\/p>\n","protected":false},"author":1,"featured_media":0,"parent":0,"menu_order":0,"comment_status":"closed","ping_status":"closed","template":"","meta":{"footnotes":""},"class_list":["post-1527","page","type-page","status-publish","hentry"],"yoast_head":"<!-- This site is optimized with the Yoast SEO plugin v19.12 - https:\/\/yoast.com\/wordpress\/plugins\/seo\/ -->\n<title>Kontakt - Galeria Centrum NCK - Galeria CENTRUM<\/title>\n<meta name=\"robots\" content=\"index, follow, max-snippet:-1, max-image-preview:large, max-video-preview:-1\" \/>\n<link rel=\"canonical\" href=\"https:\/\/nck.krakow.pl\/galeriacentrum\/kontakt-galeria-centrum-nck\/\" \/>\n<meta property=\"og:locale\" content=\"pl_PL\" \/>\n<meta property=\"og:type\" content=\"article\" \/>\n<meta property=\"og:title\" content=\"Kontakt - Galeria Centrum NCK - Galeria CENTRUM\" \/>\n<meta property=\"og:description\" content=\"Nowohuckie Centrum Kultury Galeria CENTRUM NCK31-913 Krak\u00f3wAleja Jana Paw\u0142a II 232pok\u00f3j: 202 telefon: 12 644 02 66 w. 25e-mail: galeria@nck.krakow.pl pracownicy: Joanna Go\u015bciej-Lewi\u0144ska \u2013 g\u0142\u00f3wny kurator wystawe-mail: joanna.lewinska@nck.krakow.pl Weronika Chludek &#8211; kierownik galeriie-mail: weronika.chludek@nck.krakow.pl Marzena Konopka-Klus \u2013 specjalista od spraw organizacji galeriie-mail: marzena.konopka.klus@nck.krakow.pl Tomasz Skubisz \u2013 obs\u0142uga techniczna galeriie-mail: tomasz.skubisz@nck.krakow.p\" \/>\n<meta property=\"og:url\" content=\"https:\/\/nck.krakow.pl\/galeriacentrum\/kontakt-galeria-centrum-nck\/\" \/>\n<meta property=\"og:site_name\" content=\"Galeria CENTRUM\" \/>\n<meta property=\"article:modified_time\" content=\"2023-07-03T11:25:59+00:00\" \/>\n<meta name=\"twitter:card\" content=\"summary_large_image\" \/>\n<meta name=\"twitter:label1\" content=\"Est. reading time\" \/>\n\t<meta name=\"twitter:data1\" content=\"1 minuta\" \/>\n<script type=\"application\/ld+json\" class=\"yoast-schema-graph\">{\"@context\":\"https:\/\/schema.org\",\"@graph\":[{\"@type\":\"WebPage\",\"@id\":\"https:\/\/nck.krakow.pl\/galeriacentrum\/kontakt-galeria-centrum-nck\/\",\"url\":\"https:\/\/nck.krakow.pl\/galeriacentrum\/kontakt-galeria-centrum-nck\/\",\"name\":\"Kontakt - Galeria Centrum NCK - Galeria CENTRUM\",\"isPartOf\":{\"@id\":\"https:\/\/nck.krakow.pl\/galeriacentrum\/#website\"},\"datePublished\":\"2017-02-13T08:48:27+00:00\",\"dateModified\":\"2023-07-03T11:25:59+00:00\",\"breadcrumb\":{\"@id\":\"https:\/\/nck.krakow.pl\/galeriacentrum\/kontakt-galeria-centrum-nck\/#breadcrumb\"},\"inLanguage\":\"pl-PL\",\"potentialAction\":[{\"@type\":\"ReadAction\",\"target\":[\"https:\/\/nck.krakow.pl\/galeriacentrum\/kontakt-galeria-centrum-nck\/\"]}]},{\"@type\":\"BreadcrumbList\",\"@id\":\"https:\/\/nck.krakow.pl\/galeriacentrum\/kontakt-galeria-centrum-nck\/#breadcrumb\",\"itemListElement\":[{\"@type\":\"ListItem\",\"position\":1,\"name\":\"Strona g\u0142\u00f3wna\",\"item\":\"https:\/\/nck.krakow.pl\/galeriacentrum\/\"},{\"@type\":\"ListItem\",\"position\":2,\"name\":\"Kontakt &#8211; Galeria Centrum NCK\"}]},{\"@type\":\"WebSite\",\"@id\":\"https:\/\/nck.krakow.pl\/galeriacentrum\/#website\",\"url\":\"https:\/\/nck.krakow.pl\/galeriacentrum\/\",\"name\":\"Galeria CENTRUM\",\"description\":\"Galeria Centrum\",\"potentialAction\":[{\"@type\":\"SearchAction\",\"target\":{\"@type\":\"EntryPoint\",\"urlTemplate\":\"https:\/\/nck.krakow.pl\/galeriacentrum\/?s={search_term_string}\"},\"query-input\":\"required name=search_term_string\"}],\"inLanguage\":\"pl-PL\"}]}<\/script>\n<!-- \/ Yoast SEO plugin. -->","yoast_head_json":{"title":"Kontakt - Galeria Centrum NCK - Galeria CENTRUM","robots":{"index":"index","follow":"follow","max-snippet":"max-snippet:-1","max-image-preview":"max-image-preview:large","max-video-preview":"max-video-preview:-1"},"canonical":"https:\/\/nck.krakow.pl\/galeriacentrum\/kontakt-galeria-centrum-nck\/","og_locale":"pl_PL","og_type":"article","og_title":"Kontakt - Galeria Centrum NCK - Galeria CENTRUM","og_description":"Nowohuckie Centrum Kultury Galeria CENTRUM NCK31-913 Krak\u00f3wAleja Jana Paw\u0142a II 232pok\u00f3j: 202 telefon: 12 644 02 66 w. 25e-mail: galeria@nck.krakow.pl pracownicy: Joanna Go\u015bciej-Lewi\u0144ska \u2013 g\u0142\u00f3wny kurator wystawe-mail: joanna.lewinska@nck.krakow.pl Weronika Chludek &#8211; kierownik galeriie-mail: weronika.chludek@nck.krakow.pl Marzena Konopka-Klus \u2013 specjalista od spraw organizacji galeriie-mail: marzena.konopka.klus@nck.krakow.pl Tomasz Skubisz \u2013 obs\u0142uga techniczna galeriie-mail: tomasz.skubisz@nck.krakow.p","og_url":"https:\/\/nck.krakow.pl\/galeriacentrum\/kontakt-galeria-centrum-nck\/","og_site_name":"Galeria CENTRUM","article_modified_time":"2023-07-03T11:25:59+00:00","twitter_card":"summary_large_image","twitter_misc":{"Est. reading time":"1 minuta"},"schema":{"@context":"https:\/\/schema.org","@graph":[{"@type":"WebPage","@id":"https:\/\/nck.krakow.pl\/galeriacentrum\/kontakt-galeria-centrum-nck\/","url":"https:\/\/nck.krakow.pl\/galeriacentrum\/kontakt-galeria-centrum-nck\/","name":"Kontakt - Galeria Centrum NCK - Galeria CENTRUM","isPartOf":{"@id":"https:\/\/nck.krakow.pl\/galeriacentrum\/#website"},"datePublished":"2017-02-13T08:48:27+00:00","dateModified":"2023-07-03T11:25:59+00:00","breadcrumb":{"@id":"https:\/\/nck.krakow.pl\/galeriacentrum\/kontakt-galeria-centrum-nck\/#breadcrumb"},"inLanguage":"pl-PL","potentialAction":[{"@type":"ReadAction","target":["https:\/\/nck.krakow.pl\/galeriacentrum\/kontakt-galeria-centrum-nck\/"]}]},{"@type":"BreadcrumbList","@id":"https:\/\/nck.krakow.pl\/galeriacentrum\/kontakt-galeria-centrum-nck\/#breadcrumb","itemListElement":[{"@type":"ListItem","position":1,"name":"Strona g\u0142\u00f3wna","item":"https:\/\/nck.krakow.pl\/galeriacentrum\/"},{"@type":"ListItem","position":2,"name":"Kontakt &#8211; Galeria Centrum NCK"}]},{"@type":"WebSite","@id":"https:\/\/nck.krakow.pl\/galeriacentrum\/#website","url":"https:\/\/nck.krakow.pl\/galeriacentrum\/","name":"Galeria CENTRUM","description":"Galeria Centrum","potentialAction":[{"@type":"SearchAction","target":{"@type":"EntryPoint","urlTemplate":"https:\/\/nck.krakow.pl\/galeriacentrum\/?s={search_term_string}"},"query-input":"required name=search_term_string"}],"inLanguage":"pl-PL"}]}},"_links":{"self":[{"href":"https:\/\/nck.krakow.pl\/galeriacentrum\/wp-json\/wp\/v2\/pages\/1527"}],"collection":[{"href":"https:\/\/nck.krakow.pl\/galeriacentrum\/wp-json\/wp\/v2\/pages"}],"about":[{"href":"https:\/\/nck.krakow.pl\/galeriacentrum\/wp-json\/wp\/v2\/types\/page"}],"author":[{"embeddable":true,"href":"https:\/\/nck.krakow.pl\/galeriacentrum\/wp-json\/wp\/v2\/users\/1"}],"replies":[{"embeddable":true,"href":"https:\/\/nck.krakow.pl\/galeriacentrum\/wp-json\/wp\/v2\/comments?post=1527"}],"version-history":[{"count":2,"href":"https:\/\/nck.krakow.pl\/galeriacentrum\/wp-json\/wp\/v2\/pages\/1527\/revisions"}],"predecessor-version":[{"id":3655,"href":"https:\/\/nck.krakow.pl\/galeriacentrum\/wp-json\/wp\/v2\/pages\/1527\/revisions\/3655"}],"wp:attachment":[{"href":"https:\/\/nck.krakow.pl\/galeriacentrum\/wp-json\/wp\/v2\/media?parent=1527"}],"curies":[{"name":"wp","href":"https:\/\/api.w.org\/{rel}","templated":true}]}}