{"id":1500,"date":"2017-01-27T10:31:07","date_gmt":"2017-01-27T10:31:07","guid":{"rendered":"http:\/\/centrum.nck.krakow.pl\/?page_id=1500"},"modified":"2017-03-29T11:53:24","modified_gmt":"2017-03-29T11:53:24","slug":"historia","status":"publish","type":"page","link":"https:\/\/nck.krakow.pl\/galeriacentrum\/historia\/","title":{"rendered":"Historia &#8211; Galeria Centrum"},"content":{"rendered":"<h1><strong>HISTORIA<\/strong><\/h1>\n<p><b>HISTORIA<\/b><\/p>\n<p><span style=\"font-weight: 400;\">Galeria CENTRUM NCK znajduje si\u0119 w sercu Nowej Huty \u2013 dzielnicy mieszkaniowej Krakowa, za\u0142o\u017conej w 1951 roku obok wznoszonego w\u00f3wczas kombinatu metalurgicznego. Mia\u0142a by\u0107 wzorcem nowoczesnego, socjalistycznego miasta robotnik\u00f3w, izolowanym od mieszcza\u0144skiej i inteligenckiej tradycji starego Krakowa. Sta\u0142o si\u0119 jednak inaczej: na przek\u00f3r ideologicznym dogmatom, niemal od pocz\u0105tku trwa\u0142a integracja obu tak odmiennych organizm\u00f3w miejskich. O prze\u0142amaniu sztucznych barier, ale te\u017c naturalnej nieufno\u015bci, zdecydowali sami ludzie, w tym tak\u017ce krakowscy tw\u00f3rcy. Wielu z nich nie tylko zamieszka\u0142o w Nowej Hucie, ale te\u017c zafascynowa\u0142o si\u0119 jej wyrazist\u0105 spo\u0142eczn\u0105 i architektoniczn\u0105 odmienno\u015bci\u0105, co znalaz\u0142o wyraz w licznych projektach artystycznych.<\/span><\/p>\n<p><span style=\"font-weight: 400;\">Galeria CENTRUM NCK zainaugurowa\u0142a swoj\u0105 dzia\u0142alno\u015b\u0107 1986 roku wystaw\u0105 przegl\u0105dow\u0105 krakowskiego \u015brodowiska plastyk\u00f3w. W\u015br\u00f3d zaproszonych znale\u017ali si\u0119 tak wybitni arty\u015bci, jak Walenty Gabrysiak, W\u0142odzimierz Kunz, Tadeusz Kutermak, Danuta Leszczy\u0144ska-Kluza, Tadeusz \u0141akomski, Lucjan Mianowski, Kazimierz Mikulski, Eugeniusz Mucha, Jerzy Panek, Konrad Srzednicki, Jonasz Stern, Janusz Trzebiatowski, Danuta Urbanowicz, Witold Urbanowicz czy Eugeniusz Waniek. Wystawa niespodziewanie sta\u0142a si\u0119 jedn\u0105 z najpe\u0142niejszych w tamtym czasie ponadpokoleniowych prezentacji dorobku wsp\u00f3\u0142czesnej sztuki Krakowa. Po tym obiecuj\u0105cym pocz\u0105tku, w nast\u0119pnych latach galeria koncentrowa\u0142a si\u0119 na pokazach indywidualnych, bez narzucania sobie okre\u015blonego profilu artystycznego, wci\u0105\u017c jednak obracaj\u0105c si\u0119 w kr\u0119gu wybitnych tw\u00f3rc\u00f3w, cz\u0119sto zwi\u0105zanych z krakowsk\u0105 Akademi\u0105 Sztuk Pi\u0119knych. Do grona wystawiaj\u0105cych do\u0142\u0105czy\u0142y takie \u2013 zn\u00f3w bardzo r\u00f3\u017cne \u2013 osobowo\u015bci, jak Roman Banaszewski, Stanis\u0142aw Batruch, Andrzej Bednarczyk, Jerzy Duda-Gracz, Zdzis\u0142aw Beksi\u0144ski, Stefan Gierowski, Jerzy Bere\u015b, Franciszek Bunsch, Janina Kraupe-\u015awiderska, Leszek Misiak, Jerzy Nowakowski, Jerzy Nowosielski, Ryszard Otr\u0119ba, Allan Rzepka, Janusz Tarabu\u0142a, Mieczys\u0142aw Wejman, Jerzy Wro\u0144ski.<\/span><\/p>\n<p><span style=\"font-weight: 400;\">Od pocz\u0105tku istnienia Galerii kuratork\u0105 wystaw jest Joanna Go\u015bciej-Lewi\u0144ska.<\/span><\/p>\n","protected":false},"excerpt":{"rendered":"<p>HISTORIA HISTORIA Galeria CENTRUM NCK znajduje si\u0119 w sercu Nowej Huty \u2013 dzielnicy mieszkaniowej Krakowa, za\u0142o\u017conej w 1951 roku obok wznoszonego w\u00f3wczas kombinatu metalurgicznego. Mia\u0142a by\u0107 wzorcem nowoczesnego, socjalistycznego miasta robotnik\u00f3w, izolowanym od mieszcza\u0144skiej i inteligenckiej tradycji starego Krakowa. Sta\u0142o si\u0119 jednak inaczej: na przek\u00f3r ideologicznym dogmatom, niemal od pocz\u0105tku trwa\u0142a integracja obu tak odmiennych<a class=\"moretag\" href=\"https:\/\/nck.krakow.pl\/galeriacentrum\/historia\/\"><span class=\"screen-reader-text\">Wi\u0119cej oHistoria &#8211; Galeria Centrum<\/span>[&#8230;]<\/a><\/p>\n","protected":false},"author":1,"featured_media":0,"parent":0,"menu_order":0,"comment_status":"closed","ping_status":"closed","template":"","meta":{"footnotes":""},"class_list":["post-1500","page","type-page","status-publish","hentry"],"yoast_head":"<!-- This site is optimized with the Yoast SEO plugin v19.12 - https:\/\/yoast.com\/wordpress\/plugins\/seo\/ -->\n<title>Historia - Galeria Centrum - Galeria CENTRUM<\/title>\n<meta name=\"robots\" content=\"index, follow, max-snippet:-1, max-image-preview:large, max-video-preview:-1\" \/>\n<link rel=\"canonical\" href=\"https:\/\/nck.krakow.pl\/galeriacentrum\/historia\/\" \/>\n<meta property=\"og:locale\" content=\"pl_PL\" \/>\n<meta property=\"og:type\" content=\"article\" \/>\n<meta property=\"og:title\" content=\"Historia - Galeria Centrum - Galeria CENTRUM\" \/>\n<meta property=\"og:description\" content=\"HISTORIA HISTORIA Galeria CENTRUM NCK znajduje si\u0119 w sercu Nowej Huty \u2013 dzielnicy mieszkaniowej Krakowa, za\u0142o\u017conej w 1951 roku obok wznoszonego w\u00f3wczas kombinatu metalurgicznego. Mia\u0142a by\u0107 wzorcem nowoczesnego, socjalistycznego miasta robotnik\u00f3w, izolowanym od mieszcza\u0144skiej i inteligenckiej tradycji starego Krakowa. Sta\u0142o si\u0119 jednak inaczej: na przek\u00f3r ideologicznym dogmatom, niemal od pocz\u0105tku trwa\u0142a integracja obu tak odmiennychWi\u0119cej oHistoria &#8211; Galeria Centrum[...]\" \/>\n<meta property=\"og:url\" content=\"https:\/\/nck.krakow.pl\/galeriacentrum\/historia\/\" \/>\n<meta property=\"og:site_name\" content=\"Galeria CENTRUM\" \/>\n<meta property=\"article:modified_time\" content=\"2017-03-29T11:53:24+00:00\" \/>\n<meta name=\"twitter:card\" content=\"summary_large_image\" \/>\n<meta name=\"twitter:label1\" content=\"Est. reading time\" \/>\n\t<meta name=\"twitter:data1\" content=\"2 minuty\" \/>\n<script type=\"application\/ld+json\" class=\"yoast-schema-graph\">{\"@context\":\"https:\/\/schema.org\",\"@graph\":[{\"@type\":\"WebPage\",\"@id\":\"https:\/\/nck.krakow.pl\/galeriacentrum\/historia\/\",\"url\":\"https:\/\/nck.krakow.pl\/galeriacentrum\/historia\/\",\"name\":\"Historia - Galeria Centrum - Galeria CENTRUM\",\"isPartOf\":{\"@id\":\"https:\/\/nck.krakow.pl\/galeriacentrum\/#website\"},\"datePublished\":\"2017-01-27T10:31:07+00:00\",\"dateModified\":\"2017-03-29T11:53:24+00:00\",\"breadcrumb\":{\"@id\":\"https:\/\/nck.krakow.pl\/galeriacentrum\/historia\/#breadcrumb\"},\"inLanguage\":\"pl-PL\",\"potentialAction\":[{\"@type\":\"ReadAction\",\"target\":[\"https:\/\/nck.krakow.pl\/galeriacentrum\/historia\/\"]}]},{\"@type\":\"BreadcrumbList\",\"@id\":\"https:\/\/nck.krakow.pl\/galeriacentrum\/historia\/#breadcrumb\",\"itemListElement\":[{\"@type\":\"ListItem\",\"position\":1,\"name\":\"Strona g\u0142\u00f3wna\",\"item\":\"https:\/\/nck.krakow.pl\/galeriacentrum\/\"},{\"@type\":\"ListItem\",\"position\":2,\"name\":\"Historia &#8211; Galeria Centrum\"}]},{\"@type\":\"WebSite\",\"@id\":\"https:\/\/nck.krakow.pl\/galeriacentrum\/#website\",\"url\":\"https:\/\/nck.krakow.pl\/galeriacentrum\/\",\"name\":\"Galeria CENTRUM\",\"description\":\"Galeria Centrum\",\"potentialAction\":[{\"@type\":\"SearchAction\",\"target\":{\"@type\":\"EntryPoint\",\"urlTemplate\":\"https:\/\/nck.krakow.pl\/galeriacentrum\/?s={search_term_string}\"},\"query-input\":\"required name=search_term_string\"}],\"inLanguage\":\"pl-PL\"}]}<\/script>\n<!-- \/ Yoast SEO plugin. -->","yoast_head_json":{"title":"Historia - Galeria Centrum - Galeria CENTRUM","robots":{"index":"index","follow":"follow","max-snippet":"max-snippet:-1","max-image-preview":"max-image-preview:large","max-video-preview":"max-video-preview:-1"},"canonical":"https:\/\/nck.krakow.pl\/galeriacentrum\/historia\/","og_locale":"pl_PL","og_type":"article","og_title":"Historia - Galeria Centrum - Galeria CENTRUM","og_description":"HISTORIA HISTORIA Galeria CENTRUM NCK znajduje si\u0119 w sercu Nowej Huty \u2013 dzielnicy mieszkaniowej Krakowa, za\u0142o\u017conej w 1951 roku obok wznoszonego w\u00f3wczas kombinatu metalurgicznego. Mia\u0142a by\u0107 wzorcem nowoczesnego, socjalistycznego miasta robotnik\u00f3w, izolowanym od mieszcza\u0144skiej i inteligenckiej tradycji starego Krakowa. Sta\u0142o si\u0119 jednak inaczej: na przek\u00f3r ideologicznym dogmatom, niemal od pocz\u0105tku trwa\u0142a integracja obu tak odmiennychWi\u0119cej oHistoria &#8211; Galeria Centrum[...]","og_url":"https:\/\/nck.krakow.pl\/galeriacentrum\/historia\/","og_site_name":"Galeria CENTRUM","article_modified_time":"2017-03-29T11:53:24+00:00","twitter_card":"summary_large_image","twitter_misc":{"Est. reading time":"2 minuty"},"schema":{"@context":"https:\/\/schema.org","@graph":[{"@type":"WebPage","@id":"https:\/\/nck.krakow.pl\/galeriacentrum\/historia\/","url":"https:\/\/nck.krakow.pl\/galeriacentrum\/historia\/","name":"Historia - Galeria Centrum - Galeria CENTRUM","isPartOf":{"@id":"https:\/\/nck.krakow.pl\/galeriacentrum\/#website"},"datePublished":"2017-01-27T10:31:07+00:00","dateModified":"2017-03-29T11:53:24+00:00","breadcrumb":{"@id":"https:\/\/nck.krakow.pl\/galeriacentrum\/historia\/#breadcrumb"},"inLanguage":"pl-PL","potentialAction":[{"@type":"ReadAction","target":["https:\/\/nck.krakow.pl\/galeriacentrum\/historia\/"]}]},{"@type":"BreadcrumbList","@id":"https:\/\/nck.krakow.pl\/galeriacentrum\/historia\/#breadcrumb","itemListElement":[{"@type":"ListItem","position":1,"name":"Strona g\u0142\u00f3wna","item":"https:\/\/nck.krakow.pl\/galeriacentrum\/"},{"@type":"ListItem","position":2,"name":"Historia &#8211; Galeria Centrum"}]},{"@type":"WebSite","@id":"https:\/\/nck.krakow.pl\/galeriacentrum\/#website","url":"https:\/\/nck.krakow.pl\/galeriacentrum\/","name":"Galeria CENTRUM","description":"Galeria Centrum","potentialAction":[{"@type":"SearchAction","target":{"@type":"EntryPoint","urlTemplate":"https:\/\/nck.krakow.pl\/galeriacentrum\/?s={search_term_string}"},"query-input":"required name=search_term_string"}],"inLanguage":"pl-PL"}]}},"_links":{"self":[{"href":"https:\/\/nck.krakow.pl\/galeriacentrum\/wp-json\/wp\/v2\/pages\/1500"}],"collection":[{"href":"https:\/\/nck.krakow.pl\/galeriacentrum\/wp-json\/wp\/v2\/pages"}],"about":[{"href":"https:\/\/nck.krakow.pl\/galeriacentrum\/wp-json\/wp\/v2\/types\/page"}],"author":[{"embeddable":true,"href":"https:\/\/nck.krakow.pl\/galeriacentrum\/wp-json\/wp\/v2\/users\/1"}],"replies":[{"embeddable":true,"href":"https:\/\/nck.krakow.pl\/galeriacentrum\/wp-json\/wp\/v2\/comments?post=1500"}],"version-history":[{"count":7,"href":"https:\/\/nck.krakow.pl\/galeriacentrum\/wp-json\/wp\/v2\/pages\/1500\/revisions"}],"predecessor-version":[{"id":2366,"href":"https:\/\/nck.krakow.pl\/galeriacentrum\/wp-json\/wp\/v2\/pages\/1500\/revisions\/2366"}],"wp:attachment":[{"href":"https:\/\/nck.krakow.pl\/galeriacentrum\/wp-json\/wp\/v2\/media?parent=1500"}],"curies":[{"name":"wp","href":"https:\/\/api.w.org\/{rel}","templated":true}]}}