{"id":2409,"date":"2020-03-31T19:52:42","date_gmt":"2020-03-31T19:52:42","guid":{"rendered":"https:\/\/nck.krakow.pl\/foto-galeria\/?page_id=2409"},"modified":"2026-03-31T07:41:47","modified_gmt":"2026-03-31T07:41:47","slug":"deklaracja-dostenosci","status":"publish","type":"page","link":"https:\/\/nck.krakow.pl\/foto-galeria\/deklaracja-dostenosci\/","title":{"rendered":"Deklaracja dost\u0119no\u015bci"},"content":{"rendered":"<h1>Deklaracja dost\u0119pno\u015bci<\/h1>\n<section id=\"a11y-wstep\"><span id=\"a11y-podmiot\">Nowohuckie Centrum Kultury<\/span> zobowi\u0105zuje si\u0119 zapewni\u0107 dost\u0119pno\u015b\u0107 swojej <span id=\"a11y-zakres\">strony internetowej<\/span> zgodnie z ustaw\u0105 z dnia 4 kwietnia 2019 r. o dost\u0119pno\u015bci cyfrowej stron internetowych i aplikacji mobilnych podmiot\u00f3w publicznych.<\/p>\n<p>Deklaracja dost\u0119pno\u015bci dotyczy strony <a id=\"a11y-url\" href=\"https:\/\/nck.krakow.pl\/foto-galeria\/\" target=\"_blank\" rel=\"noopener\">https:\/\/nck.krakow.pl\/foto-galeria\/<\/a>.<\/p>\n<\/section>\n<section>\n<ul>\n<li>Data publikacji strony internetowej: <time id=\"a11y-data-publikacja\" datetime=\"2018-01-08\">8 stycznia 2018 r.<\/time><\/li>\n<li>Data ostatniej istotnej aktualizacji: <time id=\"a11y-data-aktualizacja\" datetime=\"2020-06-23\">11 sierpnia 2019 r.<\/time><\/li>\n<\/ul>\n<\/section>\n<section>\n<h2>Stan dost\u0119pno\u015bci cyfrowej<\/h2>\n<p id=\"a11y-status\">Ta strona internetowa jest cz\u0119\u015bciowo zgodna z za\u0142\u0105cznikiem do ustawy o dost\u0119pno\u015bci cyfrowej z dnia 4 kwietnia 2019 r. o dost\u0119pno\u015bci cyfrowej stron internetowych i aplikacji mobilnych podmiot\u00f3w publicznych z powodu [niezgodno\u015bci i wy\u0142\u0105cze\u0144] wymienionych poni\u017cej.<\/p>\n<\/section>\n<section>\n<h2>Niedost\u0119pne tre\u015bci<\/h2>\n<section>\n<h3>Niezgodno\u015b\u0107 z za\u0142\u0105cznikiem<\/h3>\n<ul>\n<li>Na stronie internetowej zosta\u0142a wy\u0142\u0105czana widoczno\u015b\u0107 ramki focusa, co stanowi barier\u0119 dost\u0119pu do strony.<\/li>\n<li>Do kilku element\u00f3w u\u017cytkownik nie ma dost\u0119pu z poziomu klawiatury.<\/li>\n<li>Do film\u00f3w nie s\u0105 dodane napisy oraz audiodeskrypcja.<\/li>\n<li>Struktura nag\u0142\u00f3wkowa stron posiada b\u0142\u0119dy,.<\/li>\n<li>S\u0105 takie elementy formularza, kt\u00f3re nie maj\u0105 etykiety,.<\/li>\n<li>Na stronie s\u0105 linki, kt\u00f3re nie zawieraj\u0105 tre\u015bci,.<\/li>\n<li>W serwisie wyst\u0119puj\u0105 elementy, kt\u00f3re nie zachowuj\u0105 minimalnego poziomu kontrastu,.<\/li>\n<li>W serwisie znajduj\u0105 si\u0119 tre\u015bci obcoj\u0119zyczne dla kt\u00f3rych nie zosta\u0142 zdefiniowany j\u0119zyk oryginalny,.<\/li>\n<li>W serwisie wyst\u0119puj\u0105 linki, kt\u00f3rych u\u017cycie powoduje otwarcie nowej zak\u0142adki. W takiej sytuacji u\u017cytkownik nie jest o tym ostrzegany,.<\/li>\n<li>Wyst\u0119puj\u0105 b\u0142\u0119dy kodu HTML i CSS.<\/li>\n<li>Mog\u0105 zdarzy\u0107 si\u0119 sytuacje, \u017ce dokumenty opublikowane na stronie s\u0105 niedostatecznie dost\u0119pne z uwagi na fakt, i\u017c pochodz\u0105 z r\u00f3\u017cnych \u017ar\u00f3de\u0142.<\/li>\n<li>Brak mo\u017cliwo\u015bci zwi\u0119kszenia wielko\u015bci czcionki.<\/li>\n<li>Brak mo\u017cliwo\u015bci zmiany kontrastu.<\/li>\n<\/ul>\n<\/section>\n<\/section>\n<section>\n<h2>Przygotowanie deklaracji dost\u0119pno\u015bci<\/h2>\n<ul>\n<li>Data sporz\u0105dzenia deklaracji: <time id=\"a11y-data-sporzadzenie\" datetime=\"2024-12-10\">28 marca 2025 r.<\/time><\/li>\n<li>Data ostatniego przegl\u0105du deklaracji: 31<time id=\"a11y-data-przeglad\" datetime=\"2025-03-28\"> marca 2026 r.<\/time><\/li>\n<\/ul>\n<p>Deklaracj\u0119 sporz\u0105dzili\u015bmy na podstawie samooceny.<\/p>\n<\/section>\n<section>\n<h2>Informacje zwrotne i dane kontaktowe<\/h2>\n<p>Wszystkie problemy z dost\u0119pno\u015bci\u0105 cyfrow\u0105 tej strony internetowej mo\u017cesz zg\u0142osi\u0107 do <span id=\"a11y-kontakt\">Katarzyna Maruszczak<\/span> &#8211; mejlowo <a id=\"a11y-email\" href=\"mailto:katarzyna.maruszczak@nck.krakow.pl\">katarzyna.maruszczak@nck.krakow.pl<\/a> lub telefonicznie <a id=\"a11y-telefon\" href=\"tel:+48517248608\">+48 517248608<\/a>.<\/p>\n<p>Ka\u017cdy ma prawo wyst\u0105pi\u0107 z \u017c\u0105daniem zapewnienia dost\u0119pno\u015bci cyfrowej tej strony internetowej lub jej element\u00f3w.<\/p>\n<p>Zg\u0142aszaj\u0105c takie \u017c\u0105danie podaj:<\/p>\n<ul>\n<li>swoje imi\u0119 i nazwisko,<\/li>\n<li>swoje dane kontaktowe (np. numer telefonu, e-mail),<\/li>\n<li>dok\u0142adny adres strony internetowej, na kt\u00f3rej jest niedost\u0119pny cyfrowo element lub tre\u015b\u0107,<\/li>\n<li>opis na czym polega problem i jaki spos\u00f3b jego rozwi\u0105zania by\u0142by dla Ciebie najwygodniejszy.<\/li>\n<\/ul>\n<p>Na Twoje zg\u0142oszenie odpowiemy najszybciej jak to mo\u017cliwe, nie p\u00f3\u017aniej ni\u017c w ci\u0105gu 7 dni od jego otrzymania.<\/p>\n<p>Je\u017celi ten termin b\u0119dzie dla nas zbyt kr\u00f3tki poinformujemy Ci\u0119 o tym. W tej informacji podamy nowy termin, do kt\u00f3rego poprawimy zg\u0142oszone przez Ciebie b\u0142\u0119dy lub przygotujemy informacje w alternatywny spos\u00f3b. Ten nowy termin nie b\u0119dzie d\u0142u\u017cszy ni\u017c 2 miesi\u0105ce.<\/p>\n<p>Je\u017celi nie b\u0119dziemy w stanie zapewni\u0107 dost\u0119pno\u015bci cyfrowej strony internetowej lub tre\u015bci, wskazanej w Twoim \u017c\u0105daniu, zaproponujemy Ci dost\u0119p do nich w alternatywny spos\u00f3b.<\/p>\n<\/section>\n<section id=\"a11y-procedura\">\n<h2>Obs\u0142uga wniosk\u00f3w i skarg zwi\u0105zanych z dost\u0119pno\u015bci\u0105<\/h2>\n<p>Je\u017celi w odpowiedzi na Tw\u00f3j wniosek o zapewnienie dost\u0119pno\u015bci cyfrowej, odm\u00f3wimy zapewnienia \u017c\u0105danej przez Ciebie dost\u0119pno\u015bci cyfrowej, a Ty nie zgadzasz si\u0119 z t\u0105 odmow\u0105, masz prawo z\u0142o\u017cy\u0107 skarg\u0119.<\/p>\n<p>Skarg\u0119 masz prawo z\u0142o\u017cy\u0107 tak\u017ce, je\u015bli nie zgadzasz si\u0119 na skorzystanie z alternatywnego sposobu dost\u0119pu, kt\u00f3ry zaproponowali\u015bmy Ci w odpowiedzi na Tw\u00f3j wniosek o zapewnienie dost\u0119pno\u015bci cyfrowej.<\/p>\n<p>Ewentualn\u0105 skarg\u0119 z\u0142\u00f3\u017c listownie lub mailem do kierownictwa naszego urz\u0119du:<\/p>\n<ul>\n<li><span id=\"a11y-procedura-kierownik\">Gmina Miejska Krak\u00f3w<\/span>,<\/li>\n<li>Adres: <span id=\"a11y-procedura-adres\">pl. Wszystkich \u015awi\u0119tych 3-4 31-004 Krak\u00f3w<\/span>,<\/li>\n<li>e-mail: <a id=\"a11y-procedura-email\" href=\"mailto:bi@um.krakow.pl\">bi@um.krakow.pl<\/a>.<\/li>\n<\/ul>\n<p><a href=\"https:\/\/www.gov.pl\/web\/gov\/zloz-wniosek-o-zapewnienie-dostepnosci-cyfrowej-strony-internetowej-lub-aplikacji-mobilnej\">Pomocne mog\u0105 by\u0107 informacje, kt\u00f3re mo\u017cna znale\u017a\u0107 na rz\u0105dowym portalu gov.pl<\/a>.<\/p>\n<p>Mo\u017cesz tak\u017ce poinformowa\u0107 o tej sytuacji <a href=\"https:\/\/bip.brpo.gov.pl\/\">Rzecznika Praw Obywatelskich<\/a> i poprosi\u0107 o interwencj\u0119 w Twojej sprawie.<\/p>\n<\/section>\n<section>\n<h2>Pozosta\u0142e informacje<\/h2>\n<section id=\"a11y-architektura\">\n<h3>Dost\u0119pno\u015b\u0107 architektoniczna<\/h3>\n<section>\n<h4>Nowohuckie Centrum Kultury<\/h4>\n<p>Foto Galeria znajduje si\u0119 w budynku Nowohuckiego Centrum Kultury.<\/p>\n<p>Nowohuckie Centrum Kultury w Krakowie dzia\u0142a w jednej lokalizacji, przy Alei Jana Paw\u0142a II 232<\/p>\n<p>Mo\u017cesz do nas dotrze\u0107 komunikacj\u0105 miejsk\u0105. Najbli\u017cej Centrum znajduje si\u0119 przystanek tramwajowy &#8222;Plac Centralny im. R. Reagana&#8221;. Zatrzymuj\u0105 si\u0119 tutaj tramwaje linii nr 4, 22, 62 i 70 oraz linia autobusowa 174.<\/p>\n<p>Opis dost\u0119pno\u015bci wej\u015bcia do budynku i przechodzenia przez obszary kontroli.<\/p>\n<p>Doj\u015bcie do g\u0142\u00f3wnego wej\u015bcia Nowohuckiego Centrum Kultury mo\u017cliwy jest poprzez skwer przed NCK, na kt\u00f3rym nie wyst\u0119puj\u0105 ograniczenia dla os\u00f3b z dysfunkcj\u0105 ruchow\u0105. Nie wyst\u0119puj\u0105 na nim \u017cadne kraw\u0119\u017cniki ani przeszkody, kt\u00f3ry mog\u0142yby utrudni\u0107 poruszanie si\u0119 lub stanowi\u0107 zagro\u017cenie dla osoby niepe\u0142nosprawnej. Parking NCK jest w pe\u0142ni dost\u0119pny dzi\u0119ki rozwi\u0105zaniom tj. wydzielone i oznakowane miejsca dla os\u00f3b z niepe\u0142nosprawno\u015bciami zlokalizowane najbli\u017cej Instytucji(8 miejsc), obni\u017cone kraw\u0119\u017cniki najazdowe, brak prog\u00f3w.<\/p>\n<p>Dodatkowo ci\u0105gi piesze b\u0119d\u0105 oddzielone od trawnik\u00f3w 3 cm obrze\u017cem, co u\u0142atwi osobom s\u0142abowidz\u0105cym lub niewidomym nawigacj\u0119 po terenie. Miejsca przeszk\u00f3d terenowych tj. schody zostan\u0105 zaznaczone kostk\u0105 betonow\u0105 o wypuk\u0142ej strukturze.<\/p>\n<p>Samo wej\u015bcie jest wyposa\u017cone w klamki antypaniczne i samozamykacze. NCK nie posiada drzwi otwieranych elektronicznie.<\/p>\n<p>Opis dost\u0119pno\u015bci korytarzy, schod\u00f3w i wind.<\/p>\n<p>Korytarze Centrum s\u0105 szerokie i nie posiadaj\u0105 prog\u00f3w, schod\u00f3w ani innych przeszk\u00f3d terenowych. Wyj\u0105tek stanowi przej\u015bcie pomi\u0119dzy budynkami A i C, gdzie znajduj\u0105 si\u0119 dwa stopnie, natomiast przy stopniach znajduje si\u0119 niewielka pochylnia dostosowana do potrzeb os\u00f3b z niepe\u0142nosprawno\u015bciami.<\/p>\n<p class=\"p1\">Na ka\u017cd\u0105 kondygnacj\u0119 obiektu dosta\u0107 si\u0119 mo\u017cna poprzez wind\u0119 zlokalizowan\u0105 w budynku A. Drzwi windy otwieraj\u0105 si\u0119 po naci\u015bni\u0119ciu przycisku.<\/p>\n<p>Wszystkie schody i klatki schodowe w obiekcie s\u0105 wyposa\u017cone w pochwyty, co u\u0142atwia poruszanie si\u0119 po nich.<\/p>\n<p>Opis dostosowa\u0144, na przyk\u0142ad pochylni, platform, informacji g\u0142osowych, p\u0119tlach indukcyjnych.<\/p>\n<p>Wewn\u0105trz NCK znajduje si\u0119 jedna pochylnia dla os\u00f3b z niepe\u0142nosprawno\u015bciami &#8211; opisana powy\u017cej. Ze wzgl\u0119du na p\u0142askie korytarze, bez przeszk\u00f3d, nie ma potrzeby zabudowy dodatkowych.<\/p>\n<p>Pierwszy rz\u0105d Sali teatralnej jest wyposa\u017cony w p\u0119tl\u0119 indukcyjn\u0105 dla os\u00f3b s\u0142abos\u0142ysz\u0105cych. R\u00f3wnie\u017c w pierwszym rz\u0119dzie Sali znajduj\u0105 si\u0119 fotele, kt\u00f3re w razie zg\u0142oszenia udzia\u0142u osoby z niepe\u0142nosprawno\u015bci\u0105 w wydarzeniu odbywaj\u0105cym si\u0119 w tej przestrzeni, s\u0105 \u0142atwo demontowane, i umo\u017cliwiaj\u0105 bezpieczne ustawienie kilku w\u00f3zk\u00f3w inwalidzkich.<\/p>\n<p>Informacje o miejscu i sposobie korzystania z miejsc parkingowych wyznaczonych dla os\u00f3b z niepe\u0142nosprawno\u015bciami.<\/p>\n<p>Parking NCK jest w pe\u0142ni dost\u0119pny dzi\u0119ki rozwi\u0105zaniom tj. wydzielone i oznakowane miejsca dla os\u00f3b z niepe\u0142nosprawno\u015bciami zlokalizowane najbli\u017cej Instytucji (8 miejsc), obni\u017cone kraw\u0119\u017cniki najazdowe, brak prog\u00f3w.<\/p>\n<\/section>\n<\/section>\n<section id=\"a11y-komunikacja\">\n<h3>Dost\u0119pno\u015b\u0107 komunikacyjno-informacyjna<\/h3>\n<ul>\n<li>Jak wnioskowa\u0107 o t\u0142umacza polskiego j\u0119zyka migowego: <a href=\"https:\/\/nck.krakow.pl\/regulaminy-nowohuckiego-centrum-kultury-w-krakowie\/\">https:\/\/nck.krakow.pl\/regulaminy-nowohuckiego-centrum-kultury-w-krakowie\/<\/a><\/li>\n<li>Informacja o naszej dzia\u0142alno\u015bci w j\u0119zyku migowym (PJM): brak<\/li>\n<\/ul>\n<\/section>\n<\/section>\n","protected":false},"excerpt":{"rendered":"<p>Deklaracja dost\u0119pno\u015bci Nowohuckie Centrum Kultury zobowi\u0105zuje si\u0119 zapewni\u0107 dost\u0119pno\u015b\u0107 swojej strony internetowej zgodnie z ustaw\u0105 z dnia 4 kwietnia 2019 r. o dost\u0119pno\u015bci cyfrowej stron internetowych i aplikacji mobilnych podmiot\u00f3w publicznych. Deklaracja dost\u0119pno\u015bci dotyczy strony https:\/\/nck.krakow.pl\/foto-galeria\/. Data publikacji strony internetowej: 8 stycznia 2018 r. Data ostatniej istotnej aktualizacji: 11 sierpnia 2019 r. Stan dost\u0119pno\u015bci cyfrowej [&hellip;]<\/p>\n","protected":false},"author":1,"featured_media":0,"parent":0,"menu_order":0,"comment_status":"closed","ping_status":"closed","template":"","meta":{"footnotes":""},"class_list":["post-2409","page","type-page","status-publish","hentry"],"wppr_data":{"cwp_meta_box_check":"No"},"_links":{"self":[{"href":"https:\/\/nck.krakow.pl\/foto-galeria\/wp-json\/wp\/v2\/pages\/2409"}],"collection":[{"href":"https:\/\/nck.krakow.pl\/foto-galeria\/wp-json\/wp\/v2\/pages"}],"about":[{"href":"https:\/\/nck.krakow.pl\/foto-galeria\/wp-json\/wp\/v2\/types\/page"}],"author":[{"embeddable":true,"href":"https:\/\/nck.krakow.pl\/foto-galeria\/wp-json\/wp\/v2\/users\/1"}],"replies":[{"embeddable":true,"href":"https:\/\/nck.krakow.pl\/foto-galeria\/wp-json\/wp\/v2\/comments?post=2409"}],"version-history":[{"count":7,"href":"https:\/\/nck.krakow.pl\/foto-galeria\/wp-json\/wp\/v2\/pages\/2409\/revisions"}],"predecessor-version":[{"id":2710,"href":"https:\/\/nck.krakow.pl\/foto-galeria\/wp-json\/wp\/v2\/pages\/2409\/revisions\/2710"}],"wp:attachment":[{"href":"https:\/\/nck.krakow.pl\/foto-galeria\/wp-json\/wp\/v2\/media?parent=2409"}],"curies":[{"name":"wp","href":"https:\/\/api.w.org\/{rel}","templated":true}]}}